{"id":1112,"date":"2024-04-04T14:47:23","date_gmt":"2024-04-04T12:47:23","guid":{"rendered":"https:\/\/www.aspinov.com\/index.php\/produit\/jotul-f-167\/"},"modified":"2024-04-10T14:16:53","modified_gmt":"2024-04-10T12:16:53","slug":"jotul-f-167","status":"publish","type":"product","link":"https:\/\/www.aspinov.com\/index.php\/produit\/jotul-f-167\/","title":{"rendered":"J\u00d8TUL F 167"},"content":{"rendered":"<p>[et_pb_section fb_built=\u00a0\u00bb1&Prime; _builder_version=\u00a0\u00bb4.23.4&Prime; _module_preset=\u00a0\u00bbdefault\u00a0\u00bb global_colors_info=\u00a0\u00bb{}\u00a0\u00bb][\/et_pb_section]<\/p>\n","protected":false},"excerpt":{"rendered":"<ul>\n<li class=\"product-single-spec-block-item\">Hauteur 1033 mm<\/li>\n<li class=\"product-single-spec-block-item\">Largeur 450 mm<\/li>\n<li class=\"product-single-spec-block-item\">Profondeur 447 mm<\/li>\n<li class=\"product-single-spec-block-item\">Poids 140 kg<\/li>\n<li class=\"product-single-spec-block-item\">B\u00fbches jusqu&rsquo;\u00e0 33 cm<\/li>\n<li class=\"product-single-spec-block-item\">\u00d8 sortie de conduit 150 mm<\/li>\n<li class=\"product-single-spec-block-item\">Sortie de conduit Dessus \/ Arri\u00e8re<\/li>\n<\/ul>\n<p>&nbsp;<\/p>\n<ul class=\"product-single-spec-block-list\">\n<li class=\"product-single-spec-block-item\">Puissance nominale 5.0 kW<\/li>\n<li class=\"product-single-spec-block-item\">Rendement 82 %<\/li>\n<li class=\"product-single-spec-block-item\">Capacit\u00e9 de chauffage jusqu&rsquo;\u00e0 225 m\u00b3<\/li>\n<li class=\"product-single-spec-block-item\">\u00c9mission CO \u00e0 13% de O\u2082 0.10 %<\/li>\n<li class=\"product-single-spec-block-item\">\u00c9mission de particules mesur\u00e9es \u00e0 13% de O\u2082 20 mg\/m\u00b3<\/li>\n<li class=\"product-single-spec-block-item\">\u00c9mission NOx \u00e0 13% de O\u2082 120 mg\/m\u00b3<\/li>\n<li class=\"product-single-spec-block-item\">\u00c9mission OGC \u00e0 13% de O\u2082 107 mg\/m\u00b3<\/li>\n<\/ul>\n<ul class=\"product-single-spec-block-list\">\n<li class=\"product-single-spec-block-item\">Combustion \u00e9tanche Oui<\/li>\n<li class=\"product-single-spec-block-item\">Combustion propre Oui<\/li>\n<li class=\"product-single-spec-block-item\">Prise d&rsquo;air direct Oui<\/li>\n<li class=\"product-single-spec-block-item\">Cendrier Oui<\/li>\n<\/ul>\n","protected":false},"featured_media":1150,"comment_status":"open","ping_status":"closed","template":"","meta":{"_et_pb_use_builder":"on","_et_pb_old_content":"Le po\u00eale \u00e0 bois J\u00f8tul F 167 se caract\u00e9rise par un \u00e9l\u00e9gant pi\u00e9tement piedestal, la signature J\u00f8tul r\u00e9compens\u00e9e par des prix internationaux de design. Dot\u00e9 de 3 vitres, vous profiterez pleinement de la vue des flammes m\u00eame sur les c\u00f4t\u00e9s. Ce po\u00eale peut s'agr\u00e9menter d\u2019un \u00e9l\u00e9gant dessus en pierre ollaire qui outre sa valeur esth\u00e9tique emmagasine la chaleur \u00e9mise par le po\u00eale en fonctionnement. Ce mod\u00e8le est con\u00e7u pour les int\u00e9rieurs modernes et convient parfaitement aux besoins de petites puissances. En effet, son rendement est optimal d\u00e8s 3 kW.","_et_gb_content_width":""},"product_cat":[28],"product_tag":[],"class_list":{"0":"post-1112","1":"product","2":"type-product","3":"status-publish","4":"has-post-thumbnail","6":"product_cat-poeles-jotul","8":"first","9":"instock","10":"shipping-taxable","11":"product-type-simple"},"yoast_head":"<!-- This site is optimized with the Yoast SEO plugin v23.8 - https:\/\/yoast.com\/wordpress\/plugins\/seo\/ -->\n<title>J\u00d8TUL F 167 - Aspinov<\/title>\n<meta name=\"description\" content=\"Le po\u00eale \u00e0 bois J\u00f8tul F 167 se caract\u00e9rise par un \u00e9l\u00e9gant pi\u00e9tement piedestal, la signature J\u00f8tul r\u00e9compens\u00e9e par des prix internationaux de design.\" \/>\n<meta name=\"robots\" content=\"index, follow, max-snippet:-1, max-image-preview:large, max-video-preview:-1\" \/>\n<link rel=\"canonical\" href=\"https:\/\/www.aspinov.com\/index.php\/produit\/jotul-f-167\/\" \/>\n<meta property=\"og:locale\" content=\"fr_FR\" \/>\n<meta property=\"og:type\" content=\"article\" \/>\n<meta property=\"og:title\" content=\"J\u00d8TUL F 167 - Aspinov\" \/>\n<meta property=\"og:description\" content=\"Le po\u00eale \u00e0 bois J\u00f8tul F 167 se caract\u00e9rise par un \u00e9l\u00e9gant pi\u00e9tement piedestal, la signature J\u00f8tul r\u00e9compens\u00e9e par des prix internationaux de design.\" \/>\n<meta property=\"og:url\" content=\"https:\/\/www.aspinov.com\/index.php\/produit\/jotul-f-167\/\" \/>\n<meta property=\"og:site_name\" content=\"Aspinov\" \/>\n<meta property=\"article:publisher\" content=\"https:\/\/www.facebook.com\/Aspinov01\/\" \/>\n<meta property=\"article:modified_time\" content=\"2024-04-10T12:16:53+00:00\" \/>\n<meta property=\"og:image\" content=\"https:\/\/www.aspinov.com\/wp-content\/uploads\/2024\/04\/F-167-BP-int-1-scaled.webp\" \/>\n\t<meta property=\"og:image:width\" content=\"2560\" \/>\n\t<meta property=\"og:image:height\" content=\"2172\" \/>\n\t<meta property=\"og:image:type\" content=\"image\/webp\" \/>\n<meta name=\"twitter:card\" content=\"summary_large_image\" \/>\n<meta name=\"twitter:label1\" content=\"Dur\u00e9e de lecture estim\u00e9e\" \/>\n\t<meta name=\"twitter:data1\" content=\"1 minute\" \/>\n<script type=\"application\/ld+json\" class=\"yoast-schema-graph\">{\"@context\":\"https:\/\/schema.org\",\"@graph\":[{\"@type\":\"WebPage\",\"@id\":\"https:\/\/www.aspinov.com\/index.php\/produit\/jotul-f-167\/\",\"url\":\"https:\/\/www.aspinov.com\/index.php\/produit\/jotul-f-167\/\",\"name\":\"J\u00d8TUL F 167 - Aspinov\",\"isPartOf\":{\"@id\":\"https:\/\/www.aspinov.com\/#website\"},\"primaryImageOfPage\":{\"@id\":\"https:\/\/www.aspinov.com\/index.php\/produit\/jotul-f-167\/#primaryimage\"},\"image\":{\"@id\":\"https:\/\/www.aspinov.com\/index.php\/produit\/jotul-f-167\/#primaryimage\"},\"thumbnailUrl\":\"https:\/\/www.aspinov.com\/wp-content\/uploads\/2024\/04\/F-167-BP-int-1-scaled.webp\",\"datePublished\":\"2024-04-04T12:47:23+00:00\",\"dateModified\":\"2024-04-10T12:16:53+00:00\",\"description\":\"Le po\u00eale \u00e0 bois J\u00f8tul F 167 se caract\u00e9rise par un \u00e9l\u00e9gant pi\u00e9tement piedestal, la signature J\u00f8tul r\u00e9compens\u00e9e par des prix internationaux de design.\",\"breadcrumb\":{\"@id\":\"https:\/\/www.aspinov.com\/index.php\/produit\/jotul-f-167\/#breadcrumb\"},\"inLanguage\":\"fr-FR\",\"potentialAction\":[{\"@type\":\"ReadAction\",\"target\":[\"https:\/\/www.aspinov.com\/index.php\/produit\/jotul-f-167\/\"]}]},{\"@type\":\"ImageObject\",\"inLanguage\":\"fr-FR\",\"@id\":\"https:\/\/www.aspinov.com\/index.php\/produit\/jotul-f-167\/#primaryimage\",\"url\":\"https:\/\/www.aspinov.com\/wp-content\/uploads\/2024\/04\/F-167-BP-int-1-scaled.webp\",\"contentUrl\":\"https:\/\/www.aspinov.com\/wp-content\/uploads\/2024\/04\/F-167-BP-int-1-scaled.webp\",\"width\":2560,\"height\":2172,\"caption\":\"Po\u00eales \u00e0 bois J\u00d8TUL F 167 BP int 1\"},{\"@type\":\"BreadcrumbList\",\"@id\":\"https:\/\/www.aspinov.com\/index.php\/produit\/jotul-f-167\/#breadcrumb\",\"itemListElement\":[{\"@type\":\"ListItem\",\"position\":1,\"name\":\"Accueil\",\"item\":\"https:\/\/www.aspinov.com\/\"},{\"@type\":\"ListItem\",\"position\":2,\"name\":\"Po\u00eales \u00e0 pellet NOBIS\",\"item\":\"https:\/\/www.aspinov.com\/index.php\/poeles-a-pellet-nobis\/\"},{\"@type\":\"ListItem\",\"position\":3,\"name\":\"J\u00d8TUL F 167\"}]},{\"@type\":\"WebSite\",\"@id\":\"https:\/\/www.aspinov.com\/#website\",\"url\":\"https:\/\/www.aspinov.com\/\",\"name\":\"Aspinov\",\"description\":\"\",\"publisher\":{\"@id\":\"https:\/\/www.aspinov.com\/#organization\"},\"potentialAction\":[{\"@type\":\"SearchAction\",\"target\":{\"@type\":\"EntryPoint\",\"urlTemplate\":\"https:\/\/www.aspinov.com\/?s={search_term_string}\"},\"query-input\":{\"@type\":\"PropertyValueSpecification\",\"valueRequired\":true,\"valueName\":\"search_term_string\"}}],\"inLanguage\":\"fr-FR\"},{\"@type\":\"Organization\",\"@id\":\"https:\/\/www.aspinov.com\/#organization\",\"name\":\"Aspinov\",\"url\":\"https:\/\/www.aspinov.com\/\",\"logo\":{\"@type\":\"ImageObject\",\"inLanguage\":\"fr-FR\",\"@id\":\"https:\/\/www.aspinov.com\/#\/schema\/logo\/image\/\",\"url\":\"https:\/\/www.aspinov.com\/wp-content\/uploads\/2024\/03\/cropped-LOGO-ASPINOV-_1_.webp\",\"contentUrl\":\"https:\/\/www.aspinov.com\/wp-content\/uploads\/2024\/03\/cropped-LOGO-ASPINOV-_1_.webp\",\"width\":512,\"height\":512,\"caption\":\"Aspinov\"},\"image\":{\"@id\":\"https:\/\/www.aspinov.com\/#\/schema\/logo\/image\/\"},\"sameAs\":[\"https:\/\/www.facebook.com\/Aspinov01\/\"]}]}<\/script>\n<!-- \/ Yoast SEO plugin. -->","yoast_head_json":{"title":"J\u00d8TUL F 167 - Aspinov","description":"Le po\u00eale \u00e0 bois J\u00f8tul F 167 se caract\u00e9rise par un \u00e9l\u00e9gant pi\u00e9tement piedestal, la signature J\u00f8tul r\u00e9compens\u00e9e par des prix internationaux de design.","robots":{"index":"index","follow":"follow","max-snippet":"max-snippet:-1","max-image-preview":"max-image-preview:large","max-video-preview":"max-video-preview:-1"},"canonical":"https:\/\/www.aspinov.com\/index.php\/produit\/jotul-f-167\/","og_locale":"fr_FR","og_type":"article","og_title":"J\u00d8TUL F 167 - Aspinov","og_description":"Le po\u00eale \u00e0 bois J\u00f8tul F 167 se caract\u00e9rise par un \u00e9l\u00e9gant pi\u00e9tement piedestal, la signature J\u00f8tul r\u00e9compens\u00e9e par des prix internationaux de design.","og_url":"https:\/\/www.aspinov.com\/index.php\/produit\/jotul-f-167\/","og_site_name":"Aspinov","article_publisher":"https:\/\/www.facebook.com\/Aspinov01\/","article_modified_time":"2024-04-10T12:16:53+00:00","og_image":[{"width":2560,"height":2172,"url":"https:\/\/www.aspinov.com\/wp-content\/uploads\/2024\/04\/F-167-BP-int-1-scaled.webp","type":"image\/webp"}],"twitter_card":"summary_large_image","twitter_misc":{"Dur\u00e9e de lecture estim\u00e9e":"1 minute"},"schema":{"@context":"https:\/\/schema.org","@graph":[{"@type":"WebPage","@id":"https:\/\/www.aspinov.com\/index.php\/produit\/jotul-f-167\/","url":"https:\/\/www.aspinov.com\/index.php\/produit\/jotul-f-167\/","name":"J\u00d8TUL F 167 - Aspinov","isPartOf":{"@id":"https:\/\/www.aspinov.com\/#website"},"primaryImageOfPage":{"@id":"https:\/\/www.aspinov.com\/index.php\/produit\/jotul-f-167\/#primaryimage"},"image":{"@id":"https:\/\/www.aspinov.com\/index.php\/produit\/jotul-f-167\/#primaryimage"},"thumbnailUrl":"https:\/\/www.aspinov.com\/wp-content\/uploads\/2024\/04\/F-167-BP-int-1-scaled.webp","datePublished":"2024-04-04T12:47:23+00:00","dateModified":"2024-04-10T12:16:53+00:00","description":"Le po\u00eale \u00e0 bois J\u00f8tul F 167 se caract\u00e9rise par un \u00e9l\u00e9gant pi\u00e9tement piedestal, la signature J\u00f8tul r\u00e9compens\u00e9e par des prix internationaux de design.","breadcrumb":{"@id":"https:\/\/www.aspinov.com\/index.php\/produit\/jotul-f-167\/#breadcrumb"},"inLanguage":"fr-FR","potentialAction":[{"@type":"ReadAction","target":["https:\/\/www.aspinov.com\/index.php\/produit\/jotul-f-167\/"]}]},{"@type":"ImageObject","inLanguage":"fr-FR","@id":"https:\/\/www.aspinov.com\/index.php\/produit\/jotul-f-167\/#primaryimage","url":"https:\/\/www.aspinov.com\/wp-content\/uploads\/2024\/04\/F-167-BP-int-1-scaled.webp","contentUrl":"https:\/\/www.aspinov.com\/wp-content\/uploads\/2024\/04\/F-167-BP-int-1-scaled.webp","width":2560,"height":2172,"caption":"Po\u00eales \u00e0 bois J\u00d8TUL F 167 BP int 1"},{"@type":"BreadcrumbList","@id":"https:\/\/www.aspinov.com\/index.php\/produit\/jotul-f-167\/#breadcrumb","itemListElement":[{"@type":"ListItem","position":1,"name":"Accueil","item":"https:\/\/www.aspinov.com\/"},{"@type":"ListItem","position":2,"name":"Po\u00eales \u00e0 pellet NOBIS","item":"https:\/\/www.aspinov.com\/index.php\/poeles-a-pellet-nobis\/"},{"@type":"ListItem","position":3,"name":"J\u00d8TUL F 167"}]},{"@type":"WebSite","@id":"https:\/\/www.aspinov.com\/#website","url":"https:\/\/www.aspinov.com\/","name":"Aspinov","description":"","publisher":{"@id":"https:\/\/www.aspinov.com\/#organization"},"potentialAction":[{"@type":"SearchAction","target":{"@type":"EntryPoint","urlTemplate":"https:\/\/www.aspinov.com\/?s={search_term_string}"},"query-input":{"@type":"PropertyValueSpecification","valueRequired":true,"valueName":"search_term_string"}}],"inLanguage":"fr-FR"},{"@type":"Organization","@id":"https:\/\/www.aspinov.com\/#organization","name":"Aspinov","url":"https:\/\/www.aspinov.com\/","logo":{"@type":"ImageObject","inLanguage":"fr-FR","@id":"https:\/\/www.aspinov.com\/#\/schema\/logo\/image\/","url":"https:\/\/www.aspinov.com\/wp-content\/uploads\/2024\/03\/cropped-LOGO-ASPINOV-_1_.webp","contentUrl":"https:\/\/www.aspinov.com\/wp-content\/uploads\/2024\/03\/cropped-LOGO-ASPINOV-_1_.webp","width":512,"height":512,"caption":"Aspinov"},"image":{"@id":"https:\/\/www.aspinov.com\/#\/schema\/logo\/image\/"},"sameAs":["https:\/\/www.facebook.com\/Aspinov01\/"]}]}},"jetpack_sharing_enabled":true,"_links":{"self":[{"href":"https:\/\/www.aspinov.com\/index.php\/wp-json\/wp\/v2\/product\/1112","targetHints":{"allow":["GET"]}}],"collection":[{"href":"https:\/\/www.aspinov.com\/index.php\/wp-json\/wp\/v2\/product"}],"about":[{"href":"https:\/\/www.aspinov.com\/index.php\/wp-json\/wp\/v2\/types\/product"}],"replies":[{"embeddable":true,"href":"https:\/\/www.aspinov.com\/index.php\/wp-json\/wp\/v2\/comments?post=1112"}],"wp:featuredmedia":[{"embeddable":true,"href":"https:\/\/www.aspinov.com\/index.php\/wp-json\/wp\/v2\/media\/1150"}],"wp:attachment":[{"href":"https:\/\/www.aspinov.com\/index.php\/wp-json\/wp\/v2\/media?parent=1112"}],"wp:term":[{"taxonomy":"product_cat","embeddable":true,"href":"https:\/\/www.aspinov.com\/index.php\/wp-json\/wp\/v2\/product_cat?post=1112"},{"taxonomy":"product_tag","embeddable":true,"href":"https:\/\/www.aspinov.com\/index.php\/wp-json\/wp\/v2\/product_tag?post=1112"}],"curies":[{"name":"wp","href":"https:\/\/api.w.org\/{rel}","templated":true}]}}