{"id":1119,"date":"2024-04-04T14:47:25","date_gmt":"2024-04-04T12:47:25","guid":{"rendered":"https:\/\/www.aspinov.com\/index.php\/produit\/jotul-f-371-advance-high-top\/"},"modified":"2024-04-05T12:02:14","modified_gmt":"2024-04-05T10:02:14","slug":"jotul-f-371-advance-high-top","status":"publish","type":"product","link":"https:\/\/www.aspinov.com\/index.php\/produit\/jotul-f-371-advance-high-top\/","title":{"rendered":"J\u00d8TUL F 371 ADVANCE HIGH TOP"},"content":{"rendered":"<p>[et_pb_section fb_built=\u00a0\u00bb1&Prime; theme_builder_area=\u00a0\u00bbpost_content\u00a0\u00bb _builder_version=\u00a0\u00bb4.23.4&Prime; _module_preset=\u00a0\u00bbdefault\u00a0\u00bb][\/et_pb_section]<\/p>\n","protected":false},"excerpt":{"rendered":"<ul>\n<li class=\"product-single-spec-block-item\">Hauteur 1534 mm<\/li>\n<li class=\"product-single-spec-block-item\">Largeur 443 mm<\/li>\n<li class=\"product-single-spec-block-item\">Profondeur 453 mm<\/li>\n<li class=\"product-single-spec-block-item\">Poids 193 kg<\/li>\n<li class=\"product-single-spec-block-item\">B\u00fbches jusqu&rsquo;\u00e0 33 cm<\/li>\n<li class=\"product-single-spec-block-item\">\u00d8 sortie de conduit 150 mm<\/li>\n<li class=\"product-single-spec-block-item\">Sortie de conduit Dessus \/ Arri\u00e8re<\/li>\n<\/ul>\n<p>&nbsp;<\/p>\n<ul class=\"product-single-spec-block-list\">\n<li class=\"product-single-spec-block-item\">Puissance nominale 6.0 kW<\/li>\n<li class=\"product-single-spec-block-item\">Rendement 78 %<\/li>\n<li class=\"product-single-spec-block-item\">Capacit\u00e9 de chauffage jusqu&rsquo;\u00e0 250 m\u00b3<\/li>\n<li class=\"product-single-spec-block-item\">\u00c9mission CO \u00e0 13% de O\u2082 0.06 %<\/li>\n<li class=\"product-single-spec-block-item\">\u00c9mission de particules mesur\u00e9es \u00e0 13% de O\u2082 4 mg\/m\u00b3<\/li>\n<li class=\"product-single-spec-block-item\">\u00c9mission NOx \u00e0 13% de O\u2082 93 mg\/m\u00b3<\/li>\n<li class=\"product-single-spec-block-item\">\u00c9mission OGC \u00e0 13% de O\u2082 45 mg\/m\u00b3<\/li>\n<\/ul>\n<ul class=\"product-single-spec-block-list\">\n<li class=\"product-single-spec-block-item\">Combustion \u00e9tanche Oui<\/li>\n<li class=\"product-single-spec-block-item\">Combustion propre Oui<\/li>\n<li class=\"product-single-spec-block-item\">Prise d&rsquo;air direct Oui<\/li>\n<li class=\"product-single-spec-block-item\">Cendrier Oui<\/li>\n<\/ul>\n","protected":false},"featured_media":1163,"comment_status":"open","ping_status":"closed","template":"","meta":{"_et_pb_use_builder":"on","_et_pb_old_content":"Ce mod\u00e8le est la version allong\u00e9e du J\u00d8TUL F 371 V2 Advance, qui outre son design \u00e9lanc\u00e9, vous permet d\u2019\u00e9quiper la rehausse d\u2019un kit d\u2019accumulation de chaleur en option. Les pierres de ce dernier retiennent la chaleur \u00e9mise pour la diffuser lentement dans votre int\u00e9rieur, jusqu\u2019\u00e0 12 heures durant. Ma\u00eetrisez l\u2019allumage et la flamb\u00e9e de votre po\u00eale en toute simplicit\u00e9 gr\u00e2ce sa commande unique. Profitez de la base de rangement pour ranger tout le mat\u00e9riel n\u00e9cessaire \u00e0 sa mise en route : b\u00fbches de 33 cm, bois d\u2019allumage et allume-feux. Profitez \u00e9galement du confort de son nouveau syst\u00e8me de porte magn\u00e9tique permettant de la fermer d\u2019une simple impulsion et de charger vos b\u00fbches sans la tenir. La combustion est optimis\u00e9e gr\u00e2ce au syst\u00e8me de double combustion propre : les gaz et \u00e9missions de particules sont br\u00fbl\u00e9s avant qu\u2019ils n\u2019entrent dans le conduit. Un po\u00eale \u00e9cologique et \u00e9conomique donc, car il n\u00e9cessite moins de b\u00fbches. Des flammes ma\u00eetris\u00e9es et visibles \u00e0 180\u00b0 gr\u00e2ce aux vitres lat\u00e9rales de ce po\u00eale tout en rondeur, au design soign\u00e9 et \u00e9l\u00e9gant.","_et_gb_content_width":""},"product_cat":[28],"product_tag":[],"class_list":{"0":"post-1119","1":"product","2":"type-product","3":"status-publish","4":"has-post-thumbnail","6":"product_cat-poeles-jotul","8":"first","9":"instock","10":"shipping-taxable","11":"product-type-simple"},"yoast_head":"<!-- This site is optimized with the Yoast SEO plugin v23.8 - https:\/\/yoast.com\/wordpress\/plugins\/seo\/ -->\n<title>J\u00d8TUL F 371 ADVANCE HIGH TOP - Aspinov<\/title>\n<meta name=\"description\" content=\"Ce mod\u00e8le HIGH TOP est la version allong\u00e9e du J\u00d8TUL F 371 V2 Advance, qui outre son design \u00e9lanc\u00e9, vous permet d\u2019\u00e9quiper la rehausse en option.\" \/>\n<meta name=\"robots\" content=\"index, follow, max-snippet:-1, max-image-preview:large, max-video-preview:-1\" \/>\n<link rel=\"canonical\" href=\"https:\/\/www.aspinov.com\/index.php\/produit\/jotul-f-371-advance-high-top\/\" \/>\n<meta property=\"og:locale\" content=\"fr_FR\" \/>\n<meta property=\"og:type\" content=\"article\" \/>\n<meta property=\"og:title\" content=\"J\u00d8TUL F 371 ADVANCE HIGH TOP - Aspinov\" \/>\n<meta property=\"og:description\" content=\"Ce mod\u00e8le HIGH TOP est la version allong\u00e9e du J\u00d8TUL F 371 V2 Advance, qui outre son design \u00e9lanc\u00e9, vous permet d\u2019\u00e9quiper la rehausse en option.\" \/>\n<meta property=\"og:url\" content=\"https:\/\/www.aspinov.com\/index.php\/produit\/jotul-f-371-advance-high-top\/\" \/>\n<meta property=\"og:site_name\" content=\"Aspinov\" \/>\n<meta property=\"article:publisher\" content=\"https:\/\/www.facebook.com\/Aspinov01\/\" \/>\n<meta property=\"article:modified_time\" content=\"2024-04-05T10:02:14+00:00\" \/>\n<meta property=\"og:image\" content=\"https:\/\/www.aspinov.com\/wp-content\/uploads\/2024\/04\/F-371-Advance-HT-BP-int-1-scaled.webp\" \/>\n\t<meta property=\"og:image:width\" content=\"2560\" \/>\n\t<meta property=\"og:image:height\" content=\"1704\" \/>\n\t<meta property=\"og:image:type\" content=\"image\/webp\" \/>\n<meta name=\"twitter:card\" content=\"summary_large_image\" \/>\n<meta name=\"twitter:label1\" content=\"Dur\u00e9e de lecture estim\u00e9e\" \/>\n\t<meta name=\"twitter:data1\" content=\"1 minute\" \/>\n<script type=\"application\/ld+json\" class=\"yoast-schema-graph\">{\"@context\":\"https:\/\/schema.org\",\"@graph\":[{\"@type\":\"WebPage\",\"@id\":\"https:\/\/www.aspinov.com\/index.php\/produit\/jotul-f-371-advance-high-top\/\",\"url\":\"https:\/\/www.aspinov.com\/index.php\/produit\/jotul-f-371-advance-high-top\/\",\"name\":\"J\u00d8TUL F 371 ADVANCE HIGH TOP - Aspinov\",\"isPartOf\":{\"@id\":\"https:\/\/www.aspinov.com\/#website\"},\"primaryImageOfPage\":{\"@id\":\"https:\/\/www.aspinov.com\/index.php\/produit\/jotul-f-371-advance-high-top\/#primaryimage\"},\"image\":{\"@id\":\"https:\/\/www.aspinov.com\/index.php\/produit\/jotul-f-371-advance-high-top\/#primaryimage\"},\"thumbnailUrl\":\"https:\/\/www.aspinov.com\/wp-content\/uploads\/2024\/04\/F-371-Advance-HT-BP-int-1-scaled.webp\",\"datePublished\":\"2024-04-04T12:47:25+00:00\",\"dateModified\":\"2024-04-05T10:02:14+00:00\",\"description\":\"Ce mod\u00e8le HIGH TOP est la version allong\u00e9e du J\u00d8TUL F 371 V2 Advance, qui outre son design \u00e9lanc\u00e9, vous permet d\u2019\u00e9quiper la rehausse en option.\",\"breadcrumb\":{\"@id\":\"https:\/\/www.aspinov.com\/index.php\/produit\/jotul-f-371-advance-high-top\/#breadcrumb\"},\"inLanguage\":\"fr-FR\",\"potentialAction\":[{\"@type\":\"ReadAction\",\"target\":[\"https:\/\/www.aspinov.com\/index.php\/produit\/jotul-f-371-advance-high-top\/\"]}]},{\"@type\":\"ImageObject\",\"inLanguage\":\"fr-FR\",\"@id\":\"https:\/\/www.aspinov.com\/index.php\/produit\/jotul-f-371-advance-high-top\/#primaryimage\",\"url\":\"https:\/\/www.aspinov.com\/wp-content\/uploads\/2024\/04\/F-371-Advance-HT-BP-int-1-scaled.webp\",\"contentUrl\":\"https:\/\/www.aspinov.com\/wp-content\/uploads\/2024\/04\/F-371-Advance-HT-BP-int-1-scaled.webp\",\"width\":2560,\"height\":1704,\"caption\":\"Po\u00eales \u00e0 bois J\u00d8TUL F 371 Advance HT BP int 1\"},{\"@type\":\"BreadcrumbList\",\"@id\":\"https:\/\/www.aspinov.com\/index.php\/produit\/jotul-f-371-advance-high-top\/#breadcrumb\",\"itemListElement\":[{\"@type\":\"ListItem\",\"position\":1,\"name\":\"Accueil\",\"item\":\"https:\/\/www.aspinov.com\/\"},{\"@type\":\"ListItem\",\"position\":2,\"name\":\"Po\u00eales \u00e0 pellet NOBIS\",\"item\":\"https:\/\/www.aspinov.com\/index.php\/poeles-a-pellet-nobis\/\"},{\"@type\":\"ListItem\",\"position\":3,\"name\":\"J\u00d8TUL F 371 ADVANCE HIGH TOP\"}]},{\"@type\":\"WebSite\",\"@id\":\"https:\/\/www.aspinov.com\/#website\",\"url\":\"https:\/\/www.aspinov.com\/\",\"name\":\"Aspinov\",\"description\":\"\",\"publisher\":{\"@id\":\"https:\/\/www.aspinov.com\/#organization\"},\"potentialAction\":[{\"@type\":\"SearchAction\",\"target\":{\"@type\":\"EntryPoint\",\"urlTemplate\":\"https:\/\/www.aspinov.com\/?s={search_term_string}\"},\"query-input\":{\"@type\":\"PropertyValueSpecification\",\"valueRequired\":true,\"valueName\":\"search_term_string\"}}],\"inLanguage\":\"fr-FR\"},{\"@type\":\"Organization\",\"@id\":\"https:\/\/www.aspinov.com\/#organization\",\"name\":\"Aspinov\",\"url\":\"https:\/\/www.aspinov.com\/\",\"logo\":{\"@type\":\"ImageObject\",\"inLanguage\":\"fr-FR\",\"@id\":\"https:\/\/www.aspinov.com\/#\/schema\/logo\/image\/\",\"url\":\"https:\/\/www.aspinov.com\/wp-content\/uploads\/2024\/03\/cropped-LOGO-ASPINOV-_1_.webp\",\"contentUrl\":\"https:\/\/www.aspinov.com\/wp-content\/uploads\/2024\/03\/cropped-LOGO-ASPINOV-_1_.webp\",\"width\":512,\"height\":512,\"caption\":\"Aspinov\"},\"image\":{\"@id\":\"https:\/\/www.aspinov.com\/#\/schema\/logo\/image\/\"},\"sameAs\":[\"https:\/\/www.facebook.com\/Aspinov01\/\"]}]}<\/script>\n<!-- \/ Yoast SEO plugin. -->","yoast_head_json":{"title":"J\u00d8TUL F 371 ADVANCE HIGH TOP - Aspinov","description":"Ce mod\u00e8le HIGH TOP est la version allong\u00e9e du J\u00d8TUL F 371 V2 Advance, qui outre son design \u00e9lanc\u00e9, vous permet d\u2019\u00e9quiper la rehausse en option.","robots":{"index":"index","follow":"follow","max-snippet":"max-snippet:-1","max-image-preview":"max-image-preview:large","max-video-preview":"max-video-preview:-1"},"canonical":"https:\/\/www.aspinov.com\/index.php\/produit\/jotul-f-371-advance-high-top\/","og_locale":"fr_FR","og_type":"article","og_title":"J\u00d8TUL F 371 ADVANCE HIGH TOP - Aspinov","og_description":"Ce mod\u00e8le HIGH TOP est la version allong\u00e9e du J\u00d8TUL F 371 V2 Advance, qui outre son design \u00e9lanc\u00e9, vous permet d\u2019\u00e9quiper la rehausse en option.","og_url":"https:\/\/www.aspinov.com\/index.php\/produit\/jotul-f-371-advance-high-top\/","og_site_name":"Aspinov","article_publisher":"https:\/\/www.facebook.com\/Aspinov01\/","article_modified_time":"2024-04-05T10:02:14+00:00","og_image":[{"width":2560,"height":1704,"url":"https:\/\/www.aspinov.com\/wp-content\/uploads\/2024\/04\/F-371-Advance-HT-BP-int-1-scaled.webp","type":"image\/webp"}],"twitter_card":"summary_large_image","twitter_misc":{"Dur\u00e9e de lecture estim\u00e9e":"1 minute"},"schema":{"@context":"https:\/\/schema.org","@graph":[{"@type":"WebPage","@id":"https:\/\/www.aspinov.com\/index.php\/produit\/jotul-f-371-advance-high-top\/","url":"https:\/\/www.aspinov.com\/index.php\/produit\/jotul-f-371-advance-high-top\/","name":"J\u00d8TUL F 371 ADVANCE HIGH TOP - Aspinov","isPartOf":{"@id":"https:\/\/www.aspinov.com\/#website"},"primaryImageOfPage":{"@id":"https:\/\/www.aspinov.com\/index.php\/produit\/jotul-f-371-advance-high-top\/#primaryimage"},"image":{"@id":"https:\/\/www.aspinov.com\/index.php\/produit\/jotul-f-371-advance-high-top\/#primaryimage"},"thumbnailUrl":"https:\/\/www.aspinov.com\/wp-content\/uploads\/2024\/04\/F-371-Advance-HT-BP-int-1-scaled.webp","datePublished":"2024-04-04T12:47:25+00:00","dateModified":"2024-04-05T10:02:14+00:00","description":"Ce mod\u00e8le HIGH TOP est la version allong\u00e9e du J\u00d8TUL F 371 V2 Advance, qui outre son design \u00e9lanc\u00e9, vous permet d\u2019\u00e9quiper la rehausse en option.","breadcrumb":{"@id":"https:\/\/www.aspinov.com\/index.php\/produit\/jotul-f-371-advance-high-top\/#breadcrumb"},"inLanguage":"fr-FR","potentialAction":[{"@type":"ReadAction","target":["https:\/\/www.aspinov.com\/index.php\/produit\/jotul-f-371-advance-high-top\/"]}]},{"@type":"ImageObject","inLanguage":"fr-FR","@id":"https:\/\/www.aspinov.com\/index.php\/produit\/jotul-f-371-advance-high-top\/#primaryimage","url":"https:\/\/www.aspinov.com\/wp-content\/uploads\/2024\/04\/F-371-Advance-HT-BP-int-1-scaled.webp","contentUrl":"https:\/\/www.aspinov.com\/wp-content\/uploads\/2024\/04\/F-371-Advance-HT-BP-int-1-scaled.webp","width":2560,"height":1704,"caption":"Po\u00eales \u00e0 bois J\u00d8TUL F 371 Advance HT BP int 1"},{"@type":"BreadcrumbList","@id":"https:\/\/www.aspinov.com\/index.php\/produit\/jotul-f-371-advance-high-top\/#breadcrumb","itemListElement":[{"@type":"ListItem","position":1,"name":"Accueil","item":"https:\/\/www.aspinov.com\/"},{"@type":"ListItem","position":2,"name":"Po\u00eales \u00e0 pellet NOBIS","item":"https:\/\/www.aspinov.com\/index.php\/poeles-a-pellet-nobis\/"},{"@type":"ListItem","position":3,"name":"J\u00d8TUL F 371 ADVANCE HIGH TOP"}]},{"@type":"WebSite","@id":"https:\/\/www.aspinov.com\/#website","url":"https:\/\/www.aspinov.com\/","name":"Aspinov","description":"","publisher":{"@id":"https:\/\/www.aspinov.com\/#organization"},"potentialAction":[{"@type":"SearchAction","target":{"@type":"EntryPoint","urlTemplate":"https:\/\/www.aspinov.com\/?s={search_term_string}"},"query-input":{"@type":"PropertyValueSpecification","valueRequired":true,"valueName":"search_term_string"}}],"inLanguage":"fr-FR"},{"@type":"Organization","@id":"https:\/\/www.aspinov.com\/#organization","name":"Aspinov","url":"https:\/\/www.aspinov.com\/","logo":{"@type":"ImageObject","inLanguage":"fr-FR","@id":"https:\/\/www.aspinov.com\/#\/schema\/logo\/image\/","url":"https:\/\/www.aspinov.com\/wp-content\/uploads\/2024\/03\/cropped-LOGO-ASPINOV-_1_.webp","contentUrl":"https:\/\/www.aspinov.com\/wp-content\/uploads\/2024\/03\/cropped-LOGO-ASPINOV-_1_.webp","width":512,"height":512,"caption":"Aspinov"},"image":{"@id":"https:\/\/www.aspinov.com\/#\/schema\/logo\/image\/"},"sameAs":["https:\/\/www.facebook.com\/Aspinov01\/"]}]}},"jetpack_sharing_enabled":true,"_links":{"self":[{"href":"https:\/\/www.aspinov.com\/index.php\/wp-json\/wp\/v2\/product\/1119","targetHints":{"allow":["GET"]}}],"collection":[{"href":"https:\/\/www.aspinov.com\/index.php\/wp-json\/wp\/v2\/product"}],"about":[{"href":"https:\/\/www.aspinov.com\/index.php\/wp-json\/wp\/v2\/types\/product"}],"replies":[{"embeddable":true,"href":"https:\/\/www.aspinov.com\/index.php\/wp-json\/wp\/v2\/comments?post=1119"}],"wp:featuredmedia":[{"embeddable":true,"href":"https:\/\/www.aspinov.com\/index.php\/wp-json\/wp\/v2\/media\/1163"}],"wp:attachment":[{"href":"https:\/\/www.aspinov.com\/index.php\/wp-json\/wp\/v2\/media?parent=1119"}],"wp:term":[{"taxonomy":"product_cat","embeddable":true,"href":"https:\/\/www.aspinov.com\/index.php\/wp-json\/wp\/v2\/product_cat?post=1119"},{"taxonomy":"product_tag","embeddable":true,"href":"https:\/\/www.aspinov.com\/index.php\/wp-json\/wp\/v2\/product_tag?post=1119"}],"curies":[{"name":"wp","href":"https:\/\/api.w.org\/{rel}","templated":true}]}}