{"id":1124,"date":"2024-04-04T14:47:27","date_gmt":"2024-04-04T12:47:27","guid":{"rendered":"https:\/\/www.aspinov.com\/index.php\/produit\/jotul-f-137\/"},"modified":"2024-04-10T14:41:05","modified_gmt":"2024-04-10T12:41:05","slug":"jotul-f-137","status":"publish","type":"product","link":"https:\/\/www.aspinov.com\/index.php\/produit\/jotul-f-137\/","title":{"rendered":"J\u00d8TUL F 137"},"content":{"rendered":"<p>[et_pb_section fb_built=\u00a0\u00bb1&Prime; _builder_version=\u00a0\u00bb4.23.4&Prime; _module_preset=\u00a0\u00bbdefault\u00a0\u00bb global_colors_info=\u00a0\u00bb{}\u00a0\u00bb][\/et_pb_section]<\/p>\n","protected":false},"excerpt":{"rendered":"<ul>\n<li class=\"product-single-spec-block-item\">Hauteur 1098 mm<\/li>\n<li class=\"product-single-spec-block-item\">Largeur 410 mm<\/li>\n<li class=\"product-single-spec-block-item\">Profondeur 396 mm<\/li>\n<li class=\"product-single-spec-block-item\">Poids 120 kg<\/li>\n<li class=\"product-single-spec-block-item\">B\u00fbches jusqu&rsquo;\u00e0 25 cm<\/li>\n<li class=\"product-single-spec-block-item\">\u00d8 sortie de conduit 150 mm<\/li>\n<li class=\"product-single-spec-block-item\">Sortie de conduit Dessus \/ Arri\u00e8re<\/li>\n<\/ul>\n<p>&nbsp;<\/p>\n<ul class=\"product-single-spec-block-list\">\n<li class=\"product-single-spec-block-item\">Puissance nominale 4.7 kW<\/li>\n<li class=\"product-single-spec-block-item\">Rendement 83 %<\/li>\n<li class=\"product-single-spec-block-item\">Capacit\u00e9 de chauffage jusqu&rsquo;\u00e0 200 m\u00b3<\/li>\n<li class=\"product-single-spec-block-item\">\u00c9mission CO \u00e0 13% de O\u2082 0.09 %<\/li>\n<li class=\"product-single-spec-block-item\">\u00c9mission de particules mesur\u00e9es \u00e0 13% de O\u2082 5 mg\/m\u00b3<\/li>\n<li class=\"product-single-spec-block-item\">\u00c9mission NOx \u00e0 13% de O\u2082 148 mg\/m\u00b3<\/li>\n<li class=\"product-single-spec-block-item\">\u00c9mission OGC \u00e0 13% de O\u2082 79 mg\/m\u00b3<\/li>\n<\/ul>\n<ul class=\"product-single-spec-block-list\">\n<li class=\"product-single-spec-block-item\">Combustion \u00e9tanche Oui<\/li>\n<li class=\"product-single-spec-block-item\">Combustion propre Oui<\/li>\n<li class=\"product-single-spec-block-item\">Prise d&rsquo;air direct Oui<\/li>\n<li class=\"product-single-spec-block-item\">Cendrier Oui<\/li>\n<\/ul>\n","protected":false},"featured_media":1410,"comment_status":"open","ping_status":"closed","template":"","meta":{"_et_pb_use_builder":"on","_et_pb_old_content":"Le J\u00f8tul F 137 est un po\u00eale \u00e0 bois compact, avec un rendement optimis\u00e9 m\u00eame \u00e0 faible puissance. Sign\u00e9 par l\u2019agence de design prim\u00e9e Hareide Design, ce mod\u00e8le vous s\u00e9duira par son esth\u00e9tique pure et subtile. Sa chambre de combustion \u00e9quip\u00e9e de trois vitres vous offrira une vue imprenable sur les flammes.","_et_gb_content_width":""},"product_cat":[28],"product_tag":[],"class_list":{"0":"post-1124","1":"product","2":"type-product","3":"status-publish","4":"has-post-thumbnail","6":"product_cat-poeles-jotul","8":"first","9":"instock","10":"shipping-taxable","11":"product-type-simple"},"yoast_head":"<!-- This site is optimized with the Yoast SEO plugin v23.8 - https:\/\/yoast.com\/wordpress\/plugins\/seo\/ -->\n<title>J\u00d8TUL F 137 - Aspinov<\/title>\n<meta name=\"description\" content=\"Le J\u00f8tul F 137 est un po\u00eale \u00e0 bois compact, avec un rendement optimis\u00e9 m\u00eame \u00e0 faible puissance. Sign\u00e9 par l\u2019agence de design prim\u00e9e Hareide Design.\" \/>\n<meta name=\"robots\" content=\"index, follow, max-snippet:-1, max-image-preview:large, max-video-preview:-1\" \/>\n<link rel=\"canonical\" href=\"https:\/\/www.aspinov.com\/index.php\/produit\/jotul-f-137\/\" \/>\n<meta property=\"og:locale\" content=\"fr_FR\" \/>\n<meta property=\"og:type\" content=\"article\" \/>\n<meta property=\"og:title\" content=\"J\u00d8TUL F 137 - Aspinov\" \/>\n<meta property=\"og:description\" content=\"Le J\u00f8tul F 137 est un po\u00eale \u00e0 bois compact, avec un rendement optimis\u00e9 m\u00eame \u00e0 faible puissance. Sign\u00e9 par l\u2019agence de design prim\u00e9e Hareide Design.\" \/>\n<meta property=\"og:url\" content=\"https:\/\/www.aspinov.com\/index.php\/produit\/jotul-f-137\/\" \/>\n<meta property=\"og:site_name\" content=\"Aspinov\" \/>\n<meta property=\"article:publisher\" content=\"https:\/\/www.facebook.com\/Aspinov01\/\" \/>\n<meta property=\"article:modified_time\" content=\"2024-04-10T12:41:05+00:00\" \/>\n<meta property=\"og:image\" content=\"https:\/\/www.aspinov.com\/wp-content\/uploads\/2024\/04\/F-137-BP-int-1_edited.webp\" \/>\n\t<meta property=\"og:image:width\" content=\"1643\" \/>\n\t<meta property=\"og:image:height\" content=\"1444\" \/>\n\t<meta property=\"og:image:type\" content=\"image\/webp\" \/>\n<meta name=\"twitter:card\" content=\"summary_large_image\" \/>\n<meta name=\"twitter:label1\" content=\"Dur\u00e9e de lecture estim\u00e9e\" \/>\n\t<meta name=\"twitter:data1\" content=\"1 minute\" \/>\n<script type=\"application\/ld+json\" class=\"yoast-schema-graph\">{\"@context\":\"https:\/\/schema.org\",\"@graph\":[{\"@type\":\"WebPage\",\"@id\":\"https:\/\/www.aspinov.com\/index.php\/produit\/jotul-f-137\/\",\"url\":\"https:\/\/www.aspinov.com\/index.php\/produit\/jotul-f-137\/\",\"name\":\"J\u00d8TUL F 137 - Aspinov\",\"isPartOf\":{\"@id\":\"https:\/\/www.aspinov.com\/#website\"},\"primaryImageOfPage\":{\"@id\":\"https:\/\/www.aspinov.com\/index.php\/produit\/jotul-f-137\/#primaryimage\"},\"image\":{\"@id\":\"https:\/\/www.aspinov.com\/index.php\/produit\/jotul-f-137\/#primaryimage\"},\"thumbnailUrl\":\"https:\/\/www.aspinov.com\/wp-content\/uploads\/2024\/04\/F-137-BP-int-1_edited.webp\",\"datePublished\":\"2024-04-04T12:47:27+00:00\",\"dateModified\":\"2024-04-10T12:41:05+00:00\",\"description\":\"Le J\u00f8tul F 137 est un po\u00eale \u00e0 bois compact, avec un rendement optimis\u00e9 m\u00eame \u00e0 faible puissance. Sign\u00e9 par l\u2019agence de design prim\u00e9e Hareide Design.\",\"breadcrumb\":{\"@id\":\"https:\/\/www.aspinov.com\/index.php\/produit\/jotul-f-137\/#breadcrumb\"},\"inLanguage\":\"fr-FR\",\"potentialAction\":[{\"@type\":\"ReadAction\",\"target\":[\"https:\/\/www.aspinov.com\/index.php\/produit\/jotul-f-137\/\"]}]},{\"@type\":\"ImageObject\",\"inLanguage\":\"fr-FR\",\"@id\":\"https:\/\/www.aspinov.com\/index.php\/produit\/jotul-f-137\/#primaryimage\",\"url\":\"https:\/\/www.aspinov.com\/wp-content\/uploads\/2024\/04\/F-137-BP-int-1_edited.webp\",\"contentUrl\":\"https:\/\/www.aspinov.com\/wp-content\/uploads\/2024\/04\/F-137-BP-int-1_edited.webp\",\"width\":1643,\"height\":1444,\"caption\":\"Po\u00eales \u00e0 bois J\u00d8TUL F 137 BP int 1_edited\"},{\"@type\":\"BreadcrumbList\",\"@id\":\"https:\/\/www.aspinov.com\/index.php\/produit\/jotul-f-137\/#breadcrumb\",\"itemListElement\":[{\"@type\":\"ListItem\",\"position\":1,\"name\":\"Accueil\",\"item\":\"https:\/\/www.aspinov.com\/\"},{\"@type\":\"ListItem\",\"position\":2,\"name\":\"Po\u00eales \u00e0 pellet NOBIS\",\"item\":\"https:\/\/www.aspinov.com\/index.php\/poeles-a-pellet-nobis\/\"},{\"@type\":\"ListItem\",\"position\":3,\"name\":\"J\u00d8TUL F 137\"}]},{\"@type\":\"WebSite\",\"@id\":\"https:\/\/www.aspinov.com\/#website\",\"url\":\"https:\/\/www.aspinov.com\/\",\"name\":\"Aspinov\",\"description\":\"\",\"publisher\":{\"@id\":\"https:\/\/www.aspinov.com\/#organization\"},\"potentialAction\":[{\"@type\":\"SearchAction\",\"target\":{\"@type\":\"EntryPoint\",\"urlTemplate\":\"https:\/\/www.aspinov.com\/?s={search_term_string}\"},\"query-input\":{\"@type\":\"PropertyValueSpecification\",\"valueRequired\":true,\"valueName\":\"search_term_string\"}}],\"inLanguage\":\"fr-FR\"},{\"@type\":\"Organization\",\"@id\":\"https:\/\/www.aspinov.com\/#organization\",\"name\":\"Aspinov\",\"url\":\"https:\/\/www.aspinov.com\/\",\"logo\":{\"@type\":\"ImageObject\",\"inLanguage\":\"fr-FR\",\"@id\":\"https:\/\/www.aspinov.com\/#\/schema\/logo\/image\/\",\"url\":\"https:\/\/www.aspinov.com\/wp-content\/uploads\/2024\/03\/cropped-LOGO-ASPINOV-_1_.webp\",\"contentUrl\":\"https:\/\/www.aspinov.com\/wp-content\/uploads\/2024\/03\/cropped-LOGO-ASPINOV-_1_.webp\",\"width\":512,\"height\":512,\"caption\":\"Aspinov\"},\"image\":{\"@id\":\"https:\/\/www.aspinov.com\/#\/schema\/logo\/image\/\"},\"sameAs\":[\"https:\/\/www.facebook.com\/Aspinov01\/\"]}]}<\/script>\n<!-- \/ Yoast SEO plugin. -->","yoast_head_json":{"title":"J\u00d8TUL F 137 - Aspinov","description":"Le J\u00f8tul F 137 est un po\u00eale \u00e0 bois compact, avec un rendement optimis\u00e9 m\u00eame \u00e0 faible puissance. Sign\u00e9 par l\u2019agence de design prim\u00e9e Hareide Design.","robots":{"index":"index","follow":"follow","max-snippet":"max-snippet:-1","max-image-preview":"max-image-preview:large","max-video-preview":"max-video-preview:-1"},"canonical":"https:\/\/www.aspinov.com\/index.php\/produit\/jotul-f-137\/","og_locale":"fr_FR","og_type":"article","og_title":"J\u00d8TUL F 137 - Aspinov","og_description":"Le J\u00f8tul F 137 est un po\u00eale \u00e0 bois compact, avec un rendement optimis\u00e9 m\u00eame \u00e0 faible puissance. Sign\u00e9 par l\u2019agence de design prim\u00e9e Hareide Design.","og_url":"https:\/\/www.aspinov.com\/index.php\/produit\/jotul-f-137\/","og_site_name":"Aspinov","article_publisher":"https:\/\/www.facebook.com\/Aspinov01\/","article_modified_time":"2024-04-10T12:41:05+00:00","og_image":[{"width":1643,"height":1444,"url":"https:\/\/www.aspinov.com\/wp-content\/uploads\/2024\/04\/F-137-BP-int-1_edited.webp","type":"image\/webp"}],"twitter_card":"summary_large_image","twitter_misc":{"Dur\u00e9e de lecture estim\u00e9e":"1 minute"},"schema":{"@context":"https:\/\/schema.org","@graph":[{"@type":"WebPage","@id":"https:\/\/www.aspinov.com\/index.php\/produit\/jotul-f-137\/","url":"https:\/\/www.aspinov.com\/index.php\/produit\/jotul-f-137\/","name":"J\u00d8TUL F 137 - Aspinov","isPartOf":{"@id":"https:\/\/www.aspinov.com\/#website"},"primaryImageOfPage":{"@id":"https:\/\/www.aspinov.com\/index.php\/produit\/jotul-f-137\/#primaryimage"},"image":{"@id":"https:\/\/www.aspinov.com\/index.php\/produit\/jotul-f-137\/#primaryimage"},"thumbnailUrl":"https:\/\/www.aspinov.com\/wp-content\/uploads\/2024\/04\/F-137-BP-int-1_edited.webp","datePublished":"2024-04-04T12:47:27+00:00","dateModified":"2024-04-10T12:41:05+00:00","description":"Le J\u00f8tul F 137 est un po\u00eale \u00e0 bois compact, avec un rendement optimis\u00e9 m\u00eame \u00e0 faible puissance. Sign\u00e9 par l\u2019agence de design prim\u00e9e Hareide Design.","breadcrumb":{"@id":"https:\/\/www.aspinov.com\/index.php\/produit\/jotul-f-137\/#breadcrumb"},"inLanguage":"fr-FR","potentialAction":[{"@type":"ReadAction","target":["https:\/\/www.aspinov.com\/index.php\/produit\/jotul-f-137\/"]}]},{"@type":"ImageObject","inLanguage":"fr-FR","@id":"https:\/\/www.aspinov.com\/index.php\/produit\/jotul-f-137\/#primaryimage","url":"https:\/\/www.aspinov.com\/wp-content\/uploads\/2024\/04\/F-137-BP-int-1_edited.webp","contentUrl":"https:\/\/www.aspinov.com\/wp-content\/uploads\/2024\/04\/F-137-BP-int-1_edited.webp","width":1643,"height":1444,"caption":"Po\u00eales \u00e0 bois J\u00d8TUL F 137 BP int 1_edited"},{"@type":"BreadcrumbList","@id":"https:\/\/www.aspinov.com\/index.php\/produit\/jotul-f-137\/#breadcrumb","itemListElement":[{"@type":"ListItem","position":1,"name":"Accueil","item":"https:\/\/www.aspinov.com\/"},{"@type":"ListItem","position":2,"name":"Po\u00eales \u00e0 pellet NOBIS","item":"https:\/\/www.aspinov.com\/index.php\/poeles-a-pellet-nobis\/"},{"@type":"ListItem","position":3,"name":"J\u00d8TUL F 137"}]},{"@type":"WebSite","@id":"https:\/\/www.aspinov.com\/#website","url":"https:\/\/www.aspinov.com\/","name":"Aspinov","description":"","publisher":{"@id":"https:\/\/www.aspinov.com\/#organization"},"potentialAction":[{"@type":"SearchAction","target":{"@type":"EntryPoint","urlTemplate":"https:\/\/www.aspinov.com\/?s={search_term_string}"},"query-input":{"@type":"PropertyValueSpecification","valueRequired":true,"valueName":"search_term_string"}}],"inLanguage":"fr-FR"},{"@type":"Organization","@id":"https:\/\/www.aspinov.com\/#organization","name":"Aspinov","url":"https:\/\/www.aspinov.com\/","logo":{"@type":"ImageObject","inLanguage":"fr-FR","@id":"https:\/\/www.aspinov.com\/#\/schema\/logo\/image\/","url":"https:\/\/www.aspinov.com\/wp-content\/uploads\/2024\/03\/cropped-LOGO-ASPINOV-_1_.webp","contentUrl":"https:\/\/www.aspinov.com\/wp-content\/uploads\/2024\/03\/cropped-LOGO-ASPINOV-_1_.webp","width":512,"height":512,"caption":"Aspinov"},"image":{"@id":"https:\/\/www.aspinov.com\/#\/schema\/logo\/image\/"},"sameAs":["https:\/\/www.facebook.com\/Aspinov01\/"]}]}},"jetpack_sharing_enabled":true,"_links":{"self":[{"href":"https:\/\/www.aspinov.com\/index.php\/wp-json\/wp\/v2\/product\/1124","targetHints":{"allow":["GET"]}}],"collection":[{"href":"https:\/\/www.aspinov.com\/index.php\/wp-json\/wp\/v2\/product"}],"about":[{"href":"https:\/\/www.aspinov.com\/index.php\/wp-json\/wp\/v2\/types\/product"}],"replies":[{"embeddable":true,"href":"https:\/\/www.aspinov.com\/index.php\/wp-json\/wp\/v2\/comments?post=1124"}],"wp:featuredmedia":[{"embeddable":true,"href":"https:\/\/www.aspinov.com\/index.php\/wp-json\/wp\/v2\/media\/1410"}],"wp:attachment":[{"href":"https:\/\/www.aspinov.com\/index.php\/wp-json\/wp\/v2\/media?parent=1124"}],"wp:term":[{"taxonomy":"product_cat","embeddable":true,"href":"https:\/\/www.aspinov.com\/index.php\/wp-json\/wp\/v2\/product_cat?post=1124"},{"taxonomy":"product_tag","embeddable":true,"href":"https:\/\/www.aspinov.com\/index.php\/wp-json\/wp\/v2\/product_tag?post=1124"}],"curies":[{"name":"wp","href":"https:\/\/api.w.org\/{rel}","templated":true}]}}