{"id":1263,"date":"2024-04-05T14:04:30","date_gmt":"2024-04-05T12:04:30","guid":{"rendered":"https:\/\/www.aspinov.com\/index.php\/produit\/jotul-i-520-fl\/"},"modified":"2024-04-05T14:30:53","modified_gmt":"2024-04-05T12:30:53","slug":"jotul-i-520-fl","status":"publish","type":"product","link":"https:\/\/www.aspinov.com\/index.php\/produit\/jotul-i-520-fl\/","title":{"rendered":"J\u00d8TUL I 520 FL"},"content":{"rendered":"<p>[et_pb_section fb_built=\u00a0\u00bb1&Prime; _builder_version=\u00a0\u00bb4.23.4&Prime; _module_preset=\u00a0\u00bbdefault\u00a0\u00bb global_colors_info=\u00a0\u00bb{}\u00a0\u00bb][\/et_pb_section]<\/p>\n","protected":false},"excerpt":{"rendered":"<ul>\n<li class=\"product-single-spec-block-item\">Hauteur 499 mm<\/li>\n<li class=\"product-single-spec-block-item\">Largeur 632 mm<\/li>\n<li class=\"product-single-spec-block-item\">Profondeur 431 mm<\/li>\n<li class=\"product-single-spec-block-item\">Poids 141 kg<\/li>\n<li class=\"product-single-spec-block-item\">B\u00fbches jusqu&rsquo;\u00e0 50 cm<\/li>\n<li class=\"product-single-spec-block-item\">\u00d8 sortie de conduit 150 mm<\/li>\n<li class=\"product-single-spec-block-item\">Sortie de conduit Dessus \/ Arri\u00e8re<\/li>\n<\/ul>\n<p>&nbsp;<\/p>\n<ul class=\"product-single-spec-block-list\">\n<li class=\"product-single-spec-block-item\">Puissance nominale 7.0 kW<\/li>\n<li class=\"product-single-spec-block-item\">Rendement 77 %<\/li>\n<li class=\"product-single-spec-block-item\">Capacit\u00e9 de chauffage jusqu&rsquo;\u00e0 350 m\u00b3<\/li>\n<li class=\"product-single-spec-block-item\">\u00c9mission CO \u00e0 13% de O\u2082 0.07 %<\/li>\n<li class=\"product-single-spec-block-item\">\u00c9mission de particules mesur\u00e9es \u00e0 13% de O\u2082 14 mg\/m\u00b3<\/li>\n<li class=\"product-single-spec-block-item\">\u00c9mission NOx \u00e0 13% de O\u2082 54 mg\/m\u00b3<\/li>\n<li class=\"product-single-spec-block-item\">\u00c9mission OGC \u00e0 13% de O\u2082 60 mg\/m\u00b3<\/li>\n<\/ul>\n<ul class=\"product-single-spec-block-list\">\n<li class=\"product-single-spec-block-item\">Combustion \u00e9tanche Oui<\/li>\n<li class=\"product-single-spec-block-item\">Combustion propre Oui<\/li>\n<li class=\"product-single-spec-block-item\">Prise d&rsquo;air direct Oui<\/li>\n<\/ul>\n","protected":false},"featured_media":1248,"comment_status":"open","ping_status":"closed","template":"","meta":{"_et_pb_use_builder":"on","_et_pb_old_content":"Le J\u00d8TUL I 520 FL \u00e0 vitre lat\u00e9rale gauche est muni de plaques de doublage en fonte \u00e9maill\u00e9e, il offre une vision du feu incomparable. Les vitres pr\u00e9sentent un traitement de surface r\u00e9fl\u00e9chissant afin d\u2019assurer la pyrolyse pour une combustion optimale et une vitre toujours propre. Prolongez l'\u00e9mission de chaleur jusqu'\u00e0 12 heures durant en optant pour le kit d'accumulation de chaleur disponible en option.","_et_gb_content_width":""},"product_cat":[30],"product_tag":[],"class_list":{"0":"post-1263","1":"product","2":"type-product","3":"status-publish","4":"has-post-thumbnail","6":"product_cat-inserts-jotul","8":"first","9":"instock","10":"shipping-taxable","11":"product-type-simple"},"yoast_head":"<!-- This site is optimized with the Yoast SEO plugin v23.8 - https:\/\/yoast.com\/wordpress\/plugins\/seo\/ -->\n<title>J\u00d8TUL I 520 FL - Aspinov<\/title>\n<meta name=\"description\" content=\"Le J\u00d8TUL I 520 FL \u00e0 vitre lat\u00e9rale gauche est muni de plaques de doublage en fonte \u00e9maill\u00e9e, il offre une vision du feu incomparable.\" \/>\n<meta name=\"robots\" content=\"index, follow, max-snippet:-1, max-image-preview:large, max-video-preview:-1\" \/>\n<link rel=\"canonical\" href=\"https:\/\/www.aspinov.com\/index.php\/produit\/jotul-i-520-fl\/\" \/>\n<meta property=\"og:locale\" content=\"fr_FR\" \/>\n<meta property=\"og:type\" content=\"article\" \/>\n<meta property=\"og:title\" content=\"J\u00d8TUL I 520 FL - Aspinov\" \/>\n<meta property=\"og:description\" content=\"Le J\u00d8TUL I 520 FL \u00e0 vitre lat\u00e9rale gauche est muni de plaques de doublage en fonte \u00e9maill\u00e9e, il offre une vision du feu incomparable.\" \/>\n<meta property=\"og:url\" content=\"https:\/\/www.aspinov.com\/index.php\/produit\/jotul-i-520-fl\/\" \/>\n<meta property=\"og:site_name\" content=\"Aspinov\" \/>\n<meta property=\"article:publisher\" content=\"https:\/\/www.facebook.com\/Aspinov01\/\" \/>\n<meta property=\"article:modified_time\" content=\"2024-04-05T12:30:53+00:00\" \/>\n<meta property=\"og:image\" content=\"https:\/\/www.aspinov.com\/wp-content\/uploads\/2024\/04\/I-520-FL-int-3.webp\" \/>\n\t<meta property=\"og:image:width\" content=\"1600\" \/>\n\t<meta property=\"og:image:height\" content=\"1067\" \/>\n\t<meta property=\"og:image:type\" content=\"image\/webp\" \/>\n<meta name=\"twitter:card\" content=\"summary_large_image\" \/>\n<meta name=\"twitter:label1\" content=\"Dur\u00e9e de lecture estim\u00e9e\" \/>\n\t<meta name=\"twitter:data1\" content=\"1 minute\" \/>\n<script type=\"application\/ld+json\" class=\"yoast-schema-graph\">{\"@context\":\"https:\/\/schema.org\",\"@graph\":[{\"@type\":\"WebPage\",\"@id\":\"https:\/\/www.aspinov.com\/index.php\/produit\/jotul-i-520-fl\/\",\"url\":\"https:\/\/www.aspinov.com\/index.php\/produit\/jotul-i-520-fl\/\",\"name\":\"J\u00d8TUL I 520 FL - Aspinov\",\"isPartOf\":{\"@id\":\"https:\/\/www.aspinov.com\/#website\"},\"primaryImageOfPage\":{\"@id\":\"https:\/\/www.aspinov.com\/index.php\/produit\/jotul-i-520-fl\/#primaryimage\"},\"image\":{\"@id\":\"https:\/\/www.aspinov.com\/index.php\/produit\/jotul-i-520-fl\/#primaryimage\"},\"thumbnailUrl\":\"https:\/\/www.aspinov.com\/wp-content\/uploads\/2024\/04\/I-520-FL-int-3.webp\",\"datePublished\":\"2024-04-05T12:04:30+00:00\",\"dateModified\":\"2024-04-05T12:30:53+00:00\",\"description\":\"Le J\u00d8TUL I 520 FL \u00e0 vitre lat\u00e9rale gauche est muni de plaques de doublage en fonte \u00e9maill\u00e9e, il offre une vision du feu incomparable.\",\"breadcrumb\":{\"@id\":\"https:\/\/www.aspinov.com\/index.php\/produit\/jotul-i-520-fl\/#breadcrumb\"},\"inLanguage\":\"fr-FR\",\"potentialAction\":[{\"@type\":\"ReadAction\",\"target\":[\"https:\/\/www.aspinov.com\/index.php\/produit\/jotul-i-520-fl\/\"]}]},{\"@type\":\"ImageObject\",\"inLanguage\":\"fr-FR\",\"@id\":\"https:\/\/www.aspinov.com\/index.php\/produit\/jotul-i-520-fl\/#primaryimage\",\"url\":\"https:\/\/www.aspinov.com\/wp-content\/uploads\/2024\/04\/I-520-FL-int-3.webp\",\"contentUrl\":\"https:\/\/www.aspinov.com\/wp-content\/uploads\/2024\/04\/I-520-FL-int-3.webp\",\"width\":1600,\"height\":1067,\"caption\":\"Insert \u00e0 bois J\u00d8TUL I-520-FL-int-3\"},{\"@type\":\"BreadcrumbList\",\"@id\":\"https:\/\/www.aspinov.com\/index.php\/produit\/jotul-i-520-fl\/#breadcrumb\",\"itemListElement\":[{\"@type\":\"ListItem\",\"position\":1,\"name\":\"Accueil\",\"item\":\"https:\/\/www.aspinov.com\/\"},{\"@type\":\"ListItem\",\"position\":2,\"name\":\"Po\u00eales \u00e0 pellet NOBIS\",\"item\":\"https:\/\/www.aspinov.com\/index.php\/poeles-a-pellet-nobis\/\"},{\"@type\":\"ListItem\",\"position\":3,\"name\":\"J\u00d8TUL I 520 FL\"}]},{\"@type\":\"WebSite\",\"@id\":\"https:\/\/www.aspinov.com\/#website\",\"url\":\"https:\/\/www.aspinov.com\/\",\"name\":\"Aspinov\",\"description\":\"\",\"publisher\":{\"@id\":\"https:\/\/www.aspinov.com\/#organization\"},\"potentialAction\":[{\"@type\":\"SearchAction\",\"target\":{\"@type\":\"EntryPoint\",\"urlTemplate\":\"https:\/\/www.aspinov.com\/?s={search_term_string}\"},\"query-input\":{\"@type\":\"PropertyValueSpecification\",\"valueRequired\":true,\"valueName\":\"search_term_string\"}}],\"inLanguage\":\"fr-FR\"},{\"@type\":\"Organization\",\"@id\":\"https:\/\/www.aspinov.com\/#organization\",\"name\":\"Aspinov\",\"url\":\"https:\/\/www.aspinov.com\/\",\"logo\":{\"@type\":\"ImageObject\",\"inLanguage\":\"fr-FR\",\"@id\":\"https:\/\/www.aspinov.com\/#\/schema\/logo\/image\/\",\"url\":\"https:\/\/www.aspinov.com\/wp-content\/uploads\/2024\/03\/cropped-LOGO-ASPINOV-_1_.webp\",\"contentUrl\":\"https:\/\/www.aspinov.com\/wp-content\/uploads\/2024\/03\/cropped-LOGO-ASPINOV-_1_.webp\",\"width\":512,\"height\":512,\"caption\":\"Aspinov\"},\"image\":{\"@id\":\"https:\/\/www.aspinov.com\/#\/schema\/logo\/image\/\"},\"sameAs\":[\"https:\/\/www.facebook.com\/Aspinov01\/\"]}]}<\/script>\n<!-- \/ Yoast SEO plugin. -->","yoast_head_json":{"title":"J\u00d8TUL I 520 FL - Aspinov","description":"Le J\u00d8TUL I 520 FL \u00e0 vitre lat\u00e9rale gauche est muni de plaques de doublage en fonte \u00e9maill\u00e9e, il offre une vision du feu incomparable.","robots":{"index":"index","follow":"follow","max-snippet":"max-snippet:-1","max-image-preview":"max-image-preview:large","max-video-preview":"max-video-preview:-1"},"canonical":"https:\/\/www.aspinov.com\/index.php\/produit\/jotul-i-520-fl\/","og_locale":"fr_FR","og_type":"article","og_title":"J\u00d8TUL I 520 FL - Aspinov","og_description":"Le J\u00d8TUL I 520 FL \u00e0 vitre lat\u00e9rale gauche est muni de plaques de doublage en fonte \u00e9maill\u00e9e, il offre une vision du feu incomparable.","og_url":"https:\/\/www.aspinov.com\/index.php\/produit\/jotul-i-520-fl\/","og_site_name":"Aspinov","article_publisher":"https:\/\/www.facebook.com\/Aspinov01\/","article_modified_time":"2024-04-05T12:30:53+00:00","og_image":[{"width":1600,"height":1067,"url":"https:\/\/www.aspinov.com\/wp-content\/uploads\/2024\/04\/I-520-FL-int-3.webp","type":"image\/webp"}],"twitter_card":"summary_large_image","twitter_misc":{"Dur\u00e9e de lecture estim\u00e9e":"1 minute"},"schema":{"@context":"https:\/\/schema.org","@graph":[{"@type":"WebPage","@id":"https:\/\/www.aspinov.com\/index.php\/produit\/jotul-i-520-fl\/","url":"https:\/\/www.aspinov.com\/index.php\/produit\/jotul-i-520-fl\/","name":"J\u00d8TUL I 520 FL - Aspinov","isPartOf":{"@id":"https:\/\/www.aspinov.com\/#website"},"primaryImageOfPage":{"@id":"https:\/\/www.aspinov.com\/index.php\/produit\/jotul-i-520-fl\/#primaryimage"},"image":{"@id":"https:\/\/www.aspinov.com\/index.php\/produit\/jotul-i-520-fl\/#primaryimage"},"thumbnailUrl":"https:\/\/www.aspinov.com\/wp-content\/uploads\/2024\/04\/I-520-FL-int-3.webp","datePublished":"2024-04-05T12:04:30+00:00","dateModified":"2024-04-05T12:30:53+00:00","description":"Le J\u00d8TUL I 520 FL \u00e0 vitre lat\u00e9rale gauche est muni de plaques de doublage en fonte \u00e9maill\u00e9e, il offre une vision du feu incomparable.","breadcrumb":{"@id":"https:\/\/www.aspinov.com\/index.php\/produit\/jotul-i-520-fl\/#breadcrumb"},"inLanguage":"fr-FR","potentialAction":[{"@type":"ReadAction","target":["https:\/\/www.aspinov.com\/index.php\/produit\/jotul-i-520-fl\/"]}]},{"@type":"ImageObject","inLanguage":"fr-FR","@id":"https:\/\/www.aspinov.com\/index.php\/produit\/jotul-i-520-fl\/#primaryimage","url":"https:\/\/www.aspinov.com\/wp-content\/uploads\/2024\/04\/I-520-FL-int-3.webp","contentUrl":"https:\/\/www.aspinov.com\/wp-content\/uploads\/2024\/04\/I-520-FL-int-3.webp","width":1600,"height":1067,"caption":"Insert \u00e0 bois J\u00d8TUL I-520-FL-int-3"},{"@type":"BreadcrumbList","@id":"https:\/\/www.aspinov.com\/index.php\/produit\/jotul-i-520-fl\/#breadcrumb","itemListElement":[{"@type":"ListItem","position":1,"name":"Accueil","item":"https:\/\/www.aspinov.com\/"},{"@type":"ListItem","position":2,"name":"Po\u00eales \u00e0 pellet NOBIS","item":"https:\/\/www.aspinov.com\/index.php\/poeles-a-pellet-nobis\/"},{"@type":"ListItem","position":3,"name":"J\u00d8TUL I 520 FL"}]},{"@type":"WebSite","@id":"https:\/\/www.aspinov.com\/#website","url":"https:\/\/www.aspinov.com\/","name":"Aspinov","description":"","publisher":{"@id":"https:\/\/www.aspinov.com\/#organization"},"potentialAction":[{"@type":"SearchAction","target":{"@type":"EntryPoint","urlTemplate":"https:\/\/www.aspinov.com\/?s={search_term_string}"},"query-input":{"@type":"PropertyValueSpecification","valueRequired":true,"valueName":"search_term_string"}}],"inLanguage":"fr-FR"},{"@type":"Organization","@id":"https:\/\/www.aspinov.com\/#organization","name":"Aspinov","url":"https:\/\/www.aspinov.com\/","logo":{"@type":"ImageObject","inLanguage":"fr-FR","@id":"https:\/\/www.aspinov.com\/#\/schema\/logo\/image\/","url":"https:\/\/www.aspinov.com\/wp-content\/uploads\/2024\/03\/cropped-LOGO-ASPINOV-_1_.webp","contentUrl":"https:\/\/www.aspinov.com\/wp-content\/uploads\/2024\/03\/cropped-LOGO-ASPINOV-_1_.webp","width":512,"height":512,"caption":"Aspinov"},"image":{"@id":"https:\/\/www.aspinov.com\/#\/schema\/logo\/image\/"},"sameAs":["https:\/\/www.facebook.com\/Aspinov01\/"]}]}},"jetpack_sharing_enabled":true,"_links":{"self":[{"href":"https:\/\/www.aspinov.com\/index.php\/wp-json\/wp\/v2\/product\/1263","targetHints":{"allow":["GET"]}}],"collection":[{"href":"https:\/\/www.aspinov.com\/index.php\/wp-json\/wp\/v2\/product"}],"about":[{"href":"https:\/\/www.aspinov.com\/index.php\/wp-json\/wp\/v2\/types\/product"}],"replies":[{"embeddable":true,"href":"https:\/\/www.aspinov.com\/index.php\/wp-json\/wp\/v2\/comments?post=1263"}],"wp:featuredmedia":[{"embeddable":true,"href":"https:\/\/www.aspinov.com\/index.php\/wp-json\/wp\/v2\/media\/1248"}],"wp:attachment":[{"href":"https:\/\/www.aspinov.com\/index.php\/wp-json\/wp\/v2\/media?parent=1263"}],"wp:term":[{"taxonomy":"product_cat","embeddable":true,"href":"https:\/\/www.aspinov.com\/index.php\/wp-json\/wp\/v2\/product_cat?post=1263"},{"taxonomy":"product_tag","embeddable":true,"href":"https:\/\/www.aspinov.com\/index.php\/wp-json\/wp\/v2\/product_tag?post=1263"}],"curies":[{"name":"wp","href":"https:\/\/api.w.org\/{rel}","templated":true}]}}