{"id":1264,"date":"2024-04-05T14:04:31","date_gmt":"2024-04-05T12:04:31","guid":{"rendered":"https:\/\/www.aspinov.com\/index.php\/produit\/jotul-i-620-fl\/"},"modified":"2024-04-05T14:21:09","modified_gmt":"2024-04-05T12:21:09","slug":"jotul-i-620-fl","status":"publish","type":"product","link":"https:\/\/www.aspinov.com\/index.php\/produit\/jotul-i-620-fl\/","title":{"rendered":"J\u00d8TUL I 620 FL"},"content":{"rendered":"<p>[et_pb_section fb_built=\u00a0\u00bb1&Prime; theme_builder_area=\u00a0\u00bbpost_content\u00a0\u00bb _builder_version=\u00a0\u00bb4.23.4&Prime; _module_preset=\u00a0\u00bbdefault\u00a0\u00bb][\/et_pb_section]<\/p>\n","protected":false},"excerpt":{"rendered":"<ul>\n<li class=\"product-single-spec-block-item\">Hauteur 499 mm<\/li>\n<li class=\"product-single-spec-block-item\">Largeur 762 mm<\/li>\n<li class=\"product-single-spec-block-item\">Profondeur 431 mm<\/li>\n<li class=\"product-single-spec-block-item\">Poids 162 kg<\/li>\n<li class=\"product-single-spec-block-item\">B\u00fbches jusqu&rsquo;\u00e0 60 cm<\/li>\n<li class=\"product-single-spec-block-item\">\u00d8 sortie de conduit 150 mm<\/li>\n<li class=\"product-single-spec-block-item\">Sortie de conduit Dessus<\/li>\n<\/ul>\n<p>&nbsp;<\/p>\n<ul class=\"product-single-spec-block-list\">\n<li class=\"product-single-spec-block-item\">Puissance nominale 9.0 kW<\/li>\n<li class=\"product-single-spec-block-item\">Rendement 77 %<\/li>\n<li class=\"product-single-spec-block-item\">Capacit\u00e9 de chauffage jusqu&rsquo;\u00e0 400 m\u00b3<\/li>\n<li class=\"product-single-spec-block-item\">\u00c9mission CO \u00e0 13% de O\u2082 0.07 %<\/li>\n<li class=\"product-single-spec-block-item\">\u00c9mission de particules mesur\u00e9es \u00e0 13% de O\u2082 5 mg\/m\u00b3<\/li>\n<li class=\"product-single-spec-block-item\">\u00c9mission NOx \u00e0 13% de O\u2082 98 mg\/m\u00b3<\/li>\n<li class=\"product-single-spec-block-item\">\u00c9mission OGC \u00e0 13% de O\u2082 41 mg\/m\u00b3<\/li>\n<\/ul>\n<ul class=\"product-single-spec-block-list\">\n<li class=\"product-single-spec-block-item\">Combustion \u00e9tanche Oui<\/li>\n<li class=\"product-single-spec-block-item\">Combustion propre Oui<\/li>\n<li class=\"product-single-spec-block-item\">Prise d&rsquo;air direct Oui<\/li>\n<\/ul>\n","protected":false},"featured_media":1250,"comment_status":"open","ping_status":"closed","template":"","meta":{"_et_pb_use_builder":"on","_et_pb_old_content":"Avec sa grande chambre de combustion pouvant accueillir des b\u00fbches de 60 cm, le J\u00f8tul I 620 FR \u00e0 vitre lat\u00e9rale gauche vous permet en plus une vision lat\u00e9rale des flammes. Prolongez l'\u00e9mission de chaleur jusqu'\u00e0 12 heures durant en optant pour le kit d'accumulation de chaleur disponible en option.","_et_gb_content_width":""},"product_cat":[30],"product_tag":[],"class_list":{"0":"post-1264","1":"product","2":"type-product","3":"status-publish","4":"has-post-thumbnail","6":"product_cat-inserts-jotul","8":"first","9":"instock","10":"shipping-taxable","11":"product-type-simple"},"yoast_head":"<!-- This site is optimized with the Yoast SEO plugin v23.8 - https:\/\/yoast.com\/wordpress\/plugins\/seo\/ -->\n<title>J\u00d8TUL I 620 FL - Aspinov<\/title>\n<meta name=\"description\" content=\"Avec sa chambre de combustion pouvant accueillir des b\u00fbches de 60 cm, le J\u00d8TUL I 620 FL \u00e0 vitre lat\u00e9rale gauche vous permet une vision lat\u00e9rale des flammes.\" \/>\n<meta name=\"robots\" content=\"index, follow, max-snippet:-1, max-image-preview:large, max-video-preview:-1\" \/>\n<link rel=\"canonical\" href=\"https:\/\/www.aspinov.com\/index.php\/produit\/jotul-i-620-fl\/\" \/>\n<meta property=\"og:locale\" content=\"fr_FR\" \/>\n<meta property=\"og:type\" content=\"article\" \/>\n<meta property=\"og:title\" content=\"J\u00d8TUL I 620 FL - Aspinov\" \/>\n<meta property=\"og:description\" content=\"Avec sa chambre de combustion pouvant accueillir des b\u00fbches de 60 cm, le J\u00d8TUL I 620 FL \u00e0 vitre lat\u00e9rale gauche vous permet une vision lat\u00e9rale des flammes.\" \/>\n<meta property=\"og:url\" content=\"https:\/\/www.aspinov.com\/index.php\/produit\/jotul-i-620-fl\/\" \/>\n<meta property=\"og:site_name\" content=\"Aspinov\" \/>\n<meta property=\"article:publisher\" content=\"https:\/\/www.facebook.com\/Aspinov01\/\" \/>\n<meta property=\"article:modified_time\" content=\"2024-04-05T12:21:09+00:00\" \/>\n<meta property=\"og:image\" content=\"https:\/\/www.aspinov.com\/wp-content\/uploads\/2024\/04\/I-620-FL-int-1-1600-pix.webp\" \/>\n\t<meta property=\"og:image:width\" content=\"1600\" \/>\n\t<meta property=\"og:image:height\" content=\"1131\" \/>\n\t<meta property=\"og:image:type\" content=\"image\/webp\" \/>\n<meta name=\"twitter:card\" content=\"summary_large_image\" \/>\n<meta name=\"twitter:label1\" content=\"Dur\u00e9e de lecture estim\u00e9e\" \/>\n\t<meta name=\"twitter:data1\" content=\"1 minute\" \/>\n<script type=\"application\/ld+json\" class=\"yoast-schema-graph\">{\"@context\":\"https:\/\/schema.org\",\"@graph\":[{\"@type\":\"WebPage\",\"@id\":\"https:\/\/www.aspinov.com\/index.php\/produit\/jotul-i-620-fl\/\",\"url\":\"https:\/\/www.aspinov.com\/index.php\/produit\/jotul-i-620-fl\/\",\"name\":\"J\u00d8TUL I 620 FL - Aspinov\",\"isPartOf\":{\"@id\":\"https:\/\/www.aspinov.com\/#website\"},\"primaryImageOfPage\":{\"@id\":\"https:\/\/www.aspinov.com\/index.php\/produit\/jotul-i-620-fl\/#primaryimage\"},\"image\":{\"@id\":\"https:\/\/www.aspinov.com\/index.php\/produit\/jotul-i-620-fl\/#primaryimage\"},\"thumbnailUrl\":\"https:\/\/www.aspinov.com\/wp-content\/uploads\/2024\/04\/I-620-FL-int-1-1600-pix.webp\",\"datePublished\":\"2024-04-05T12:04:31+00:00\",\"dateModified\":\"2024-04-05T12:21:09+00:00\",\"description\":\"Avec sa chambre de combustion pouvant accueillir des b\u00fbches de 60 cm, le J\u00d8TUL I 620 FL \u00e0 vitre lat\u00e9rale gauche vous permet une vision lat\u00e9rale des flammes.\",\"breadcrumb\":{\"@id\":\"https:\/\/www.aspinov.com\/index.php\/produit\/jotul-i-620-fl\/#breadcrumb\"},\"inLanguage\":\"fr-FR\",\"potentialAction\":[{\"@type\":\"ReadAction\",\"target\":[\"https:\/\/www.aspinov.com\/index.php\/produit\/jotul-i-620-fl\/\"]}]},{\"@type\":\"ImageObject\",\"inLanguage\":\"fr-FR\",\"@id\":\"https:\/\/www.aspinov.com\/index.php\/produit\/jotul-i-620-fl\/#primaryimage\",\"url\":\"https:\/\/www.aspinov.com\/wp-content\/uploads\/2024\/04\/I-620-FL-int-1-1600-pix.webp\",\"contentUrl\":\"https:\/\/www.aspinov.com\/wp-content\/uploads\/2024\/04\/I-620-FL-int-1-1600-pix.webp\",\"width\":1600,\"height\":1131,\"caption\":\"Insert \u00e0 bois J\u00d8TUL I-620-FL-int-1-1600-pix\"},{\"@type\":\"BreadcrumbList\",\"@id\":\"https:\/\/www.aspinov.com\/index.php\/produit\/jotul-i-620-fl\/#breadcrumb\",\"itemListElement\":[{\"@type\":\"ListItem\",\"position\":1,\"name\":\"Accueil\",\"item\":\"https:\/\/www.aspinov.com\/\"},{\"@type\":\"ListItem\",\"position\":2,\"name\":\"Po\u00eales \u00e0 pellet NOBIS\",\"item\":\"https:\/\/www.aspinov.com\/index.php\/poeles-a-pellet-nobis\/\"},{\"@type\":\"ListItem\",\"position\":3,\"name\":\"J\u00d8TUL I 620 FL\"}]},{\"@type\":\"WebSite\",\"@id\":\"https:\/\/www.aspinov.com\/#website\",\"url\":\"https:\/\/www.aspinov.com\/\",\"name\":\"Aspinov\",\"description\":\"\",\"publisher\":{\"@id\":\"https:\/\/www.aspinov.com\/#organization\"},\"potentialAction\":[{\"@type\":\"SearchAction\",\"target\":{\"@type\":\"EntryPoint\",\"urlTemplate\":\"https:\/\/www.aspinov.com\/?s={search_term_string}\"},\"query-input\":{\"@type\":\"PropertyValueSpecification\",\"valueRequired\":true,\"valueName\":\"search_term_string\"}}],\"inLanguage\":\"fr-FR\"},{\"@type\":\"Organization\",\"@id\":\"https:\/\/www.aspinov.com\/#organization\",\"name\":\"Aspinov\",\"url\":\"https:\/\/www.aspinov.com\/\",\"logo\":{\"@type\":\"ImageObject\",\"inLanguage\":\"fr-FR\",\"@id\":\"https:\/\/www.aspinov.com\/#\/schema\/logo\/image\/\",\"url\":\"https:\/\/www.aspinov.com\/wp-content\/uploads\/2024\/03\/cropped-LOGO-ASPINOV-_1_.webp\",\"contentUrl\":\"https:\/\/www.aspinov.com\/wp-content\/uploads\/2024\/03\/cropped-LOGO-ASPINOV-_1_.webp\",\"width\":512,\"height\":512,\"caption\":\"Aspinov\"},\"image\":{\"@id\":\"https:\/\/www.aspinov.com\/#\/schema\/logo\/image\/\"},\"sameAs\":[\"https:\/\/www.facebook.com\/Aspinov01\/\"]}]}<\/script>\n<!-- \/ Yoast SEO plugin. -->","yoast_head_json":{"title":"J\u00d8TUL I 620 FL - Aspinov","description":"Avec sa chambre de combustion pouvant accueillir des b\u00fbches de 60 cm, le J\u00d8TUL I 620 FL \u00e0 vitre lat\u00e9rale gauche vous permet une vision lat\u00e9rale des flammes.","robots":{"index":"index","follow":"follow","max-snippet":"max-snippet:-1","max-image-preview":"max-image-preview:large","max-video-preview":"max-video-preview:-1"},"canonical":"https:\/\/www.aspinov.com\/index.php\/produit\/jotul-i-620-fl\/","og_locale":"fr_FR","og_type":"article","og_title":"J\u00d8TUL I 620 FL - Aspinov","og_description":"Avec sa chambre de combustion pouvant accueillir des b\u00fbches de 60 cm, le J\u00d8TUL I 620 FL \u00e0 vitre lat\u00e9rale gauche vous permet une vision lat\u00e9rale des flammes.","og_url":"https:\/\/www.aspinov.com\/index.php\/produit\/jotul-i-620-fl\/","og_site_name":"Aspinov","article_publisher":"https:\/\/www.facebook.com\/Aspinov01\/","article_modified_time":"2024-04-05T12:21:09+00:00","og_image":[{"width":1600,"height":1131,"url":"https:\/\/www.aspinov.com\/wp-content\/uploads\/2024\/04\/I-620-FL-int-1-1600-pix.webp","type":"image\/webp"}],"twitter_card":"summary_large_image","twitter_misc":{"Dur\u00e9e de lecture estim\u00e9e":"1 minute"},"schema":{"@context":"https:\/\/schema.org","@graph":[{"@type":"WebPage","@id":"https:\/\/www.aspinov.com\/index.php\/produit\/jotul-i-620-fl\/","url":"https:\/\/www.aspinov.com\/index.php\/produit\/jotul-i-620-fl\/","name":"J\u00d8TUL I 620 FL - Aspinov","isPartOf":{"@id":"https:\/\/www.aspinov.com\/#website"},"primaryImageOfPage":{"@id":"https:\/\/www.aspinov.com\/index.php\/produit\/jotul-i-620-fl\/#primaryimage"},"image":{"@id":"https:\/\/www.aspinov.com\/index.php\/produit\/jotul-i-620-fl\/#primaryimage"},"thumbnailUrl":"https:\/\/www.aspinov.com\/wp-content\/uploads\/2024\/04\/I-620-FL-int-1-1600-pix.webp","datePublished":"2024-04-05T12:04:31+00:00","dateModified":"2024-04-05T12:21:09+00:00","description":"Avec sa chambre de combustion pouvant accueillir des b\u00fbches de 60 cm, le J\u00d8TUL I 620 FL \u00e0 vitre lat\u00e9rale gauche vous permet une vision lat\u00e9rale des flammes.","breadcrumb":{"@id":"https:\/\/www.aspinov.com\/index.php\/produit\/jotul-i-620-fl\/#breadcrumb"},"inLanguage":"fr-FR","potentialAction":[{"@type":"ReadAction","target":["https:\/\/www.aspinov.com\/index.php\/produit\/jotul-i-620-fl\/"]}]},{"@type":"ImageObject","inLanguage":"fr-FR","@id":"https:\/\/www.aspinov.com\/index.php\/produit\/jotul-i-620-fl\/#primaryimage","url":"https:\/\/www.aspinov.com\/wp-content\/uploads\/2024\/04\/I-620-FL-int-1-1600-pix.webp","contentUrl":"https:\/\/www.aspinov.com\/wp-content\/uploads\/2024\/04\/I-620-FL-int-1-1600-pix.webp","width":1600,"height":1131,"caption":"Insert \u00e0 bois J\u00d8TUL I-620-FL-int-1-1600-pix"},{"@type":"BreadcrumbList","@id":"https:\/\/www.aspinov.com\/index.php\/produit\/jotul-i-620-fl\/#breadcrumb","itemListElement":[{"@type":"ListItem","position":1,"name":"Accueil","item":"https:\/\/www.aspinov.com\/"},{"@type":"ListItem","position":2,"name":"Po\u00eales \u00e0 pellet NOBIS","item":"https:\/\/www.aspinov.com\/index.php\/poeles-a-pellet-nobis\/"},{"@type":"ListItem","position":3,"name":"J\u00d8TUL I 620 FL"}]},{"@type":"WebSite","@id":"https:\/\/www.aspinov.com\/#website","url":"https:\/\/www.aspinov.com\/","name":"Aspinov","description":"","publisher":{"@id":"https:\/\/www.aspinov.com\/#organization"},"potentialAction":[{"@type":"SearchAction","target":{"@type":"EntryPoint","urlTemplate":"https:\/\/www.aspinov.com\/?s={search_term_string}"},"query-input":{"@type":"PropertyValueSpecification","valueRequired":true,"valueName":"search_term_string"}}],"inLanguage":"fr-FR"},{"@type":"Organization","@id":"https:\/\/www.aspinov.com\/#organization","name":"Aspinov","url":"https:\/\/www.aspinov.com\/","logo":{"@type":"ImageObject","inLanguage":"fr-FR","@id":"https:\/\/www.aspinov.com\/#\/schema\/logo\/image\/","url":"https:\/\/www.aspinov.com\/wp-content\/uploads\/2024\/03\/cropped-LOGO-ASPINOV-_1_.webp","contentUrl":"https:\/\/www.aspinov.com\/wp-content\/uploads\/2024\/03\/cropped-LOGO-ASPINOV-_1_.webp","width":512,"height":512,"caption":"Aspinov"},"image":{"@id":"https:\/\/www.aspinov.com\/#\/schema\/logo\/image\/"},"sameAs":["https:\/\/www.facebook.com\/Aspinov01\/"]}]}},"jetpack_sharing_enabled":true,"_links":{"self":[{"href":"https:\/\/www.aspinov.com\/index.php\/wp-json\/wp\/v2\/product\/1264","targetHints":{"allow":["GET"]}}],"collection":[{"href":"https:\/\/www.aspinov.com\/index.php\/wp-json\/wp\/v2\/product"}],"about":[{"href":"https:\/\/www.aspinov.com\/index.php\/wp-json\/wp\/v2\/types\/product"}],"replies":[{"embeddable":true,"href":"https:\/\/www.aspinov.com\/index.php\/wp-json\/wp\/v2\/comments?post=1264"}],"wp:featuredmedia":[{"embeddable":true,"href":"https:\/\/www.aspinov.com\/index.php\/wp-json\/wp\/v2\/media\/1250"}],"wp:attachment":[{"href":"https:\/\/www.aspinov.com\/index.php\/wp-json\/wp\/v2\/media?parent=1264"}],"wp:term":[{"taxonomy":"product_cat","embeddable":true,"href":"https:\/\/www.aspinov.com\/index.php\/wp-json\/wp\/v2\/product_cat?post=1264"},{"taxonomy":"product_tag","embeddable":true,"href":"https:\/\/www.aspinov.com\/index.php\/wp-json\/wp\/v2\/product_tag?post=1264"}],"curies":[{"name":"wp","href":"https:\/\/api.w.org\/{rel}","templated":true}]}}