{"id":1303,"date":"2024-04-05T17:13:17","date_gmt":"2024-04-05T15:13:17","guid":{"rendered":"https:\/\/www.aspinov.com\/index.php\/produit\/scan-68-12-closed-base\/"},"modified":"2024-04-26T11:01:10","modified_gmt":"2024-04-26T09:01:10","slug":"scan-68-12-closed-base","status":"publish","type":"product","link":"https:\/\/www.aspinov.com\/index.php\/produit\/scan-68-12-closed-base\/","title":{"rendered":"SCAN 68-12 CLOSED BASE"},"content":{"rendered":"<p>[et_pb_section fb_built=\u00a0\u00bb1&Prime; _builder_version=\u00a0\u00bb4.23.4&Prime; _module_preset=\u00a0\u00bbdefault\u00a0\u00bb global_colors_info=\u00a0\u00bb{}\u00a0\u00bb][\/et_pb_section]<\/p>\n","protected":false},"excerpt":{"rendered":"<p class=\"product-single-spec-block-title\">Caract\u00e9ristiques<\/p>\n<ul class=\"product-single-spec-block-list\">\n<li class=\"product-single-spec-block-item\">Hauteur 1222 mm<\/li>\n<li class=\"product-single-spec-block-item\">Largeur 500 mm<\/li>\n<li class=\"product-single-spec-block-item\">Profondeur 371 mm<\/li>\n<li class=\"product-single-spec-block-item\">Poids 107 kg<\/li>\n<li class=\"product-single-spec-block-item\">B\u00fbches up to 33 cm<\/li>\n<li class=\"product-single-spec-block-item\">\u00d8 sortie de conduit \u00d8 148 mm<\/li>\n<li class=\"product-single-spec-block-item\">Sortie de conduit Dessus \/ Arri\u00e8re<\/li>\n<\/ul>\n<ul class=\"product-single-spec-block-list\">\n<li class=\"product-single-spec-block-item\">Puissance nominale 5.5 kW<\/li>\n<li class=\"product-single-spec-block-item\">Rendement 80 %<\/li>\n<li class=\"product-single-spec-block-item\">Capacit\u00e9 de chauffage up to 120 m\u00b2<\/li>\n<li class=\"product-single-spec-block-item\">\u00c9mission CO \u00e0 13% de O\u2082 0.04 %<\/li>\n<li class=\"product-single-spec-block-item\">\u00c9mission de particules mesur\u00e9es \u00e0 13% de O\u2082 14 mg\/Nm\u00b3<\/li>\n<li class=\"product-single-spec-block-item\">\u00c9mission NOx \u00e0 13% de O\u2082 85 mg\/Nm\u00b3<\/li>\n<li class=\"product-single-spec-block-item\">\u00c9mission OGC \u00e0 13% de O\u2082 29 mg\/Nm\u00b3<\/li>\n<\/ul>\n<ul class=\"product-single-spec-block-list\">\n<li class=\"product-single-spec-block-item\">Combustion \u00e9tanche Oui<\/li>\n<li class=\"product-single-spec-block-item\">Combustion propre Oui<\/li>\n<li class=\"product-single-spec-block-item\">Prise d&rsquo;air direct Oui<\/li>\n<li class=\"product-single-spec-block-item\">Cendrier Oui<\/li>\n<\/ul>\n","protected":false},"featured_media":1671,"comment_status":"open","ping_status":"closed","template":"","meta":{"_et_pb_use_builder":"on","_et_pb_old_content":"Un pi\u00e9tement traversant ferm\u00e9 par une porte et un fond en acier noir caract\u00e9risent ce mod\u00e8le. Ce po\u00eale \u00e0 bois est disponible en acier noir et propose des baguettes et une poign\u00e9e en aluminium bross\u00e9. Profitez du spectacle des flammes gr\u00e2ce \u00e0 ses vitres lat\u00e9rales.","_et_gb_content_width":""},"product_cat":[31],"product_tag":[],"class_list":{"0":"post-1303","1":"product","2":"type-product","3":"status-publish","4":"has-post-thumbnail","6":"product_cat-poeles-scan","8":"first","9":"instock","10":"shipping-taxable","11":"product-type-simple"},"yoast_head":"<!-- This site is optimized with the Yoast SEO plugin v23.8 - https:\/\/yoast.com\/wordpress\/plugins\/seo\/ -->\n<title>SCAN 68-12 CLOSED BASE - Aspinov<\/title>\n<meta name=\"description\" content=\"Un pi\u00e9tement traversant ferm\u00e9 par une porte et un fond en acier noir robuste caract\u00e9risent ce mod\u00e8le SCAN 68-12 CLOSED BASE.\" \/>\n<meta name=\"robots\" content=\"index, follow, max-snippet:-1, max-image-preview:large, max-video-preview:-1\" \/>\n<link rel=\"canonical\" href=\"https:\/\/www.aspinov.com\/index.php\/produit\/scan-68-12-closed-base\/\" \/>\n<meta property=\"og:locale\" content=\"fr_FR\" \/>\n<meta property=\"og:type\" content=\"article\" \/>\n<meta property=\"og:title\" content=\"SCAN 68-12 CLOSED BASE - Aspinov\" \/>\n<meta property=\"og:description\" content=\"Un pi\u00e9tement traversant ferm\u00e9 par une porte et un fond en acier noir robuste caract\u00e9risent ce mod\u00e8le SCAN 68-12 CLOSED BASE.\" \/>\n<meta property=\"og:url\" content=\"https:\/\/www.aspinov.com\/index.php\/produit\/scan-68-12-closed-base\/\" \/>\n<meta property=\"og:site_name\" content=\"Aspinov\" \/>\n<meta property=\"article:publisher\" content=\"https:\/\/www.facebook.com\/Aspinov01\/\" \/>\n<meta property=\"article:modified_time\" content=\"2024-04-26T09:01:10+00:00\" \/>\n<meta property=\"og:image\" content=\"https:\/\/www.aspinov.com\/wp-content\/uploads\/2024\/04\/68-12-BP-int-3.webp\" \/>\n\t<meta property=\"og:image:width\" content=\"1509\" \/>\n\t<meta property=\"og:image:height\" content=\"1902\" \/>\n\t<meta property=\"og:image:type\" content=\"image\/webp\" \/>\n<meta name=\"twitter:card\" content=\"summary_large_image\" \/>\n<meta name=\"twitter:label1\" content=\"Dur\u00e9e de lecture estim\u00e9e\" \/>\n\t<meta name=\"twitter:data1\" content=\"1 minute\" \/>\n<script type=\"application\/ld+json\" class=\"yoast-schema-graph\">{\"@context\":\"https:\/\/schema.org\",\"@graph\":[{\"@type\":\"WebPage\",\"@id\":\"https:\/\/www.aspinov.com\/index.php\/produit\/scan-68-12-closed-base\/\",\"url\":\"https:\/\/www.aspinov.com\/index.php\/produit\/scan-68-12-closed-base\/\",\"name\":\"SCAN 68-12 CLOSED BASE - Aspinov\",\"isPartOf\":{\"@id\":\"https:\/\/www.aspinov.com\/#website\"},\"primaryImageOfPage\":{\"@id\":\"https:\/\/www.aspinov.com\/index.php\/produit\/scan-68-12-closed-base\/#primaryimage\"},\"image\":{\"@id\":\"https:\/\/www.aspinov.com\/index.php\/produit\/scan-68-12-closed-base\/#primaryimage\"},\"thumbnailUrl\":\"https:\/\/www.aspinov.com\/wp-content\/uploads\/2024\/04\/68-12-BP-int-3.webp\",\"datePublished\":\"2024-04-05T15:13:17+00:00\",\"dateModified\":\"2024-04-26T09:01:10+00:00\",\"description\":\"Un pi\u00e9tement traversant ferm\u00e9 par une porte et un fond en acier noir robuste caract\u00e9risent ce mod\u00e8le SCAN 68-12 CLOSED BASE.\",\"breadcrumb\":{\"@id\":\"https:\/\/www.aspinov.com\/index.php\/produit\/scan-68-12-closed-base\/#breadcrumb\"},\"inLanguage\":\"fr-FR\",\"potentialAction\":[{\"@type\":\"ReadAction\",\"target\":[\"https:\/\/www.aspinov.com\/index.php\/produit\/scan-68-12-closed-base\/\"]}]},{\"@type\":\"ImageObject\",\"inLanguage\":\"fr-FR\",\"@id\":\"https:\/\/www.aspinov.com\/index.php\/produit\/scan-68-12-closed-base\/#primaryimage\",\"url\":\"https:\/\/www.aspinov.com\/wp-content\/uploads\/2024\/04\/68-12-BP-int-3.webp\",\"contentUrl\":\"https:\/\/www.aspinov.com\/wp-content\/uploads\/2024\/04\/68-12-BP-int-3.webp\",\"width\":1509,\"height\":1902,\"caption\":\"Po\u00eales \u00e0 bois J\u00d8TUL 68-12 BP int 3\"},{\"@type\":\"BreadcrumbList\",\"@id\":\"https:\/\/www.aspinov.com\/index.php\/produit\/scan-68-12-closed-base\/#breadcrumb\",\"itemListElement\":[{\"@type\":\"ListItem\",\"position\":1,\"name\":\"Accueil\",\"item\":\"https:\/\/www.aspinov.com\/\"},{\"@type\":\"ListItem\",\"position\":2,\"name\":\"Po\u00eales \u00e0 pellet NOBIS\",\"item\":\"https:\/\/www.aspinov.com\/index.php\/poeles-a-pellet-nobis\/\"},{\"@type\":\"ListItem\",\"position\":3,\"name\":\"SCAN 68-12 CLOSED BASE\"}]},{\"@type\":\"WebSite\",\"@id\":\"https:\/\/www.aspinov.com\/#website\",\"url\":\"https:\/\/www.aspinov.com\/\",\"name\":\"Aspinov\",\"description\":\"\",\"publisher\":{\"@id\":\"https:\/\/www.aspinov.com\/#organization\"},\"potentialAction\":[{\"@type\":\"SearchAction\",\"target\":{\"@type\":\"EntryPoint\",\"urlTemplate\":\"https:\/\/www.aspinov.com\/?s={search_term_string}\"},\"query-input\":{\"@type\":\"PropertyValueSpecification\",\"valueRequired\":true,\"valueName\":\"search_term_string\"}}],\"inLanguage\":\"fr-FR\"},{\"@type\":\"Organization\",\"@id\":\"https:\/\/www.aspinov.com\/#organization\",\"name\":\"Aspinov\",\"url\":\"https:\/\/www.aspinov.com\/\",\"logo\":{\"@type\":\"ImageObject\",\"inLanguage\":\"fr-FR\",\"@id\":\"https:\/\/www.aspinov.com\/#\/schema\/logo\/image\/\",\"url\":\"https:\/\/www.aspinov.com\/wp-content\/uploads\/2024\/03\/cropped-LOGO-ASPINOV-_1_.webp\",\"contentUrl\":\"https:\/\/www.aspinov.com\/wp-content\/uploads\/2024\/03\/cropped-LOGO-ASPINOV-_1_.webp\",\"width\":512,\"height\":512,\"caption\":\"Aspinov\"},\"image\":{\"@id\":\"https:\/\/www.aspinov.com\/#\/schema\/logo\/image\/\"},\"sameAs\":[\"https:\/\/www.facebook.com\/Aspinov01\/\"]}]}<\/script>\n<!-- \/ Yoast SEO plugin. -->","yoast_head_json":{"title":"SCAN 68-12 CLOSED BASE - Aspinov","description":"Un pi\u00e9tement traversant ferm\u00e9 par une porte et un fond en acier noir robuste caract\u00e9risent ce mod\u00e8le SCAN 68-12 CLOSED BASE.","robots":{"index":"index","follow":"follow","max-snippet":"max-snippet:-1","max-image-preview":"max-image-preview:large","max-video-preview":"max-video-preview:-1"},"canonical":"https:\/\/www.aspinov.com\/index.php\/produit\/scan-68-12-closed-base\/","og_locale":"fr_FR","og_type":"article","og_title":"SCAN 68-12 CLOSED BASE - Aspinov","og_description":"Un pi\u00e9tement traversant ferm\u00e9 par une porte et un fond en acier noir robuste caract\u00e9risent ce mod\u00e8le SCAN 68-12 CLOSED BASE.","og_url":"https:\/\/www.aspinov.com\/index.php\/produit\/scan-68-12-closed-base\/","og_site_name":"Aspinov","article_publisher":"https:\/\/www.facebook.com\/Aspinov01\/","article_modified_time":"2024-04-26T09:01:10+00:00","og_image":[{"width":1509,"height":1902,"url":"https:\/\/www.aspinov.com\/wp-content\/uploads\/2024\/04\/68-12-BP-int-3.webp","type":"image\/webp"}],"twitter_card":"summary_large_image","twitter_misc":{"Dur\u00e9e de lecture estim\u00e9e":"1 minute"},"schema":{"@context":"https:\/\/schema.org","@graph":[{"@type":"WebPage","@id":"https:\/\/www.aspinov.com\/index.php\/produit\/scan-68-12-closed-base\/","url":"https:\/\/www.aspinov.com\/index.php\/produit\/scan-68-12-closed-base\/","name":"SCAN 68-12 CLOSED BASE - Aspinov","isPartOf":{"@id":"https:\/\/www.aspinov.com\/#website"},"primaryImageOfPage":{"@id":"https:\/\/www.aspinov.com\/index.php\/produit\/scan-68-12-closed-base\/#primaryimage"},"image":{"@id":"https:\/\/www.aspinov.com\/index.php\/produit\/scan-68-12-closed-base\/#primaryimage"},"thumbnailUrl":"https:\/\/www.aspinov.com\/wp-content\/uploads\/2024\/04\/68-12-BP-int-3.webp","datePublished":"2024-04-05T15:13:17+00:00","dateModified":"2024-04-26T09:01:10+00:00","description":"Un pi\u00e9tement traversant ferm\u00e9 par une porte et un fond en acier noir robuste caract\u00e9risent ce mod\u00e8le SCAN 68-12 CLOSED BASE.","breadcrumb":{"@id":"https:\/\/www.aspinov.com\/index.php\/produit\/scan-68-12-closed-base\/#breadcrumb"},"inLanguage":"fr-FR","potentialAction":[{"@type":"ReadAction","target":["https:\/\/www.aspinov.com\/index.php\/produit\/scan-68-12-closed-base\/"]}]},{"@type":"ImageObject","inLanguage":"fr-FR","@id":"https:\/\/www.aspinov.com\/index.php\/produit\/scan-68-12-closed-base\/#primaryimage","url":"https:\/\/www.aspinov.com\/wp-content\/uploads\/2024\/04\/68-12-BP-int-3.webp","contentUrl":"https:\/\/www.aspinov.com\/wp-content\/uploads\/2024\/04\/68-12-BP-int-3.webp","width":1509,"height":1902,"caption":"Po\u00eales \u00e0 bois J\u00d8TUL 68-12 BP int 3"},{"@type":"BreadcrumbList","@id":"https:\/\/www.aspinov.com\/index.php\/produit\/scan-68-12-closed-base\/#breadcrumb","itemListElement":[{"@type":"ListItem","position":1,"name":"Accueil","item":"https:\/\/www.aspinov.com\/"},{"@type":"ListItem","position":2,"name":"Po\u00eales \u00e0 pellet NOBIS","item":"https:\/\/www.aspinov.com\/index.php\/poeles-a-pellet-nobis\/"},{"@type":"ListItem","position":3,"name":"SCAN 68-12 CLOSED BASE"}]},{"@type":"WebSite","@id":"https:\/\/www.aspinov.com\/#website","url":"https:\/\/www.aspinov.com\/","name":"Aspinov","description":"","publisher":{"@id":"https:\/\/www.aspinov.com\/#organization"},"potentialAction":[{"@type":"SearchAction","target":{"@type":"EntryPoint","urlTemplate":"https:\/\/www.aspinov.com\/?s={search_term_string}"},"query-input":{"@type":"PropertyValueSpecification","valueRequired":true,"valueName":"search_term_string"}}],"inLanguage":"fr-FR"},{"@type":"Organization","@id":"https:\/\/www.aspinov.com\/#organization","name":"Aspinov","url":"https:\/\/www.aspinov.com\/","logo":{"@type":"ImageObject","inLanguage":"fr-FR","@id":"https:\/\/www.aspinov.com\/#\/schema\/logo\/image\/","url":"https:\/\/www.aspinov.com\/wp-content\/uploads\/2024\/03\/cropped-LOGO-ASPINOV-_1_.webp","contentUrl":"https:\/\/www.aspinov.com\/wp-content\/uploads\/2024\/03\/cropped-LOGO-ASPINOV-_1_.webp","width":512,"height":512,"caption":"Aspinov"},"image":{"@id":"https:\/\/www.aspinov.com\/#\/schema\/logo\/image\/"},"sameAs":["https:\/\/www.facebook.com\/Aspinov01\/"]}]}},"jetpack_sharing_enabled":true,"_links":{"self":[{"href":"https:\/\/www.aspinov.com\/index.php\/wp-json\/wp\/v2\/product\/1303","targetHints":{"allow":["GET"]}}],"collection":[{"href":"https:\/\/www.aspinov.com\/index.php\/wp-json\/wp\/v2\/product"}],"about":[{"href":"https:\/\/www.aspinov.com\/index.php\/wp-json\/wp\/v2\/types\/product"}],"replies":[{"embeddable":true,"href":"https:\/\/www.aspinov.com\/index.php\/wp-json\/wp\/v2\/comments?post=1303"}],"wp:featuredmedia":[{"embeddable":true,"href":"https:\/\/www.aspinov.com\/index.php\/wp-json\/wp\/v2\/media\/1671"}],"wp:attachment":[{"href":"https:\/\/www.aspinov.com\/index.php\/wp-json\/wp\/v2\/media?parent=1303"}],"wp:term":[{"taxonomy":"product_cat","embeddable":true,"href":"https:\/\/www.aspinov.com\/index.php\/wp-json\/wp\/v2\/product_cat?post=1303"},{"taxonomy":"product_tag","embeddable":true,"href":"https:\/\/www.aspinov.com\/index.php\/wp-json\/wp\/v2\/product_tag?post=1303"}],"curies":[{"name":"wp","href":"https:\/\/api.w.org\/{rel}","templated":true}]}}