{"id":1314,"date":"2024-04-05T17:13:20","date_gmt":"2024-04-05T15:13:20","guid":{"rendered":"https:\/\/www.aspinov.com\/index.php\/produit\/scan-84-modern-maxi\/"},"modified":"2024-04-10T09:22:30","modified_gmt":"2024-04-10T07:22:30","slug":"scan-84-3-modern-maxi","status":"publish","type":"product","link":"https:\/\/www.aspinov.com\/index.php\/produit\/scan-84-3-modern-maxi\/","title":{"rendered":"SCAN 84-3 MODERN MAXI"},"content":{"rendered":"<p>[et_pb_section fb_built=\u00a0\u00bb1&Prime; _builder_version=\u00a0\u00bb4.23.4&Prime; _module_preset=\u00a0\u00bbdefault\u00a0\u00bb global_colors_info=\u00a0\u00bb{}\u00a0\u00bb][\/et_pb_section]<\/p>\n","protected":false},"excerpt":{"rendered":"<p class=\"product-single-spec-block-title\">Caract\u00e9ristiques<\/p>\n<ul class=\"product-single-spec-block-list\">\n<li class=\"product-single-spec-block-item\">Hauteur 1593 mm<\/li>\n<li class=\"product-single-spec-block-item\">Largeur 493 mm<\/li>\n<li class=\"product-single-spec-block-item\">Profondeur 464 mm<\/li>\n<li class=\"product-single-spec-block-item\">Poids 137 kg<\/li>\n<li class=\"product-single-spec-block-item\">B\u00fbches up to 35 cm<\/li>\n<li class=\"product-single-spec-block-item\">\u00d8 sortie de conduit \u00d8 148 mm<\/li>\n<li class=\"product-single-spec-block-item\">Sortie de conduit Dessus \/ Arri\u00e8re<\/li>\n<\/ul>\n<ul class=\"product-single-spec-block-list\">\n<li class=\"product-single-spec-block-item\">Puissance nominale 5.0 kW<\/li>\n<li class=\"product-single-spec-block-item\">Rendement 81 %<\/li>\n<li class=\"product-single-spec-block-item\">Capacit\u00e9 de chauffage up to 100 m\u00b2<\/li>\n<li class=\"product-single-spec-block-item\">Capacit\u00e9 de chauffage up to 300 m\u00b3<\/li>\n<li class=\"product-single-spec-block-item\">\u00c9mission CO \u00e0 13% de O\u2082 0.08 %<\/li>\n<li class=\"product-single-spec-block-item\">\u00c9mission de particules mesur\u00e9es \u00e0 13% de O\u2082 22 mg\/Nm\u00b3<\/li>\n<li class=\"product-single-spec-block-item\">\u00c9mission NOx \u00e0 13% de O\u2082 95 mg\/Nm\u00b3<\/li>\n<li class=\"product-single-spec-block-item\">\u00c9mission OGC \u00e0 13% de O\u2082 56 mg\/Nm\u00b3<\/li>\n<\/ul>\n<ul class=\"product-single-spec-block-list\">\n<li class=\"product-single-spec-block-item\">Combustion \u00e9tanche Oui<\/li>\n<li class=\"product-single-spec-block-item\">Combustion propre Oui<\/li>\n<li class=\"product-single-spec-block-item\">Prise d&rsquo;air direct Oui<\/li>\n<li class=\"product-single-spec-block-item\">Cendrier Oui<\/li>\n<li class=\"product-single-spec-block-item\">Grille de d\u00e9cendrage Oui<\/li>\n<\/ul>\n","protected":false},"featured_media":1346,"comment_status":"open","ping_status":"closed","template":"","meta":{"_et_pb_use_builder":"on","_et_pb_old_content":"Le po\u00eale \u00e0 bois SCAN 84-3 offre un design moderne et presque architectural, dans une version haute pour une ligne \u00e9lanc\u00e9e. Il peut \u00eatre \u00e9quip\u00e9 en option d\u2019un kit d\u2019accumulation qui restituera la chaleur plus longtemps, m\u00eame apr\u00e8s le chargement de la derni\u00e8re b\u00fbche. Sa poign\u00e9e haute est \u00e9quip\u00e9e d\u2019un syst\u00e8me de fermeture automatique qui garantit une fermeture silencieuse et tout en douceur apr\u00e8s le chargement des b\u00fbches. Choisissez entre 4 tons de ch\u00eane diff\u00e9rents pour la poign\u00e9e haute de la porte et habillez le dessus de votre po\u00eale en y ajoutant un plateau en verre noir pour plus de brillance, ou en pierre ollaire pour plus d\u2019\u00e9l\u00e9gance.","_et_gb_content_width":""},"product_cat":[31],"product_tag":[],"class_list":{"0":"post-1314","1":"product","2":"type-product","3":"status-publish","4":"has-post-thumbnail","6":"product_cat-poeles-scan","8":"first","9":"instock","10":"shipping-taxable","11":"product-type-simple"},"yoast_head":"<!-- This site is optimized with the Yoast SEO plugin v23.8 - https:\/\/yoast.com\/wordpress\/plugins\/seo\/ -->\n<title>SCAN 84-3 MODERN MAXI - Aspinov<\/title>\n<meta name=\"description\" content=\"Le po\u00eale \u00e0 bois SCAN 84-3 MODERN MAXI offre un design moderne et presque architectural, dans une version haute pour une ligne \u00e9lanc\u00e9e.\" \/>\n<meta name=\"robots\" content=\"index, follow, max-snippet:-1, max-image-preview:large, max-video-preview:-1\" \/>\n<link rel=\"canonical\" href=\"https:\/\/www.aspinov.com\/index.php\/produit\/scan-84-3-modern-maxi\/\" \/>\n<meta property=\"og:locale\" content=\"fr_FR\" \/>\n<meta property=\"og:type\" content=\"article\" \/>\n<meta property=\"og:title\" content=\"SCAN 84-3 MODERN MAXI - Aspinov\" \/>\n<meta property=\"og:description\" content=\"Le po\u00eale \u00e0 bois SCAN 84-3 MODERN MAXI offre un design moderne et presque architectural, dans une version haute pour une ligne \u00e9lanc\u00e9e.\" \/>\n<meta property=\"og:url\" content=\"https:\/\/www.aspinov.com\/index.php\/produit\/scan-84-3-modern-maxi\/\" \/>\n<meta property=\"og:site_name\" content=\"Aspinov\" \/>\n<meta property=\"article:publisher\" content=\"https:\/\/www.facebook.com\/Aspinov01\/\" \/>\n<meta property=\"article:modified_time\" content=\"2024-04-10T07:22:30+00:00\" \/>\n<meta property=\"og:image\" content=\"https:\/\/www.aspinov.com\/wp-content\/uploads\/2024\/04\/Scan-84-3-Maxi-int-1.webp\" \/>\n\t<meta property=\"og:image:width\" content=\"1600\" \/>\n\t<meta property=\"og:image:height\" content=\"1120\" \/>\n\t<meta property=\"og:image:type\" content=\"image\/webp\" \/>\n<meta name=\"twitter:card\" content=\"summary_large_image\" \/>\n<meta name=\"twitter:label1\" content=\"Dur\u00e9e de lecture estim\u00e9e\" \/>\n\t<meta name=\"twitter:data1\" content=\"1 minute\" \/>\n<script type=\"application\/ld+json\" class=\"yoast-schema-graph\">{\"@context\":\"https:\/\/schema.org\",\"@graph\":[{\"@type\":\"WebPage\",\"@id\":\"https:\/\/www.aspinov.com\/index.php\/produit\/scan-84-3-modern-maxi\/\",\"url\":\"https:\/\/www.aspinov.com\/index.php\/produit\/scan-84-3-modern-maxi\/\",\"name\":\"SCAN 84-3 MODERN MAXI - Aspinov\",\"isPartOf\":{\"@id\":\"https:\/\/www.aspinov.com\/#website\"},\"primaryImageOfPage\":{\"@id\":\"https:\/\/www.aspinov.com\/index.php\/produit\/scan-84-3-modern-maxi\/#primaryimage\"},\"image\":{\"@id\":\"https:\/\/www.aspinov.com\/index.php\/produit\/scan-84-3-modern-maxi\/#primaryimage\"},\"thumbnailUrl\":\"https:\/\/www.aspinov.com\/wp-content\/uploads\/2024\/04\/Scan-84-3-Maxi-int-1.webp\",\"datePublished\":\"2024-04-05T15:13:20+00:00\",\"dateModified\":\"2024-04-10T07:22:30+00:00\",\"description\":\"Le po\u00eale \u00e0 bois SCAN 84-3 MODERN MAXI offre un design moderne et presque architectural, dans une version haute pour une ligne \u00e9lanc\u00e9e.\",\"breadcrumb\":{\"@id\":\"https:\/\/www.aspinov.com\/index.php\/produit\/scan-84-3-modern-maxi\/#breadcrumb\"},\"inLanguage\":\"fr-FR\",\"potentialAction\":[{\"@type\":\"ReadAction\",\"target\":[\"https:\/\/www.aspinov.com\/index.php\/produit\/scan-84-3-modern-maxi\/\"]}]},{\"@type\":\"ImageObject\",\"inLanguage\":\"fr-FR\",\"@id\":\"https:\/\/www.aspinov.com\/index.php\/produit\/scan-84-3-modern-maxi\/#primaryimage\",\"url\":\"https:\/\/www.aspinov.com\/wp-content\/uploads\/2024\/04\/Scan-84-3-Maxi-int-1.webp\",\"contentUrl\":\"https:\/\/www.aspinov.com\/wp-content\/uploads\/2024\/04\/Scan-84-3-Maxi-int-1.webp\",\"width\":1600,\"height\":1120,\"caption\":\"po\u00eale-Scan 84-3 Maxi int 1\"},{\"@type\":\"BreadcrumbList\",\"@id\":\"https:\/\/www.aspinov.com\/index.php\/produit\/scan-84-3-modern-maxi\/#breadcrumb\",\"itemListElement\":[{\"@type\":\"ListItem\",\"position\":1,\"name\":\"Accueil\",\"item\":\"https:\/\/www.aspinov.com\/\"},{\"@type\":\"ListItem\",\"position\":2,\"name\":\"Po\u00eales \u00e0 pellet NOBIS\",\"item\":\"https:\/\/www.aspinov.com\/index.php\/poeles-a-pellet-nobis\/\"},{\"@type\":\"ListItem\",\"position\":3,\"name\":\"SCAN 84-3 MODERN MAXI\"}]},{\"@type\":\"WebSite\",\"@id\":\"https:\/\/www.aspinov.com\/#website\",\"url\":\"https:\/\/www.aspinov.com\/\",\"name\":\"Aspinov\",\"description\":\"\",\"publisher\":{\"@id\":\"https:\/\/www.aspinov.com\/#organization\"},\"potentialAction\":[{\"@type\":\"SearchAction\",\"target\":{\"@type\":\"EntryPoint\",\"urlTemplate\":\"https:\/\/www.aspinov.com\/?s={search_term_string}\"},\"query-input\":{\"@type\":\"PropertyValueSpecification\",\"valueRequired\":true,\"valueName\":\"search_term_string\"}}],\"inLanguage\":\"fr-FR\"},{\"@type\":\"Organization\",\"@id\":\"https:\/\/www.aspinov.com\/#organization\",\"name\":\"Aspinov\",\"url\":\"https:\/\/www.aspinov.com\/\",\"logo\":{\"@type\":\"ImageObject\",\"inLanguage\":\"fr-FR\",\"@id\":\"https:\/\/www.aspinov.com\/#\/schema\/logo\/image\/\",\"url\":\"https:\/\/www.aspinov.com\/wp-content\/uploads\/2024\/03\/cropped-LOGO-ASPINOV-_1_.webp\",\"contentUrl\":\"https:\/\/www.aspinov.com\/wp-content\/uploads\/2024\/03\/cropped-LOGO-ASPINOV-_1_.webp\",\"width\":512,\"height\":512,\"caption\":\"Aspinov\"},\"image\":{\"@id\":\"https:\/\/www.aspinov.com\/#\/schema\/logo\/image\/\"},\"sameAs\":[\"https:\/\/www.facebook.com\/Aspinov01\/\"]}]}<\/script>\n<!-- \/ Yoast SEO plugin. -->","yoast_head_json":{"title":"SCAN 84-3 MODERN MAXI - Aspinov","description":"Le po\u00eale \u00e0 bois SCAN 84-3 MODERN MAXI offre un design moderne et presque architectural, dans une version haute pour une ligne \u00e9lanc\u00e9e.","robots":{"index":"index","follow":"follow","max-snippet":"max-snippet:-1","max-image-preview":"max-image-preview:large","max-video-preview":"max-video-preview:-1"},"canonical":"https:\/\/www.aspinov.com\/index.php\/produit\/scan-84-3-modern-maxi\/","og_locale":"fr_FR","og_type":"article","og_title":"SCAN 84-3 MODERN MAXI - Aspinov","og_description":"Le po\u00eale \u00e0 bois SCAN 84-3 MODERN MAXI offre un design moderne et presque architectural, dans une version haute pour une ligne \u00e9lanc\u00e9e.","og_url":"https:\/\/www.aspinov.com\/index.php\/produit\/scan-84-3-modern-maxi\/","og_site_name":"Aspinov","article_publisher":"https:\/\/www.facebook.com\/Aspinov01\/","article_modified_time":"2024-04-10T07:22:30+00:00","og_image":[{"width":1600,"height":1120,"url":"https:\/\/www.aspinov.com\/wp-content\/uploads\/2024\/04\/Scan-84-3-Maxi-int-1.webp","type":"image\/webp"}],"twitter_card":"summary_large_image","twitter_misc":{"Dur\u00e9e de lecture estim\u00e9e":"1 minute"},"schema":{"@context":"https:\/\/schema.org","@graph":[{"@type":"WebPage","@id":"https:\/\/www.aspinov.com\/index.php\/produit\/scan-84-3-modern-maxi\/","url":"https:\/\/www.aspinov.com\/index.php\/produit\/scan-84-3-modern-maxi\/","name":"SCAN 84-3 MODERN MAXI - Aspinov","isPartOf":{"@id":"https:\/\/www.aspinov.com\/#website"},"primaryImageOfPage":{"@id":"https:\/\/www.aspinov.com\/index.php\/produit\/scan-84-3-modern-maxi\/#primaryimage"},"image":{"@id":"https:\/\/www.aspinov.com\/index.php\/produit\/scan-84-3-modern-maxi\/#primaryimage"},"thumbnailUrl":"https:\/\/www.aspinov.com\/wp-content\/uploads\/2024\/04\/Scan-84-3-Maxi-int-1.webp","datePublished":"2024-04-05T15:13:20+00:00","dateModified":"2024-04-10T07:22:30+00:00","description":"Le po\u00eale \u00e0 bois SCAN 84-3 MODERN MAXI offre un design moderne et presque architectural, dans une version haute pour une ligne \u00e9lanc\u00e9e.","breadcrumb":{"@id":"https:\/\/www.aspinov.com\/index.php\/produit\/scan-84-3-modern-maxi\/#breadcrumb"},"inLanguage":"fr-FR","potentialAction":[{"@type":"ReadAction","target":["https:\/\/www.aspinov.com\/index.php\/produit\/scan-84-3-modern-maxi\/"]}]},{"@type":"ImageObject","inLanguage":"fr-FR","@id":"https:\/\/www.aspinov.com\/index.php\/produit\/scan-84-3-modern-maxi\/#primaryimage","url":"https:\/\/www.aspinov.com\/wp-content\/uploads\/2024\/04\/Scan-84-3-Maxi-int-1.webp","contentUrl":"https:\/\/www.aspinov.com\/wp-content\/uploads\/2024\/04\/Scan-84-3-Maxi-int-1.webp","width":1600,"height":1120,"caption":"po\u00eale-Scan 84-3 Maxi int 1"},{"@type":"BreadcrumbList","@id":"https:\/\/www.aspinov.com\/index.php\/produit\/scan-84-3-modern-maxi\/#breadcrumb","itemListElement":[{"@type":"ListItem","position":1,"name":"Accueil","item":"https:\/\/www.aspinov.com\/"},{"@type":"ListItem","position":2,"name":"Po\u00eales \u00e0 pellet NOBIS","item":"https:\/\/www.aspinov.com\/index.php\/poeles-a-pellet-nobis\/"},{"@type":"ListItem","position":3,"name":"SCAN 84-3 MODERN MAXI"}]},{"@type":"WebSite","@id":"https:\/\/www.aspinov.com\/#website","url":"https:\/\/www.aspinov.com\/","name":"Aspinov","description":"","publisher":{"@id":"https:\/\/www.aspinov.com\/#organization"},"potentialAction":[{"@type":"SearchAction","target":{"@type":"EntryPoint","urlTemplate":"https:\/\/www.aspinov.com\/?s={search_term_string}"},"query-input":{"@type":"PropertyValueSpecification","valueRequired":true,"valueName":"search_term_string"}}],"inLanguage":"fr-FR"},{"@type":"Organization","@id":"https:\/\/www.aspinov.com\/#organization","name":"Aspinov","url":"https:\/\/www.aspinov.com\/","logo":{"@type":"ImageObject","inLanguage":"fr-FR","@id":"https:\/\/www.aspinov.com\/#\/schema\/logo\/image\/","url":"https:\/\/www.aspinov.com\/wp-content\/uploads\/2024\/03\/cropped-LOGO-ASPINOV-_1_.webp","contentUrl":"https:\/\/www.aspinov.com\/wp-content\/uploads\/2024\/03\/cropped-LOGO-ASPINOV-_1_.webp","width":512,"height":512,"caption":"Aspinov"},"image":{"@id":"https:\/\/www.aspinov.com\/#\/schema\/logo\/image\/"},"sameAs":["https:\/\/www.facebook.com\/Aspinov01\/"]}]}},"jetpack_sharing_enabled":true,"_links":{"self":[{"href":"https:\/\/www.aspinov.com\/index.php\/wp-json\/wp\/v2\/product\/1314","targetHints":{"allow":["GET"]}}],"collection":[{"href":"https:\/\/www.aspinov.com\/index.php\/wp-json\/wp\/v2\/product"}],"about":[{"href":"https:\/\/www.aspinov.com\/index.php\/wp-json\/wp\/v2\/types\/product"}],"replies":[{"embeddable":true,"href":"https:\/\/www.aspinov.com\/index.php\/wp-json\/wp\/v2\/comments?post=1314"}],"wp:featuredmedia":[{"embeddable":true,"href":"https:\/\/www.aspinov.com\/index.php\/wp-json\/wp\/v2\/media\/1346"}],"wp:attachment":[{"href":"https:\/\/www.aspinov.com\/index.php\/wp-json\/wp\/v2\/media?parent=1314"}],"wp:term":[{"taxonomy":"product_cat","embeddable":true,"href":"https:\/\/www.aspinov.com\/index.php\/wp-json\/wp\/v2\/product_cat?post=1314"},{"taxonomy":"product_tag","embeddable":true,"href":"https:\/\/www.aspinov.com\/index.php\/wp-json\/wp\/v2\/product_tag?post=1314"}],"curies":[{"name":"wp","href":"https:\/\/api.w.org\/{rel}","templated":true}]}}