{"id":1322,"date":"2024-04-05T17:13:22","date_gmt":"2024-04-05T15:13:22","guid":{"rendered":"https:\/\/www.aspinov.com\/index.php\/produit\/scan-1005-box-wall-cs\/"},"modified":"2024-04-10T09:03:24","modified_gmt":"2024-04-10T07:03:24","slug":"scan-1005-box-wall-cs","status":"publish","type":"product","link":"https:\/\/www.aspinov.com\/index.php\/produit\/scan-1005-box-wall-cs\/","title":{"rendered":"SCAN 1005 BOX WALL CS"},"content":{"rendered":"<p>[et_pb_section fb_built=\u00a0\u00bb1&Prime; _builder_version=\u00a0\u00bb4.23.4&Prime; _module_preset=\u00a0\u00bbdefault\u00a0\u00bb global_colors_info=\u00a0\u00bb{}\u00a0\u00bb][\/et_pb_section]<\/p>\n","protected":false},"excerpt":{"rendered":"<p class=\"product-single-spec-block-title\">Caract\u00e9ristiques<\/p>\n<ul class=\"product-single-spec-block-list\">\n<li class=\"product-single-spec-block-item\">Hauteur 472 mm<\/li>\n<li class=\"product-single-spec-block-item\">Largeur 649 mm<\/li>\n<li class=\"product-single-spec-block-item\">Profondeur 479 mm<\/li>\n<li class=\"product-single-spec-block-item\">Poids 126 kg<\/li>\n<li class=\"product-single-spec-block-item\">B\u00fbches up to 50 cm<\/li>\n<li class=\"product-single-spec-block-item\">\u00d8 sortie de conduit \u00d8 148 mm<\/li>\n<li class=\"product-single-spec-block-item\">Sortie de conduit Dessus \/ Arri\u00e8re<\/li>\n<\/ul>\n<ul class=\"product-single-spec-block-list\">\n<li class=\"product-single-spec-block-item\">Puissance nominale 6.0 kW<\/li>\n<li class=\"product-single-spec-block-item\">Rendement 84 %<\/li>\n<li class=\"product-single-spec-block-item\">\u00c9mission CO \u00e0 13% de O\u2082 0.07 %<\/li>\n<li class=\"product-single-spec-block-item\">\u00c9mission de particules mesur\u00e9es \u00e0 13% de O\u2082 25 mg\/Nm\u00b3<\/li>\n<li class=\"product-single-spec-block-item\">\u00c9mission NOx \u00e0 13% de O\u2082 103 mg\/Nm\u00b3<\/li>\n<li class=\"product-single-spec-block-item\">\u00c9mission OGC \u00e0 13% de O\u2082 41 mg\/Nm\u00b3<\/li>\n<\/ul>\n<ul class=\"product-single-spec-block-list\">\n<li class=\"product-single-spec-block-item\">Combustion \u00e9tanche Oui<\/li>\n<li class=\"product-single-spec-block-item\">Combustion propre Oui<\/li>\n<li class=\"product-single-spec-block-item\">Prise d&rsquo;air direct Oui<\/li>\n<\/ul>\n","protected":false},"featured_media":1358,"comment_status":"open","ping_status":"closed","template":"","meta":{"_et_pb_use_builder":"on","_et_pb_old_content":"Ce po\u00eale-chemin\u00e9e \u00e0 bois trouvera sa place dans tous les styles d\u2019int\u00e9rieurs ! Laissez-vous s\u00e9duire par sa largeur de 65cm et sa vitre panoramique qui s\u2019adaptent harmonieusement sur son banc en acier noir d\u2019une longueur de 130 cm ou sur ses b\u00fbchers larges disponibles en option. Et parce que tout est question de d\u00e9tails, la poign\u00e9e a \u00e9t\u00e9 con\u00e7ue en verre teint\u00e9 noir pour plus d\u2019\u00e9l\u00e9gance ! Le SCAN 1005 BOX offre des performances techniques optimales avec un rendement \u00e9lev\u00e9 et des \u00e9missions de particules fines r\u00e9duites.","_et_gb_content_width":""},"product_cat":[31],"product_tag":[],"class_list":{"0":"post-1322","1":"product","2":"type-product","3":"status-publish","4":"has-post-thumbnail","6":"product_cat-poeles-scan","8":"first","9":"instock","10":"shipping-taxable","11":"product-type-simple"},"yoast_head":"<!-- This site is optimized with the Yoast SEO plugin v23.8 - https:\/\/yoast.com\/wordpress\/plugins\/seo\/ -->\n<title>SCAN 1005 BOX WALL CS - Aspinov<\/title>\n<meta name=\"description\" content=\"Le SCAN 1005 BOX WALL CS offre des performances techniques optimales avec un rendement \u00e9lev\u00e9 et des \u00e9missions de particules fines r\u00e9duites.\" \/>\n<meta name=\"robots\" content=\"index, follow, max-snippet:-1, max-image-preview:large, max-video-preview:-1\" \/>\n<link rel=\"canonical\" href=\"https:\/\/www.aspinov.com\/index.php\/produit\/scan-1005-box-wall-cs\/\" \/>\n<meta property=\"og:locale\" content=\"fr_FR\" \/>\n<meta property=\"og:type\" content=\"article\" \/>\n<meta property=\"og:title\" content=\"SCAN 1005 BOX WALL CS - Aspinov\" \/>\n<meta property=\"og:description\" content=\"Le SCAN 1005 BOX WALL CS offre des performances techniques optimales avec un rendement \u00e9lev\u00e9 et des \u00e9missions de particules fines r\u00e9duites.\" \/>\n<meta property=\"og:url\" content=\"https:\/\/www.aspinov.com\/index.php\/produit\/scan-1005-box-wall-cs\/\" \/>\n<meta property=\"og:site_name\" content=\"Aspinov\" \/>\n<meta property=\"article:publisher\" content=\"https:\/\/www.facebook.com\/Aspinov01\/\" \/>\n<meta property=\"article:modified_time\" content=\"2024-04-10T07:03:24+00:00\" \/>\n<meta property=\"og:image\" content=\"https:\/\/www.aspinov.com\/wp-content\/uploads\/2024\/04\/Scan-1005-Box-CS-wall-prod-1-Item.webp\" \/>\n\t<meta property=\"og:image:width\" content=\"1000\" \/>\n\t<meta property=\"og:image:height\" content=\"1000\" \/>\n\t<meta property=\"og:image:type\" content=\"image\/webp\" \/>\n<meta name=\"twitter:card\" content=\"summary_large_image\" \/>\n<meta name=\"twitter:label1\" content=\"Dur\u00e9e de lecture estim\u00e9e\" \/>\n\t<meta name=\"twitter:data1\" content=\"1 minute\" \/>\n<script type=\"application\/ld+json\" class=\"yoast-schema-graph\">{\"@context\":\"https:\/\/schema.org\",\"@graph\":[{\"@type\":\"WebPage\",\"@id\":\"https:\/\/www.aspinov.com\/index.php\/produit\/scan-1005-box-wall-cs\/\",\"url\":\"https:\/\/www.aspinov.com\/index.php\/produit\/scan-1005-box-wall-cs\/\",\"name\":\"SCAN 1005 BOX WALL CS - Aspinov\",\"isPartOf\":{\"@id\":\"https:\/\/www.aspinov.com\/#website\"},\"primaryImageOfPage\":{\"@id\":\"https:\/\/www.aspinov.com\/index.php\/produit\/scan-1005-box-wall-cs\/#primaryimage\"},\"image\":{\"@id\":\"https:\/\/www.aspinov.com\/index.php\/produit\/scan-1005-box-wall-cs\/#primaryimage\"},\"thumbnailUrl\":\"https:\/\/www.aspinov.com\/wp-content\/uploads\/2024\/04\/Scan-1005-Box-CS-wall-prod-1-Item.webp\",\"datePublished\":\"2024-04-05T15:13:22+00:00\",\"dateModified\":\"2024-04-10T07:03:24+00:00\",\"description\":\"Le SCAN 1005 BOX WALL CS offre des performances techniques optimales avec un rendement \u00e9lev\u00e9 et des \u00e9missions de particules fines r\u00e9duites.\",\"breadcrumb\":{\"@id\":\"https:\/\/www.aspinov.com\/index.php\/produit\/scan-1005-box-wall-cs\/#breadcrumb\"},\"inLanguage\":\"fr-FR\",\"potentialAction\":[{\"@type\":\"ReadAction\",\"target\":[\"https:\/\/www.aspinov.com\/index.php\/produit\/scan-1005-box-wall-cs\/\"]}]},{\"@type\":\"ImageObject\",\"inLanguage\":\"fr-FR\",\"@id\":\"https:\/\/www.aspinov.com\/index.php\/produit\/scan-1005-box-wall-cs\/#primaryimage\",\"url\":\"https:\/\/www.aspinov.com\/wp-content\/uploads\/2024\/04\/Scan-1005-Box-CS-wall-prod-1-Item.webp\",\"contentUrl\":\"https:\/\/www.aspinov.com\/wp-content\/uploads\/2024\/04\/Scan-1005-Box-CS-wall-prod-1-Item.webp\",\"width\":1000,\"height\":1000,\"caption\":\"Po\u00eales \u00e0 bois SCAN 1005 Box CS wall prod 1 Item\"},{\"@type\":\"BreadcrumbList\",\"@id\":\"https:\/\/www.aspinov.com\/index.php\/produit\/scan-1005-box-wall-cs\/#breadcrumb\",\"itemListElement\":[{\"@type\":\"ListItem\",\"position\":1,\"name\":\"Accueil\",\"item\":\"https:\/\/www.aspinov.com\/\"},{\"@type\":\"ListItem\",\"position\":2,\"name\":\"Po\u00eales \u00e0 pellet NOBIS\",\"item\":\"https:\/\/www.aspinov.com\/index.php\/poeles-a-pellet-nobis\/\"},{\"@type\":\"ListItem\",\"position\":3,\"name\":\"SCAN 1005 BOX WALL CS\"}]},{\"@type\":\"WebSite\",\"@id\":\"https:\/\/www.aspinov.com\/#website\",\"url\":\"https:\/\/www.aspinov.com\/\",\"name\":\"Aspinov\",\"description\":\"\",\"publisher\":{\"@id\":\"https:\/\/www.aspinov.com\/#organization\"},\"potentialAction\":[{\"@type\":\"SearchAction\",\"target\":{\"@type\":\"EntryPoint\",\"urlTemplate\":\"https:\/\/www.aspinov.com\/?s={search_term_string}\"},\"query-input\":{\"@type\":\"PropertyValueSpecification\",\"valueRequired\":true,\"valueName\":\"search_term_string\"}}],\"inLanguage\":\"fr-FR\"},{\"@type\":\"Organization\",\"@id\":\"https:\/\/www.aspinov.com\/#organization\",\"name\":\"Aspinov\",\"url\":\"https:\/\/www.aspinov.com\/\",\"logo\":{\"@type\":\"ImageObject\",\"inLanguage\":\"fr-FR\",\"@id\":\"https:\/\/www.aspinov.com\/#\/schema\/logo\/image\/\",\"url\":\"https:\/\/www.aspinov.com\/wp-content\/uploads\/2024\/03\/cropped-LOGO-ASPINOV-_1_.webp\",\"contentUrl\":\"https:\/\/www.aspinov.com\/wp-content\/uploads\/2024\/03\/cropped-LOGO-ASPINOV-_1_.webp\",\"width\":512,\"height\":512,\"caption\":\"Aspinov\"},\"image\":{\"@id\":\"https:\/\/www.aspinov.com\/#\/schema\/logo\/image\/\"},\"sameAs\":[\"https:\/\/www.facebook.com\/Aspinov01\/\"]}]}<\/script>\n<!-- \/ Yoast SEO plugin. -->","yoast_head_json":{"title":"SCAN 1005 BOX WALL CS - Aspinov","description":"Le SCAN 1005 BOX WALL CS offre des performances techniques optimales avec un rendement \u00e9lev\u00e9 et des \u00e9missions de particules fines r\u00e9duites.","robots":{"index":"index","follow":"follow","max-snippet":"max-snippet:-1","max-image-preview":"max-image-preview:large","max-video-preview":"max-video-preview:-1"},"canonical":"https:\/\/www.aspinov.com\/index.php\/produit\/scan-1005-box-wall-cs\/","og_locale":"fr_FR","og_type":"article","og_title":"SCAN 1005 BOX WALL CS - Aspinov","og_description":"Le SCAN 1005 BOX WALL CS offre des performances techniques optimales avec un rendement \u00e9lev\u00e9 et des \u00e9missions de particules fines r\u00e9duites.","og_url":"https:\/\/www.aspinov.com\/index.php\/produit\/scan-1005-box-wall-cs\/","og_site_name":"Aspinov","article_publisher":"https:\/\/www.facebook.com\/Aspinov01\/","article_modified_time":"2024-04-10T07:03:24+00:00","og_image":[{"width":1000,"height":1000,"url":"https:\/\/www.aspinov.com\/wp-content\/uploads\/2024\/04\/Scan-1005-Box-CS-wall-prod-1-Item.webp","type":"image\/webp"}],"twitter_card":"summary_large_image","twitter_misc":{"Dur\u00e9e de lecture estim\u00e9e":"1 minute"},"schema":{"@context":"https:\/\/schema.org","@graph":[{"@type":"WebPage","@id":"https:\/\/www.aspinov.com\/index.php\/produit\/scan-1005-box-wall-cs\/","url":"https:\/\/www.aspinov.com\/index.php\/produit\/scan-1005-box-wall-cs\/","name":"SCAN 1005 BOX WALL CS - Aspinov","isPartOf":{"@id":"https:\/\/www.aspinov.com\/#website"},"primaryImageOfPage":{"@id":"https:\/\/www.aspinov.com\/index.php\/produit\/scan-1005-box-wall-cs\/#primaryimage"},"image":{"@id":"https:\/\/www.aspinov.com\/index.php\/produit\/scan-1005-box-wall-cs\/#primaryimage"},"thumbnailUrl":"https:\/\/www.aspinov.com\/wp-content\/uploads\/2024\/04\/Scan-1005-Box-CS-wall-prod-1-Item.webp","datePublished":"2024-04-05T15:13:22+00:00","dateModified":"2024-04-10T07:03:24+00:00","description":"Le SCAN 1005 BOX WALL CS offre des performances techniques optimales avec un rendement \u00e9lev\u00e9 et des \u00e9missions de particules fines r\u00e9duites.","breadcrumb":{"@id":"https:\/\/www.aspinov.com\/index.php\/produit\/scan-1005-box-wall-cs\/#breadcrumb"},"inLanguage":"fr-FR","potentialAction":[{"@type":"ReadAction","target":["https:\/\/www.aspinov.com\/index.php\/produit\/scan-1005-box-wall-cs\/"]}]},{"@type":"ImageObject","inLanguage":"fr-FR","@id":"https:\/\/www.aspinov.com\/index.php\/produit\/scan-1005-box-wall-cs\/#primaryimage","url":"https:\/\/www.aspinov.com\/wp-content\/uploads\/2024\/04\/Scan-1005-Box-CS-wall-prod-1-Item.webp","contentUrl":"https:\/\/www.aspinov.com\/wp-content\/uploads\/2024\/04\/Scan-1005-Box-CS-wall-prod-1-Item.webp","width":1000,"height":1000,"caption":"Po\u00eales \u00e0 bois SCAN 1005 Box CS wall prod 1 Item"},{"@type":"BreadcrumbList","@id":"https:\/\/www.aspinov.com\/index.php\/produit\/scan-1005-box-wall-cs\/#breadcrumb","itemListElement":[{"@type":"ListItem","position":1,"name":"Accueil","item":"https:\/\/www.aspinov.com\/"},{"@type":"ListItem","position":2,"name":"Po\u00eales \u00e0 pellet NOBIS","item":"https:\/\/www.aspinov.com\/index.php\/poeles-a-pellet-nobis\/"},{"@type":"ListItem","position":3,"name":"SCAN 1005 BOX WALL CS"}]},{"@type":"WebSite","@id":"https:\/\/www.aspinov.com\/#website","url":"https:\/\/www.aspinov.com\/","name":"Aspinov","description":"","publisher":{"@id":"https:\/\/www.aspinov.com\/#organization"},"potentialAction":[{"@type":"SearchAction","target":{"@type":"EntryPoint","urlTemplate":"https:\/\/www.aspinov.com\/?s={search_term_string}"},"query-input":{"@type":"PropertyValueSpecification","valueRequired":true,"valueName":"search_term_string"}}],"inLanguage":"fr-FR"},{"@type":"Organization","@id":"https:\/\/www.aspinov.com\/#organization","name":"Aspinov","url":"https:\/\/www.aspinov.com\/","logo":{"@type":"ImageObject","inLanguage":"fr-FR","@id":"https:\/\/www.aspinov.com\/#\/schema\/logo\/image\/","url":"https:\/\/www.aspinov.com\/wp-content\/uploads\/2024\/03\/cropped-LOGO-ASPINOV-_1_.webp","contentUrl":"https:\/\/www.aspinov.com\/wp-content\/uploads\/2024\/03\/cropped-LOGO-ASPINOV-_1_.webp","width":512,"height":512,"caption":"Aspinov"},"image":{"@id":"https:\/\/www.aspinov.com\/#\/schema\/logo\/image\/"},"sameAs":["https:\/\/www.facebook.com\/Aspinov01\/"]}]}},"jetpack_sharing_enabled":true,"_links":{"self":[{"href":"https:\/\/www.aspinov.com\/index.php\/wp-json\/wp\/v2\/product\/1322","targetHints":{"allow":["GET"]}}],"collection":[{"href":"https:\/\/www.aspinov.com\/index.php\/wp-json\/wp\/v2\/product"}],"about":[{"href":"https:\/\/www.aspinov.com\/index.php\/wp-json\/wp\/v2\/types\/product"}],"replies":[{"embeddable":true,"href":"https:\/\/www.aspinov.com\/index.php\/wp-json\/wp\/v2\/comments?post=1322"}],"wp:featuredmedia":[{"embeddable":true,"href":"https:\/\/www.aspinov.com\/index.php\/wp-json\/wp\/v2\/media\/1358"}],"wp:attachment":[{"href":"https:\/\/www.aspinov.com\/index.php\/wp-json\/wp\/v2\/media?parent=1322"}],"wp:term":[{"taxonomy":"product_cat","embeddable":true,"href":"https:\/\/www.aspinov.com\/index.php\/wp-json\/wp\/v2\/product_cat?post=1322"},{"taxonomy":"product_tag","embeddable":true,"href":"https:\/\/www.aspinov.com\/index.php\/wp-json\/wp\/v2\/product_tag?post=1322"}],"curies":[{"name":"wp","href":"https:\/\/api.w.org\/{rel}","templated":true}]}}