{"id":2013,"date":"2024-07-16T10:26:13","date_gmt":"2024-07-16T08:26:13","guid":{"rendered":"https:\/\/www.aspinov.com\/?post_type=product&#038;p=2013"},"modified":"2024-07-16T10:52:02","modified_gmt":"2024-07-16T08:52:02","slug":"b13-ulisse","status":"publish","type":"product","link":"https:\/\/www.aspinov.com\/index.php\/produit\/b13-ulisse\/","title":{"rendered":"Le po\u00eale B13 Ulisse"},"content":{"rendered":"<p>[et_pb_section fb_built=\u00a0\u00bb1&Prime; _builder_version=\u00a0\u00bb4.23.4&Prime; background_color=\u00a0\u00bb#131314&Prime; custom_padding=\u00a0\u00bb0px||||false|false\u00a0\u00bb global_colors_info=\u00a0\u00bb{}\u00a0\u00bb][et_pb_row _builder_version=\u00a0\u00bb4.23.4&Prime; _module_preset=\u00a0\u00bbdefault\u00a0\u00bb custom_margin=\u00a0\u00bb||0px||false|false\u00a0\u00bb global_colors_info=\u00a0\u00bb{}\u00a0\u00bb][et_pb_column type=\u00a0\u00bb4_4&Prime; _builder_version=\u00a0\u00bb4.23.4&Prime; _module_preset=\u00a0\u00bbdefault\u00a0\u00bb global_colors_info=\u00a0\u00bb{}\u00a0\u00bb][et_pb_button button_url=\u00a0\u00bbhttps:\/\/www.aspinov.com\/index.php\/poeles-a-pellet-nobis\/\u00a0\u00bb button_text=\u00a0\u00bbRetour\u00a0\u00bb _builder_version=\u00a0\u00bb4.23.4&Prime; _module_preset=\u00a0\u00bbe8940638-d90c-46a0-a03b-37912ea7aecb\u00a0\u00bb button_icon=\u00a0\u00bb&#x34;||divi||400&Prime; button_icon_placement=\u00a0\u00bbleft\u00a0\u00bb global_colors_info=\u00a0\u00bb{}\u00a0\u00bb][\/et_pb_button][\/et_pb_column][\/et_pb_row][et_pb_row _builder_version=\u00a0\u00bb4.23.4&Prime; _module_preset=\u00a0\u00bbdefault\u00a0\u00bb custom_margin=\u00a0\u00bb0px||||false|false\u00a0\u00bb global_colors_info=\u00a0\u00bb{}\u00a0\u00bb][et_pb_column type=\u00a0\u00bb4_4&Prime; _builder_version=\u00a0\u00bb4.23.4&Prime; _module_preset=\u00a0\u00bbdefault\u00a0\u00bb global_colors_info=\u00a0\u00bb{}\u00a0\u00bb][et_pb_wc_title _builder_version=\u00a0\u00bb4.23.4&Prime; header_font=\u00a0\u00bb|||on|||||\u00a0\u00bb header_text_align=\u00a0\u00bbcenter\u00a0\u00bb header_text_color=\u00a0\u00bb#FFFFFF\u00a0\u00bb custom_margin=\u00a0\u00bb5vh||5vh||true|false\u00a0\u00bb global_colors_info=\u00a0\u00bb{}\u00a0\u00bb][\/et_pb_wc_title][\/et_pb_column][\/et_pb_row][et_pb_row column_structure=\u00a0\u00bb1_2,1_2&Prime; _builder_version=\u00a0\u00bb4.23.4&Prime; background_size=\u00a0\u00bbinitial\u00a0\u00bb background_position=\u00a0\u00bbtop_left\u00a0\u00bb background_repeat=\u00a0\u00bbrepeat\u00a0\u00bb width=\u00a0\u00bb100%\u00a0\u00bb custom_padding=\u00a0\u00bb0px||||false|false\u00a0\u00bb global_colors_info=\u00a0\u00bb{}\u00a0\u00bb][et_pb_column type=\u00a0\u00bb1_2&Prime; _builder_version=\u00a0\u00bb4.16&Prime; custom_padding=\u00a0\u00bb|||\u00a0\u00bb global_colors_info=\u00a0\u00bb{}\u00a0\u00bb custom_padding__hover=\u00a0\u00bb|||\u00a0\u00bb][et_pb_wc_images _builder_version=\u00a0\u00bb4.23.4&Prime; global_colors_info=\u00a0\u00bb{}\u00a0\u00bb][\/et_pb_wc_images][et_pb_wc_description _builder_version=\u00a0\u00bb4.23.4&Prime; _module_preset=\u00a0\u00bbdefault\u00a0\u00bb body_text_color=\u00a0\u00bb#FFFFFF\u00a0\u00bb header_font=\u00a0\u00bb|||on|||||\u00a0\u00bb header_text_color=\u00a0\u00bb#FFFFFF\u00a0\u00bb header_5_font=\u00a0\u00bb|||on|||||\u00a0\u00bb header_5_text_color=\u00a0\u00bb#FFFFFF\u00a0\u00bb header_6_font=\u00a0\u00bb|||on|||||\u00a0\u00bb header_6_text_color=\u00a0\u00bb#FFFFFF\u00a0\u00bb global_colors_info=\u00a0\u00bb{}\u00a0\u00bb][\/et_pb_wc_description][\/et_pb_column][et_pb_column type=\u00a0\u00bb1_2&Prime; _builder_version=\u00a0\u00bb4.16&Prime; custom_padding=\u00a0\u00bb|||\u00a0\u00bb global_colors_info=\u00a0\u00bb{}\u00a0\u00bb custom_padding__hover=\u00a0\u00bb|||\u00a0\u00bb][et_pb_wc_rating _builder_version=\u00a0\u00bb4.16&Prime; global_colors_info=\u00a0\u00bb{}\u00a0\u00bb][\/et_pb_wc_rating][et_pb_wc_price _builder_version=\u00a0\u00bb4.16&Prime; global_colors_info=\u00a0\u00bb{}\u00a0\u00bb][\/et_pb_wc_price][et_pb_wc_description description_type=\u00a0\u00bbdescription\u00a0\u00bb _builder_version=\u00a0\u00bb4.23.4&Prime; body_text_color=\u00a0\u00bb#FFFFFF\u00a0\u00bb header_font=\u00a0\u00bb|||on|||||\u00a0\u00bb header_text_color=\u00a0\u00bb#FFFFFF\u00a0\u00bb header_5_font=\u00a0\u00bb|||on|||||\u00a0\u00bb header_5_text_color=\u00a0\u00bb#FFFFFF\u00a0\u00bb global_colors_info=\u00a0\u00bb{}\u00a0\u00bb][\/et_pb_wc_description][et_pb_wc_add_to_cart _builder_version=\u00a0\u00bb4.16&Prime; global_colors_info=\u00a0\u00bb{}\u00a0\u00bb][\/et_pb_wc_add_to_cart][et_pb_wc_meta show_sku=\u00a0\u00bboff\u00a0\u00bb show_categories=\u00a0\u00bboff\u00a0\u00bb show_tags=\u00a0\u00bboff\u00a0\u00bb _builder_version=\u00a0\u00bb4.23.4&Prime; global_colors_info=\u00a0\u00bb{}\u00a0\u00bb][\/et_pb_wc_meta][et_pb_text _builder_version=\u00a0\u00bb4.23.4&Prime; _module_preset=\u00a0\u00bbdefault\u00a0\u00bb text_text_color=\u00a0\u00bb#FFFFFF\u00a0\u00bb text_orientation=\u00a0\u00bbjustified\u00a0\u00bb global_colors_info=\u00a0\u00bb{}\u00a0\u00bb]<\/p>\n<p>L\u2019innovant brasier Nobis garantit un<br \/>nettoyage automatique continu, sans<br \/>avoir besoin d\u2019op\u00e9rations manuelles.<br \/>Il n\u2019intervient pas \u00e0 intervalles<br \/>r\u00e9guliers, comme la plupart des<br \/>syst\u00e8mes du march\u00e9, mais seulement<br \/>si vraiment n\u00e9cessaire.<\/p>\n<p>[\/et_pb_text][et_pb_text _builder_version=\u00a0\u00bb4.23.4&Prime; _module_preset=\u00a0\u00bbdefault\u00a0\u00bb text_text_color=\u00a0\u00bb#FFFFFF\u00a0\u00bb text_orientation=\u00a0\u00bbjustified\u00a0\u00bb global_colors_info=\u00a0\u00bb{}\u00a0\u00bb]<\/p>\n<p>La durabilit\u00e9 et la qualit\u00e9 de nos<br \/>produits sont confirm\u00e9es chaque<br \/>ann\u00e9e par les principaux organismes<br \/>de certification nationaux et<br \/>internationaux qui, gr\u00e2ce \u00e0 des tests<br \/>en laboratoire, v\u00e9rifient et certifient<br \/>la fonctionnalit\u00e9, l&rsquo;efficacit\u00e9,<br \/>performance et s\u00e9curit\u00e9 de nos<br \/>po\u00eales.<\/p>\n<p>[\/et_pb_text][\/et_pb_column][\/et_pb_row][et_pb_row _builder_version=\u00a0\u00bb4.23.4&Prime; background_size=\u00a0\u00bbinitial\u00a0\u00bb background_position=\u00a0\u00bbtop_left\u00a0\u00bb background_repeat=\u00a0\u00bbrepeat\u00a0\u00bb width=\u00a0\u00bb100%\u00a0\u00bb custom_padding=\u00a0\u00bb|2%||2%|false|true\u00a0\u00bb global_colors_info=\u00a0\u00bb{}\u00a0\u00bb][et_pb_column type=\u00a0\u00bb4_4&Prime; _builder_version=\u00a0\u00bb4.16&Prime; custom_padding=\u00a0\u00bb|||\u00a0\u00bb global_colors_info=\u00a0\u00bb{}\u00a0\u00bb custom_padding__hover=\u00a0\u00bb|||\u00a0\u00bb][et_pb_text _builder_version=\u00a0\u00bb4.23.4&Prime; _module_preset=\u00a0\u00bbdefault\u00a0\u00bb text_text_color=\u00a0\u00bb#FFFFFF\u00a0\u00bb custom_css_free_form=\u00a0\u00bba {||  color : #FF6641;||}\u00a0\u00bb global_colors_info=\u00a0\u00bb{}\u00a0\u00bb]<\/p>\n<p>Pour plus d&rsquo;information sur ce produit, visitez le site fabricant <a href=\"https:\/\/www.nobisfire.it\/fr\/\">ici<\/a> !<\/p>\n<p>[\/et_pb_text][\/et_pb_column][\/et_pb_row][\/et_pb_section]<\/p>\n","protected":false},"excerpt":{"rendered":"<p>&nbsp;<\/p>\n<h5>Insert \u00e0 granul\u00e9s canalis\u00e9<\/h5>\n<div class=\"row top-details-detail\">\n<div class=\"col-12 col-sm-6 br\">\n<div class=\"top-detail pn\">\n<h6>Puissance nominale<\/h6>\n<p>4,6 &#8211; 11,2 kW<\/p>\n<\/div>\n<\/div>\n<div class=\"col-12 col-sm-6\">\n<div class=\"top-detail ri\">\n<h6>Chauffage<\/h6>\n<p>275 m\u00b3<\/p>\n<\/div>\n<\/div>\n<div class=\"col-12 col-sm-6 br\">\n<div class=\"top-detail pe\">\n<h6>Dimensions B x H x P<\/h6>\n<p>83 x 120 x 62 cm<\/p>\n<\/div>\n<\/div>\n<div class=\"col-12 col-sm-6\">\n<div class=\"top-detail po\">\n<h6>R\u00e9servoir \u00e0 granul\u00e9s<\/h6>\n<p>35 kg<\/p>\n<\/div>\n<\/div>\n<\/div>\n<table>\n<tbody>\n<tr>\n<td>Puissance thermique introduite (kW)<\/td>\n<td>5,2 &#8211; 12,5<\/td>\n<\/tr>\n<tr>\n<td>Rendement (%)<\/td>\n<td>89,2<\/td>\n<\/tr>\n<tr>\n<td>Consommation min-max de granul\u00e9s (Kg \/ h)<\/td>\n<td>1,08-2,61<\/td>\n<\/tr>\n<tr>\n<td>Autonomie min-max (h)<\/td>\n<td>13,4-32,4<\/td>\n<\/tr>\n<tr>\n<td>Puissance \u00e9lectrique en fonctionnement (W)<\/td>\n<td>60\/65<\/td>\n<\/tr>\n<tr>\n<td>Mesures B x H x P (mm)<\/td>\n<td>830 x 1200 x 620<\/td>\n<\/tr>\n<tr>\n<td>Poids (Kg)<\/td>\n<td>160<\/td>\n<\/tr>\n<tr>\n<td>Tuyau de sortie de fum\u00e9e (\u00d8 mm)<\/td>\n<td>80<\/td>\n<\/tr>\n<tr>\n<td>Temp\u00e9rature des fum\u00e9es (\u00b0 C)<\/td>\n<td>185<\/td>\n<\/tr>\n<tr>\n<td>Classe \u00e9nerg\u00e9tique<\/td>\n<td><span class=\"class\">A<sup>+<\/sup><\/span><\/td>\n<\/tr>\n<tr>\n<td>Classification environnementale AM186<\/td>\n<td><\/td>\n<\/tr>\n<\/tbody>\n<\/table>\n","protected":false},"featured_media":2018,"comment_status":"open","ping_status":"closed","template":"","meta":{"_et_pb_use_builder":"on","_et_pb_old_content":"<div class=\"wpb_text_column wpb_content_element vc_custom_1698328315508 sottotitolo-prodotto colore-bianco\">\r\n<div class=\"wpb_wrapper\">\r\n<h5>CARACT\u00c9RISTIQUES<\/h5>\r\n<ul>\r\n \t<li>WI-FI DE S\u00c8RIE<\/li>\r\n \t<li>MOTOR\u00c9DUCTEUR BRUSHLESS<\/li>\r\n \t<li>VENTILATION FRONTALE ET MOTEUR TANGENTIEL<\/li>\r\n \t<li>60 MM DOUBLE CANALISATION<\/li>\r\n \t<li>T\u00c9L\u00c9COMMANDE AVEC FONCTION DE THERMOSTAT D'AMBIANCE<\/li>\r\n \t<li>INSERT MONOBLOC \u00c0 GRANUL\u00c9S<\/li>\r\n \t<li>FRONTAL ET LAT\u00c9RAL CHARGEMENT SYST\u00c8ME<\/li>\r\n<\/ul>\r\n<\/div>\r\n<\/div>","_et_gb_content_width":""},"product_cat":[26],"product_tag":[],"class_list":{"0":"post-2013","1":"product","2":"type-product","3":"status-publish","4":"has-post-thumbnail","6":"product_cat-inserts-nobis","8":"first","9":"instock","10":"shipping-taxable","11":"product-type-simple"},"yoast_head":"<!-- This site is optimized with the Yoast SEO plugin v23.8 - https:\/\/yoast.com\/wordpress\/plugins\/seo\/ -->\n<title>Le po\u00eale B13 Ulisse - Aspinov<\/title>\n<meta name=\"description\" content=\"Explorez le Nobis B13Ulisse, un insert \u00e0 granul\u00e9s \u00e9l\u00e9gant offrant une combinaison parfaite de design moderne et d&#039;efficacit\u00e9.\" \/>\n<meta name=\"robots\" content=\"index, follow, max-snippet:-1, max-image-preview:large, max-video-preview:-1\" \/>\n<link rel=\"canonical\" href=\"https:\/\/www.aspinov.com\/index.php\/produit\/b13-ulisse\/\" \/>\n<meta property=\"og:locale\" content=\"fr_FR\" \/>\n<meta property=\"og:type\" content=\"article\" \/>\n<meta property=\"og:title\" content=\"Le po\u00eale B13 Ulisse - Aspinov\" \/>\n<meta property=\"og:description\" content=\"Explorez le Nobis B13Ulisse, un insert \u00e0 granul\u00e9s \u00e9l\u00e9gant offrant une combinaison parfaite de design moderne et d&#039;efficacit\u00e9.\" \/>\n<meta property=\"og:url\" content=\"https:\/\/www.aspinov.com\/index.php\/produit\/b13-ulisse\/\" \/>\n<meta property=\"og:site_name\" content=\"Aspinov\" \/>\n<meta property=\"article:publisher\" content=\"https:\/\/www.facebook.com\/Aspinov01\/\" \/>\n<meta property=\"article:modified_time\" content=\"2024-07-16T08:52:02+00:00\" \/>\n<meta property=\"og:image\" content=\"https:\/\/www.aspinov.com\/wp-content\/uploads\/2024\/07\/61_B13_C_Ulisse_Amb.webp\" \/>\n\t<meta property=\"og:image:width\" content=\"1920\" \/>\n\t<meta property=\"og:image:height\" content=\"1080\" \/>\n\t<meta property=\"og:image:type\" content=\"image\/webp\" \/>\n<meta name=\"twitter:card\" content=\"summary_large_image\" \/>\n<meta name=\"twitter:label1\" content=\"Dur\u00e9e de lecture estim\u00e9e\" \/>\n\t<meta name=\"twitter:data1\" content=\"2 minutes\" \/>\n<script type=\"application\/ld+json\" class=\"yoast-schema-graph\">{\"@context\":\"https:\/\/schema.org\",\"@graph\":[{\"@type\":\"WebPage\",\"@id\":\"https:\/\/www.aspinov.com\/index.php\/produit\/b13-ulisse\/\",\"url\":\"https:\/\/www.aspinov.com\/index.php\/produit\/b13-ulisse\/\",\"name\":\"Le po\u00eale B13 Ulisse - Aspinov\",\"isPartOf\":{\"@id\":\"https:\/\/www.aspinov.com\/#website\"},\"primaryImageOfPage\":{\"@id\":\"https:\/\/www.aspinov.com\/index.php\/produit\/b13-ulisse\/#primaryimage\"},\"image\":{\"@id\":\"https:\/\/www.aspinov.com\/index.php\/produit\/b13-ulisse\/#primaryimage\"},\"thumbnailUrl\":\"https:\/\/www.aspinov.com\/wp-content\/uploads\/2024\/07\/61_B13_C_Ulisse_Amb.webp\",\"datePublished\":\"2024-07-16T08:26:13+00:00\",\"dateModified\":\"2024-07-16T08:52:02+00:00\",\"description\":\"Explorez le Nobis B13Ulisse, un insert \u00e0 granul\u00e9s \u00e9l\u00e9gant offrant une combinaison parfaite de design moderne et d'efficacit\u00e9.\",\"breadcrumb\":{\"@id\":\"https:\/\/www.aspinov.com\/index.php\/produit\/b13-ulisse\/#breadcrumb\"},\"inLanguage\":\"fr-FR\",\"potentialAction\":[{\"@type\":\"ReadAction\",\"target\":[\"https:\/\/www.aspinov.com\/index.php\/produit\/b13-ulisse\/\"]}]},{\"@type\":\"ImageObject\",\"inLanguage\":\"fr-FR\",\"@id\":\"https:\/\/www.aspinov.com\/index.php\/produit\/b13-ulisse\/#primaryimage\",\"url\":\"https:\/\/www.aspinov.com\/wp-content\/uploads\/2024\/07\/61_B13_C_Ulisse_Amb.webp\",\"contentUrl\":\"https:\/\/www.aspinov.com\/wp-content\/uploads\/2024\/07\/61_B13_C_Ulisse_Amb.webp\",\"width\":1920,\"height\":1080,\"caption\":\"61_B13_C_Ulisse_Amb\"},{\"@type\":\"BreadcrumbList\",\"@id\":\"https:\/\/www.aspinov.com\/index.php\/produit\/b13-ulisse\/#breadcrumb\",\"itemListElement\":[{\"@type\":\"ListItem\",\"position\":1,\"name\":\"Accueil\",\"item\":\"https:\/\/www.aspinov.com\/\"},{\"@type\":\"ListItem\",\"position\":2,\"name\":\"Po\u00eales \u00e0 pellet NOBIS\",\"item\":\"https:\/\/www.aspinov.com\/index.php\/poeles-a-pellet-nobis\/\"},{\"@type\":\"ListItem\",\"position\":3,\"name\":\"Le po\u00eale B13 Ulisse\"}]},{\"@type\":\"WebSite\",\"@id\":\"https:\/\/www.aspinov.com\/#website\",\"url\":\"https:\/\/www.aspinov.com\/\",\"name\":\"Aspinov\",\"description\":\"\",\"publisher\":{\"@id\":\"https:\/\/www.aspinov.com\/#organization\"},\"potentialAction\":[{\"@type\":\"SearchAction\",\"target\":{\"@type\":\"EntryPoint\",\"urlTemplate\":\"https:\/\/www.aspinov.com\/?s={search_term_string}\"},\"query-input\":{\"@type\":\"PropertyValueSpecification\",\"valueRequired\":true,\"valueName\":\"search_term_string\"}}],\"inLanguage\":\"fr-FR\"},{\"@type\":\"Organization\",\"@id\":\"https:\/\/www.aspinov.com\/#organization\",\"name\":\"Aspinov\",\"url\":\"https:\/\/www.aspinov.com\/\",\"logo\":{\"@type\":\"ImageObject\",\"inLanguage\":\"fr-FR\",\"@id\":\"https:\/\/www.aspinov.com\/#\/schema\/logo\/image\/\",\"url\":\"https:\/\/www.aspinov.com\/wp-content\/uploads\/2024\/03\/cropped-LOGO-ASPINOV-_1_.webp\",\"contentUrl\":\"https:\/\/www.aspinov.com\/wp-content\/uploads\/2024\/03\/cropped-LOGO-ASPINOV-_1_.webp\",\"width\":512,\"height\":512,\"caption\":\"Aspinov\"},\"image\":{\"@id\":\"https:\/\/www.aspinov.com\/#\/schema\/logo\/image\/\"},\"sameAs\":[\"https:\/\/www.facebook.com\/Aspinov01\/\"]}]}<\/script>\n<!-- \/ Yoast SEO plugin. -->","yoast_head_json":{"title":"Le po\u00eale B13 Ulisse - Aspinov","description":"Explorez le Nobis B13Ulisse, un insert \u00e0 granul\u00e9s \u00e9l\u00e9gant offrant une combinaison parfaite de design moderne et d'efficacit\u00e9.","robots":{"index":"index","follow":"follow","max-snippet":"max-snippet:-1","max-image-preview":"max-image-preview:large","max-video-preview":"max-video-preview:-1"},"canonical":"https:\/\/www.aspinov.com\/index.php\/produit\/b13-ulisse\/","og_locale":"fr_FR","og_type":"article","og_title":"Le po\u00eale B13 Ulisse - Aspinov","og_description":"Explorez le Nobis B13Ulisse, un insert \u00e0 granul\u00e9s \u00e9l\u00e9gant offrant une combinaison parfaite de design moderne et d'efficacit\u00e9.","og_url":"https:\/\/www.aspinov.com\/index.php\/produit\/b13-ulisse\/","og_site_name":"Aspinov","article_publisher":"https:\/\/www.facebook.com\/Aspinov01\/","article_modified_time":"2024-07-16T08:52:02+00:00","og_image":[{"width":1920,"height":1080,"url":"https:\/\/www.aspinov.com\/wp-content\/uploads\/2024\/07\/61_B13_C_Ulisse_Amb.webp","type":"image\/webp"}],"twitter_card":"summary_large_image","twitter_misc":{"Dur\u00e9e de lecture estim\u00e9e":"2 minutes"},"schema":{"@context":"https:\/\/schema.org","@graph":[{"@type":"WebPage","@id":"https:\/\/www.aspinov.com\/index.php\/produit\/b13-ulisse\/","url":"https:\/\/www.aspinov.com\/index.php\/produit\/b13-ulisse\/","name":"Le po\u00eale B13 Ulisse - Aspinov","isPartOf":{"@id":"https:\/\/www.aspinov.com\/#website"},"primaryImageOfPage":{"@id":"https:\/\/www.aspinov.com\/index.php\/produit\/b13-ulisse\/#primaryimage"},"image":{"@id":"https:\/\/www.aspinov.com\/index.php\/produit\/b13-ulisse\/#primaryimage"},"thumbnailUrl":"https:\/\/www.aspinov.com\/wp-content\/uploads\/2024\/07\/61_B13_C_Ulisse_Amb.webp","datePublished":"2024-07-16T08:26:13+00:00","dateModified":"2024-07-16T08:52:02+00:00","description":"Explorez le Nobis B13Ulisse, un insert \u00e0 granul\u00e9s \u00e9l\u00e9gant offrant une combinaison parfaite de design moderne et d'efficacit\u00e9.","breadcrumb":{"@id":"https:\/\/www.aspinov.com\/index.php\/produit\/b13-ulisse\/#breadcrumb"},"inLanguage":"fr-FR","potentialAction":[{"@type":"ReadAction","target":["https:\/\/www.aspinov.com\/index.php\/produit\/b13-ulisse\/"]}]},{"@type":"ImageObject","inLanguage":"fr-FR","@id":"https:\/\/www.aspinov.com\/index.php\/produit\/b13-ulisse\/#primaryimage","url":"https:\/\/www.aspinov.com\/wp-content\/uploads\/2024\/07\/61_B13_C_Ulisse_Amb.webp","contentUrl":"https:\/\/www.aspinov.com\/wp-content\/uploads\/2024\/07\/61_B13_C_Ulisse_Amb.webp","width":1920,"height":1080,"caption":"61_B13_C_Ulisse_Amb"},{"@type":"BreadcrumbList","@id":"https:\/\/www.aspinov.com\/index.php\/produit\/b13-ulisse\/#breadcrumb","itemListElement":[{"@type":"ListItem","position":1,"name":"Accueil","item":"https:\/\/www.aspinov.com\/"},{"@type":"ListItem","position":2,"name":"Po\u00eales \u00e0 pellet NOBIS","item":"https:\/\/www.aspinov.com\/index.php\/poeles-a-pellet-nobis\/"},{"@type":"ListItem","position":3,"name":"Le po\u00eale B13 Ulisse"}]},{"@type":"WebSite","@id":"https:\/\/www.aspinov.com\/#website","url":"https:\/\/www.aspinov.com\/","name":"Aspinov","description":"","publisher":{"@id":"https:\/\/www.aspinov.com\/#organization"},"potentialAction":[{"@type":"SearchAction","target":{"@type":"EntryPoint","urlTemplate":"https:\/\/www.aspinov.com\/?s={search_term_string}"},"query-input":{"@type":"PropertyValueSpecification","valueRequired":true,"valueName":"search_term_string"}}],"inLanguage":"fr-FR"},{"@type":"Organization","@id":"https:\/\/www.aspinov.com\/#organization","name":"Aspinov","url":"https:\/\/www.aspinov.com\/","logo":{"@type":"ImageObject","inLanguage":"fr-FR","@id":"https:\/\/www.aspinov.com\/#\/schema\/logo\/image\/","url":"https:\/\/www.aspinov.com\/wp-content\/uploads\/2024\/03\/cropped-LOGO-ASPINOV-_1_.webp","contentUrl":"https:\/\/www.aspinov.com\/wp-content\/uploads\/2024\/03\/cropped-LOGO-ASPINOV-_1_.webp","width":512,"height":512,"caption":"Aspinov"},"image":{"@id":"https:\/\/www.aspinov.com\/#\/schema\/logo\/image\/"},"sameAs":["https:\/\/www.facebook.com\/Aspinov01\/"]}]}},"jetpack_sharing_enabled":true,"_links":{"self":[{"href":"https:\/\/www.aspinov.com\/index.php\/wp-json\/wp\/v2\/product\/2013","targetHints":{"allow":["GET"]}}],"collection":[{"href":"https:\/\/www.aspinov.com\/index.php\/wp-json\/wp\/v2\/product"}],"about":[{"href":"https:\/\/www.aspinov.com\/index.php\/wp-json\/wp\/v2\/types\/product"}],"replies":[{"embeddable":true,"href":"https:\/\/www.aspinov.com\/index.php\/wp-json\/wp\/v2\/comments?post=2013"}],"wp:featuredmedia":[{"embeddable":true,"href":"https:\/\/www.aspinov.com\/index.php\/wp-json\/wp\/v2\/media\/2018"}],"wp:attachment":[{"href":"https:\/\/www.aspinov.com\/index.php\/wp-json\/wp\/v2\/media?parent=2013"}],"wp:term":[{"taxonomy":"product_cat","embeddable":true,"href":"https:\/\/www.aspinov.com\/index.php\/wp-json\/wp\/v2\/product_cat?post=2013"},{"taxonomy":"product_tag","embeddable":true,"href":"https:\/\/www.aspinov.com\/index.php\/wp-json\/wp\/v2\/product_tag?post=2013"}],"curies":[{"name":"wp","href":"https:\/\/api.w.org\/{rel}","templated":true}]}}