{"id":449,"date":"2024-03-26T16:52:25","date_gmt":"2024-03-26T15:52:25","guid":{"rendered":"https:\/\/www.aspinov.com\/?post_type=product&#038;p=449"},"modified":"2024-03-30T09:11:22","modified_gmt":"2024-03-30T08:11:22","slug":"nobis-unica","status":"publish","type":"product","link":"https:\/\/www.aspinov.com\/index.php\/produit\/nobis-unica\/","title":{"rendered":"Le po\u00eale Unica 10 V\/C"},"content":{"rendered":"<p>[et_pb_section fb_built=\u00a0\u00bb1&Prime; _builder_version=\u00a0\u00bb4.23.4&Prime; background_enable_color=\u00a0\u00bboff\u00a0\u00bb custom_padding=\u00a0\u00bb0px||||false|false\u00a0\u00bb global_colors_info=\u00a0\u00bb{}\u00a0\u00bb][et_pb_row _builder_version=\u00a0\u00bb4.23.4&Prime; _module_preset=\u00a0\u00bbdefault\u00a0\u00bb custom_margin=\u00a0\u00bb||0px||false|false\u00a0\u00bb global_colors_info=\u00a0\u00bb{}\u00a0\u00bb][et_pb_column type=\u00a0\u00bb4_4&Prime; _builder_version=\u00a0\u00bb4.23.4&Prime; _module_preset=\u00a0\u00bbdefault\u00a0\u00bb global_colors_info=\u00a0\u00bb{}\u00a0\u00bb][et_pb_button button_url=\u00a0\u00bbhttps:\/\/www.aspinov.com\/index.php\/poeles-a-pellet-nobis\/\u00a0\u00bb button_text=\u00a0\u00bbRetour\u00a0\u00bb _builder_version=\u00a0\u00bb4.23.4&Prime; _module_preset=\u00a0\u00bbe8940638-d90c-46a0-a03b-37912ea7aecb\u00a0\u00bb button_border_width=\u00a0\u00bb0px\u00a0\u00bb button_icon=\u00a0\u00bb&#x34;||divi||400&Prime; button_icon_placement=\u00a0\u00bbleft\u00a0\u00bb][\/et_pb_button][\/et_pb_column][\/et_pb_row][et_pb_row _builder_version=\u00a0\u00bb4.23.4&Prime; _module_preset=\u00a0\u00bbdefault\u00a0\u00bb custom_margin=\u00a0\u00bb0px||||false|false\u00a0\u00bb global_colors_info=\u00a0\u00bb{}\u00a0\u00bb][et_pb_column type=\u00a0\u00bb4_4&Prime; _builder_version=\u00a0\u00bb4.23.4&Prime; _module_preset=\u00a0\u00bbdefault\u00a0\u00bb global_colors_info=\u00a0\u00bb{}\u00a0\u00bb][et_pb_wc_title _builder_version=\u00a0\u00bb4.23.4&Prime; header_font=\u00a0\u00bb|||on|||||\u00a0\u00bb header_text_align=\u00a0\u00bbcenter\u00a0\u00bb header_text_color=\u00a0\u00bb#FFFFFF\u00a0\u00bb custom_margin=\u00a0\u00bb5vh||5vh||true|false\u00a0\u00bb global_colors_info=\u00a0\u00bb{}\u00a0\u00bb][\/et_pb_wc_title][et_pb_text _builder_version=\u00a0\u00bb4.23.4&Prime; _module_preset=\u00a0\u00bbdefault\u00a0\u00bb text_font=\u00a0\u00bb|||on|||||\u00a0\u00bb text_text_color=\u00a0\u00bb#ff6641&Prime; text_font_size=\u00a0\u00bb20px\u00a0\u00bb text_orientation=\u00a0\u00bbcenter\u00a0\u00bb custom_margin=\u00a0\u00bb||5vh||false|false\u00a0\u00bb global_colors_info=\u00a0\u00bb{}\u00a0\u00bb]<\/p>\n<p>Le po\u00eale Mixte Nobis<\/p>\n<p>[\/et_pb_text][\/et_pb_column][\/et_pb_row][et_pb_row column_structure=\u00a0\u00bb1_2,1_2&Prime; _builder_version=\u00a0\u00bb4.23.4&Prime; background_size=\u00a0\u00bbinitial\u00a0\u00bb background_position=\u00a0\u00bbtop_left\u00a0\u00bb background_repeat=\u00a0\u00bbrepeat\u00a0\u00bb width=\u00a0\u00bb100%\u00a0\u00bb custom_padding=\u00a0\u00bb0px||||false|false\u00a0\u00bb global_colors_info=\u00a0\u00bb{}\u00a0\u00bb][et_pb_column type=\u00a0\u00bb1_2&Prime; _builder_version=\u00a0\u00bb4.16&Prime; custom_padding=\u00a0\u00bb|||\u00a0\u00bb global_colors_info=\u00a0\u00bb{}\u00a0\u00bb custom_padding__hover=\u00a0\u00bb|||\u00a0\u00bb][et_pb_wc_images _builder_version=\u00a0\u00bb4.23.4&Prime; global_colors_info=\u00a0\u00bb{}\u00a0\u00bb][\/et_pb_wc_images][et_pb_wc_description _builder_version=\u00a0\u00bb4.23.4&Prime; _module_preset=\u00a0\u00bbdefault\u00a0\u00bb body_text_color=\u00a0\u00bb#FFFFFF\u00a0\u00bb header_font=\u00a0\u00bb|||on|||||\u00a0\u00bb header_text_color=\u00a0\u00bb#FFFFFF\u00a0\u00bb header_5_font=\u00a0\u00bb|||on|||||\u00a0\u00bb header_5_text_color=\u00a0\u00bb#FFFFFF\u00a0\u00bb header_6_font=\u00a0\u00bb|||on|||||\u00a0\u00bb header_6_text_color=\u00a0\u00bb#FFFFFF\u00a0\u00bb global_colors_info=\u00a0\u00bb{}\u00a0\u00bb][\/et_pb_wc_description][\/et_pb_column][et_pb_column type=\u00a0\u00bb1_2&Prime; _builder_version=\u00a0\u00bb4.16&Prime; custom_padding=\u00a0\u00bb|||\u00a0\u00bb global_colors_info=\u00a0\u00bb{}\u00a0\u00bb custom_padding__hover=\u00a0\u00bb|||\u00a0\u00bb][et_pb_wc_rating _builder_version=\u00a0\u00bb4.16&Prime; global_colors_info=\u00a0\u00bb{}\u00a0\u00bb][\/et_pb_wc_rating][et_pb_wc_price _builder_version=\u00a0\u00bb4.16&Prime; global_colors_info=\u00a0\u00bb{}\u00a0\u00bb][\/et_pb_wc_price][et_pb_wc_description description_type=\u00a0\u00bbdescription\u00a0\u00bb _builder_version=\u00a0\u00bb4.23.4&Prime; body_text_color=\u00a0\u00bb#FFFFFF\u00a0\u00bb header_font=\u00a0\u00bb|||on|||||\u00a0\u00bb header_text_color=\u00a0\u00bb#FFFFFF\u00a0\u00bb header_5_font=\u00a0\u00bb|||on|||||\u00a0\u00bb header_5_text_color=\u00a0\u00bb#FFFFFF\u00a0\u00bb global_colors_info=\u00a0\u00bb{}\u00a0\u00bb][\/et_pb_wc_description][et_pb_wc_add_to_cart _builder_version=\u00a0\u00bb4.16&Prime; global_colors_info=\u00a0\u00bb{}\u00a0\u00bb][\/et_pb_wc_add_to_cart][et_pb_wc_meta show_sku=\u00a0\u00bboff\u00a0\u00bb show_categories=\u00a0\u00bboff\u00a0\u00bb show_tags=\u00a0\u00bboff\u00a0\u00bb _builder_version=\u00a0\u00bb4.23.4&Prime; global_colors_info=\u00a0\u00bb{}\u00a0\u00bb][\/et_pb_wc_meta][et_pb_text _builder_version=\u00a0\u00bb4.23.4&Prime; _module_preset=\u00a0\u00bbdefault\u00a0\u00bb text_text_color=\u00a0\u00bb#FFFFFF\u00a0\u00bb text_orientation=\u00a0\u00bbjustified\u00a0\u00bb global_colors_info=\u00a0\u00bb{}\u00a0\u00bb]<\/p>\n<p>L\u2019innovant brasier Nobis garantit un<br \/>nettoyage automatique continu, sans<br \/>avoir besoin d\u2019op\u00e9rations manuelles.<br \/>Il n\u2019intervient pas \u00e0 intervalles<br \/>r\u00e9guliers, comme la plupart des<br \/>syst\u00e8mes du march\u00e9, mais seulement<br \/>si vraiment n\u00e9cessaire.<\/p>\n<p>[\/et_pb_text][et_pb_text _builder_version=\u00a0\u00bb4.23.4&Prime; _module_preset=\u00a0\u00bbdefault\u00a0\u00bb text_text_color=\u00a0\u00bb#FFFFFF\u00a0\u00bb text_orientation=\u00a0\u00bbjustified\u00a0\u00bb global_colors_info=\u00a0\u00bb{}\u00a0\u00bb]<\/p>\n<p>La durabilit\u00e9 et la qualit\u00e9 de nos<br \/>produits sont confirm\u00e9es chaque<br \/>ann\u00e9e par les principaux organismes<br \/>de certification nationaux et<br \/>internationaux qui, gr\u00e2ce \u00e0 des tests<br \/>en laboratoire, v\u00e9rifient et certifient<br \/>la fonctionnalit\u00e9, l&rsquo;efficacit\u00e9,<br \/>performance et s\u00e9curit\u00e9 de nos<br \/>po\u00eales.<\/p>\n<p>[\/et_pb_text][\/et_pb_column][\/et_pb_row][et_pb_row _builder_version=\u00a0\u00bb4.23.4&Prime; background_size=\u00a0\u00bbinitial\u00a0\u00bb background_position=\u00a0\u00bbtop_left\u00a0\u00bb background_repeat=\u00a0\u00bbrepeat\u00a0\u00bb width=\u00a0\u00bb100%\u00a0\u00bb custom_padding=\u00a0\u00bb|2%||2%|false|true\u00a0\u00bb global_colors_info=\u00a0\u00bb{}\u00a0\u00bb][et_pb_column type=\u00a0\u00bb4_4&Prime; _builder_version=\u00a0\u00bb4.16&Prime; custom_padding=\u00a0\u00bb|||\u00a0\u00bb global_colors_info=\u00a0\u00bb{}\u00a0\u00bb custom_padding__hover=\u00a0\u00bb|||\u00a0\u00bb][et_pb_text _builder_version=\u00a0\u00bb4.23.4&Prime; _module_preset=\u00a0\u00bbdefault\u00a0\u00bb text_text_color=\u00a0\u00bb#FFFFFF\u00a0\u00bb custom_css_free_form=\u00a0\u00bba {||  color : #FF6641;||}\u00a0\u00bb global_colors_info=\u00a0\u00bb{}\u00a0\u00bb]<\/p>\n<p>Pour plus d&rsquo;information sur ce produit, visitez le site fabricant <a href=\"https:\/\/www.nobisfire.it\/fr\/\">ici<\/a> !<\/p>\n<p>[\/et_pb_text][\/et_pb_column][\/et_pb_row][\/et_pb_section]<\/p>\n","protected":false},"excerpt":{"rendered":"<h5>PO\u00caLE NOBIS UNICA HYBRIDE PELLET &#8211; BOIS AVEC CONVECTION NATURELLE, VENTILATION FRONTALE ET CANALISATION UNIQUE (60MM)<\/h5>\n<div class=\"top-detail po\">\n<div class=\"col-12 col-sm-6 br\">\n<div class=\"top-detail pn\">\n<h6>PUISSANCE NOMINALE :\u00a04,2 &#8211; 9,3 kW<\/h6>\n<\/div>\n<\/div>\n<div class=\"col-12 col-sm-6\">\n<div class=\"top-detail ri\">\n<h6>CHAUFFAGE : 228 m\u00b3<\/h6>\n<\/div>\n<\/div>\n<div class=\"col-12 col-sm-6 br\">\n<div class=\"top-detail pe\">\n<h6>DIMENSIONS B x H x P :\u00a0480 x 1190 x 850 mm<\/h6>\n<\/div>\n<\/div>\n<div class=\"col-12 col-sm-6\">\n<div class=\"top-detail po\">\n<h6>R\u00c9SERVOIR \u00c0 GRANUL\u00c9S :\u00a018 Kg<\/h6>\n<p>&nbsp;<\/p>\n<\/div>\n<\/div>\n<\/div>\n<table>\n<tbody>\n<tr>\n<td>Puissance thermique introduite (kW)<\/td>\n<td>4,6 &#8211; 10,3<\/td>\n<\/tr>\n<tr>\n<td>Rendement (%)<\/td>\n<td>90,0 &#8211; 91,0<\/td>\n<\/tr>\n<tr>\n<td>Consommation min-max de granul\u00e9s (Kg \/ h)<\/td>\n<td>0,9 &#8211; 2,2<\/td>\n<\/tr>\n<tr>\n<td>Autonomie min-max (h)<\/td>\n<td>8 &#8211; 18<\/td>\n<\/tr>\n<tr>\n<td>Puissance \u00e9lectrique en fonctionnement (W)<\/td>\n<td>V 55 \/ C 95 W<\/td>\n<\/tr>\n<tr>\n<td>Mesures B x H x P (mm)<\/td>\n<td>480 x 1190 x 850<\/td>\n<\/tr>\n<tr>\n<td>Poids (Kg)<\/td>\n<td>250<\/td>\n<\/tr>\n<tr>\n<td>Tuyau de sortie de fum\u00e9e arri\u00e8re (\u00d8 mm)<\/td>\n<td>130 &#8211; Uscita superiore<\/td>\n<\/tr>\n<tr>\n<td>Temp\u00e9rature des fum\u00e9es (\u00b0 C)<\/td>\n<td>258<\/td>\n<\/tr>\n<tr>\n<td>Classe \u00e9nerg\u00e9tique<\/td>\n<td><span class=\"class\">A<sup>+<\/sup><\/span><\/td>\n<\/tr>\n<tr>\n<td>Classification environnementale AM186<\/td>\n<td><\/td>\n<\/tr>\n<\/tbody>\n<\/table>\n","protected":false},"featured_media":467,"comment_status":"open","ping_status":"closed","template":"","meta":{"_et_pb_use_builder":"on","_et_pb_old_content":"<h5>Po\u00eale hybride Nobis Unica (granul\u00e9s-bois).<\/h5>\r\nConvection naturelle enti\u00e8rement d\u00e9sactivable, ventilation sup\u00e9rieure et canalisation arri\u00e8re (disponible avec kit en option). Brasier autonettoyant avec syst\u00e8me de contr\u00f4le automatique de la combustion et du d\u00e9bit d\u2019air, optimis\u00e9 en fonction du combustible utilis\u00e9\r\n\r\n&nbsp;\r\n<h5>FONCTIONNALIT\u00c9S SUPPL\u00c9MENTAIRES<\/h5>\r\n<ul>\r\n \t<li>Po\u00eale hybride \u00e0 granul\u00e9s\/bois<\/li>\r\n \t<li>Ventilation sup\u00e9rieure<\/li>\r\n \t<li>Convection naturelle<\/li>\r\n \t<li>Commande de la cuisini\u00e8re par un appareil portatif avec fonction de thermostat d\u2019ambiance<\/li>\r\n \t<li>Contr\u00f4lable avec le kit Wi-Fi<\/li>\r\n \t<li>Nettoyage automatique du brasero (mode pellets)<\/li>\r\n \t<li>Moteur \u00e0 engrenages sans balais<\/li>\r\n \t<li>Po\u00eale herm\u00e9tique<\/li>\r\n \t<li>Option de gaine simple \u00d860<\/li>\r\n<\/ul>\r\n<h5>TECHNOLOGIES<\/h5>\r\n<ul>\r\n \t<li>Passage automatique du mode a granul\u00e9s au mode bois<\/li>\r\n \t<li>Contr\u00f4le automatique de la combustion<\/li>\r\n \t<li>Gestion de l\u2019air primaire, secondaire et tertiaire<\/li>\r\n \t<li>Brasero autonettoyant<\/li>\r\n \t<li>Elemento logiciel<\/li>\r\n<\/ul>","_et_gb_content_width":""},"product_cat":[27],"product_tag":[],"class_list":{"0":"post-449","1":"product","2":"type-product","3":"status-publish","4":"has-post-thumbnail","6":"product_cat-poele-hybride-nobis","8":"first","9":"instock","10":"shipping-taxable","11":"product-type-simple"},"yoast_head":"<!-- This site is optimized with the Yoast SEO plugin v23.8 - https:\/\/yoast.com\/wordpress\/plugins\/seo\/ -->\n<title>Nobis Le po\u00eale Unica 10 V\/C - Aspinov<\/title>\n<meta name=\"description\" content=\"Po\u00eale nobis unica 10V\/C hybride. Convection naturelle enti\u00e8rement d\u00e9sactivable, ventilation sup\u00e9rieure et canalisation arri\u00e8re.\" \/>\n<meta name=\"robots\" content=\"index, follow, max-snippet:-1, max-image-preview:large, max-video-preview:-1\" \/>\n<link rel=\"canonical\" href=\"https:\/\/www.aspinov.com\/index.php\/produit\/nobis-unica\/\" \/>\n<meta property=\"og:locale\" content=\"fr_FR\" \/>\n<meta property=\"og:type\" content=\"article\" \/>\n<meta property=\"og:title\" content=\"Nobis Le po\u00eale Unica 10 V\/C - Aspinov\" \/>\n<meta property=\"og:description\" content=\"Po\u00eale nobis unica 10V\/C hybride. Convection naturelle enti\u00e8rement d\u00e9sactivable, ventilation sup\u00e9rieure et canalisation arri\u00e8re.\" \/>\n<meta property=\"og:url\" content=\"https:\/\/www.aspinov.com\/index.php\/produit\/nobis-unica\/\" \/>\n<meta property=\"og:site_name\" content=\"Aspinov\" \/>\n<meta property=\"article:publisher\" content=\"https:\/\/www.facebook.com\/Aspinov01\/\" \/>\n<meta property=\"article:modified_time\" content=\"2024-03-30T08:11:22+00:00\" \/>\n<meta property=\"og:image\" content=\"https:\/\/www.aspinov.com\/wp-content\/uploads\/2024\/03\/A9_Unica_pellet_Amb.webp\" \/>\n\t<meta property=\"og:image:width\" content=\"1650\" \/>\n\t<meta property=\"og:image:height\" content=\"1880\" \/>\n\t<meta property=\"og:image:type\" content=\"image\/webp\" \/>\n<meta name=\"twitter:card\" content=\"summary_large_image\" \/>\n<meta name=\"twitter:label1\" content=\"Dur\u00e9e de lecture estim\u00e9e\" \/>\n\t<meta name=\"twitter:data1\" content=\"2 minutes\" \/>\n<script type=\"application\/ld+json\" class=\"yoast-schema-graph\">{\"@context\":\"https:\/\/schema.org\",\"@graph\":[{\"@type\":\"WebPage\",\"@id\":\"https:\/\/www.aspinov.com\/index.php\/produit\/nobis-unica\/\",\"url\":\"https:\/\/www.aspinov.com\/index.php\/produit\/nobis-unica\/\",\"name\":\"Nobis Le po\u00eale Unica 10 V\/C - Aspinov\",\"isPartOf\":{\"@id\":\"https:\/\/www.aspinov.com\/#website\"},\"primaryImageOfPage\":{\"@id\":\"https:\/\/www.aspinov.com\/index.php\/produit\/nobis-unica\/#primaryimage\"},\"image\":{\"@id\":\"https:\/\/www.aspinov.com\/index.php\/produit\/nobis-unica\/#primaryimage\"},\"thumbnailUrl\":\"https:\/\/www.aspinov.com\/wp-content\/uploads\/2024\/03\/A9_Unica_pellet_Amb.webp\",\"datePublished\":\"2024-03-26T15:52:25+00:00\",\"dateModified\":\"2024-03-30T08:11:22+00:00\",\"description\":\"Po\u00eale nobis unica 10V\/C hybride. Convection naturelle enti\u00e8rement d\u00e9sactivable, ventilation sup\u00e9rieure et canalisation arri\u00e8re.\",\"breadcrumb\":{\"@id\":\"https:\/\/www.aspinov.com\/index.php\/produit\/nobis-unica\/#breadcrumb\"},\"inLanguage\":\"fr-FR\",\"potentialAction\":[{\"@type\":\"ReadAction\",\"target\":[\"https:\/\/www.aspinov.com\/index.php\/produit\/nobis-unica\/\"]}]},{\"@type\":\"ImageObject\",\"inLanguage\":\"fr-FR\",\"@id\":\"https:\/\/www.aspinov.com\/index.php\/produit\/nobis-unica\/#primaryimage\",\"url\":\"https:\/\/www.aspinov.com\/wp-content\/uploads\/2024\/03\/A9_Unica_pellet_Amb.webp\",\"contentUrl\":\"https:\/\/www.aspinov.com\/wp-content\/uploads\/2024\/03\/A9_Unica_pellet_Amb.webp\",\"width\":1650,\"height\":1880,\"caption\":\"Po\u00eales \u00e0 pellet nobis A9_Unica_pellet_Amb\"},{\"@type\":\"BreadcrumbList\",\"@id\":\"https:\/\/www.aspinov.com\/index.php\/produit\/nobis-unica\/#breadcrumb\",\"itemListElement\":[{\"@type\":\"ListItem\",\"position\":1,\"name\":\"Accueil\",\"item\":\"https:\/\/www.aspinov.com\/\"},{\"@type\":\"ListItem\",\"position\":2,\"name\":\"Po\u00eales \u00e0 pellet NOBIS\",\"item\":\"https:\/\/www.aspinov.com\/index.php\/poeles-a-pellet-nobis\/\"},{\"@type\":\"ListItem\",\"position\":3,\"name\":\"Le po\u00eale Unica 10 V\/C\"}]},{\"@type\":\"WebSite\",\"@id\":\"https:\/\/www.aspinov.com\/#website\",\"url\":\"https:\/\/www.aspinov.com\/\",\"name\":\"Aspinov\",\"description\":\"\",\"publisher\":{\"@id\":\"https:\/\/www.aspinov.com\/#organization\"},\"potentialAction\":[{\"@type\":\"SearchAction\",\"target\":{\"@type\":\"EntryPoint\",\"urlTemplate\":\"https:\/\/www.aspinov.com\/?s={search_term_string}\"},\"query-input\":{\"@type\":\"PropertyValueSpecification\",\"valueRequired\":true,\"valueName\":\"search_term_string\"}}],\"inLanguage\":\"fr-FR\"},{\"@type\":\"Organization\",\"@id\":\"https:\/\/www.aspinov.com\/#organization\",\"name\":\"Aspinov\",\"url\":\"https:\/\/www.aspinov.com\/\",\"logo\":{\"@type\":\"ImageObject\",\"inLanguage\":\"fr-FR\",\"@id\":\"https:\/\/www.aspinov.com\/#\/schema\/logo\/image\/\",\"url\":\"https:\/\/www.aspinov.com\/wp-content\/uploads\/2024\/03\/cropped-LOGO-ASPINOV-_1_.webp\",\"contentUrl\":\"https:\/\/www.aspinov.com\/wp-content\/uploads\/2024\/03\/cropped-LOGO-ASPINOV-_1_.webp\",\"width\":512,\"height\":512,\"caption\":\"Aspinov\"},\"image\":{\"@id\":\"https:\/\/www.aspinov.com\/#\/schema\/logo\/image\/\"},\"sameAs\":[\"https:\/\/www.facebook.com\/Aspinov01\/\"]}]}<\/script>\n<!-- \/ Yoast SEO plugin. -->","yoast_head_json":{"title":"Nobis Le po\u00eale Unica 10 V\/C - Aspinov","description":"Po\u00eale nobis unica 10V\/C hybride. Convection naturelle enti\u00e8rement d\u00e9sactivable, ventilation sup\u00e9rieure et canalisation arri\u00e8re.","robots":{"index":"index","follow":"follow","max-snippet":"max-snippet:-1","max-image-preview":"max-image-preview:large","max-video-preview":"max-video-preview:-1"},"canonical":"https:\/\/www.aspinov.com\/index.php\/produit\/nobis-unica\/","og_locale":"fr_FR","og_type":"article","og_title":"Nobis Le po\u00eale Unica 10 V\/C - Aspinov","og_description":"Po\u00eale nobis unica 10V\/C hybride. Convection naturelle enti\u00e8rement d\u00e9sactivable, ventilation sup\u00e9rieure et canalisation arri\u00e8re.","og_url":"https:\/\/www.aspinov.com\/index.php\/produit\/nobis-unica\/","og_site_name":"Aspinov","article_publisher":"https:\/\/www.facebook.com\/Aspinov01\/","article_modified_time":"2024-03-30T08:11:22+00:00","og_image":[{"width":1650,"height":1880,"url":"https:\/\/www.aspinov.com\/wp-content\/uploads\/2024\/03\/A9_Unica_pellet_Amb.webp","type":"image\/webp"}],"twitter_card":"summary_large_image","twitter_misc":{"Dur\u00e9e de lecture estim\u00e9e":"2 minutes"},"schema":{"@context":"https:\/\/schema.org","@graph":[{"@type":"WebPage","@id":"https:\/\/www.aspinov.com\/index.php\/produit\/nobis-unica\/","url":"https:\/\/www.aspinov.com\/index.php\/produit\/nobis-unica\/","name":"Nobis Le po\u00eale Unica 10 V\/C - Aspinov","isPartOf":{"@id":"https:\/\/www.aspinov.com\/#website"},"primaryImageOfPage":{"@id":"https:\/\/www.aspinov.com\/index.php\/produit\/nobis-unica\/#primaryimage"},"image":{"@id":"https:\/\/www.aspinov.com\/index.php\/produit\/nobis-unica\/#primaryimage"},"thumbnailUrl":"https:\/\/www.aspinov.com\/wp-content\/uploads\/2024\/03\/A9_Unica_pellet_Amb.webp","datePublished":"2024-03-26T15:52:25+00:00","dateModified":"2024-03-30T08:11:22+00:00","description":"Po\u00eale nobis unica 10V\/C hybride. Convection naturelle enti\u00e8rement d\u00e9sactivable, ventilation sup\u00e9rieure et canalisation arri\u00e8re.","breadcrumb":{"@id":"https:\/\/www.aspinov.com\/index.php\/produit\/nobis-unica\/#breadcrumb"},"inLanguage":"fr-FR","potentialAction":[{"@type":"ReadAction","target":["https:\/\/www.aspinov.com\/index.php\/produit\/nobis-unica\/"]}]},{"@type":"ImageObject","inLanguage":"fr-FR","@id":"https:\/\/www.aspinov.com\/index.php\/produit\/nobis-unica\/#primaryimage","url":"https:\/\/www.aspinov.com\/wp-content\/uploads\/2024\/03\/A9_Unica_pellet_Amb.webp","contentUrl":"https:\/\/www.aspinov.com\/wp-content\/uploads\/2024\/03\/A9_Unica_pellet_Amb.webp","width":1650,"height":1880,"caption":"Po\u00eales \u00e0 pellet nobis A9_Unica_pellet_Amb"},{"@type":"BreadcrumbList","@id":"https:\/\/www.aspinov.com\/index.php\/produit\/nobis-unica\/#breadcrumb","itemListElement":[{"@type":"ListItem","position":1,"name":"Accueil","item":"https:\/\/www.aspinov.com\/"},{"@type":"ListItem","position":2,"name":"Po\u00eales \u00e0 pellet NOBIS","item":"https:\/\/www.aspinov.com\/index.php\/poeles-a-pellet-nobis\/"},{"@type":"ListItem","position":3,"name":"Le po\u00eale Unica 10 V\/C"}]},{"@type":"WebSite","@id":"https:\/\/www.aspinov.com\/#website","url":"https:\/\/www.aspinov.com\/","name":"Aspinov","description":"","publisher":{"@id":"https:\/\/www.aspinov.com\/#organization"},"potentialAction":[{"@type":"SearchAction","target":{"@type":"EntryPoint","urlTemplate":"https:\/\/www.aspinov.com\/?s={search_term_string}"},"query-input":{"@type":"PropertyValueSpecification","valueRequired":true,"valueName":"search_term_string"}}],"inLanguage":"fr-FR"},{"@type":"Organization","@id":"https:\/\/www.aspinov.com\/#organization","name":"Aspinov","url":"https:\/\/www.aspinov.com\/","logo":{"@type":"ImageObject","inLanguage":"fr-FR","@id":"https:\/\/www.aspinov.com\/#\/schema\/logo\/image\/","url":"https:\/\/www.aspinov.com\/wp-content\/uploads\/2024\/03\/cropped-LOGO-ASPINOV-_1_.webp","contentUrl":"https:\/\/www.aspinov.com\/wp-content\/uploads\/2024\/03\/cropped-LOGO-ASPINOV-_1_.webp","width":512,"height":512,"caption":"Aspinov"},"image":{"@id":"https:\/\/www.aspinov.com\/#\/schema\/logo\/image\/"},"sameAs":["https:\/\/www.facebook.com\/Aspinov01\/"]}]}},"jetpack_sharing_enabled":true,"_links":{"self":[{"href":"https:\/\/www.aspinov.com\/index.php\/wp-json\/wp\/v2\/product\/449","targetHints":{"allow":["GET"]}}],"collection":[{"href":"https:\/\/www.aspinov.com\/index.php\/wp-json\/wp\/v2\/product"}],"about":[{"href":"https:\/\/www.aspinov.com\/index.php\/wp-json\/wp\/v2\/types\/product"}],"replies":[{"embeddable":true,"href":"https:\/\/www.aspinov.com\/index.php\/wp-json\/wp\/v2\/comments?post=449"}],"wp:featuredmedia":[{"embeddable":true,"href":"https:\/\/www.aspinov.com\/index.php\/wp-json\/wp\/v2\/media\/467"}],"wp:attachment":[{"href":"https:\/\/www.aspinov.com\/index.php\/wp-json\/wp\/v2\/media?parent=449"}],"wp:term":[{"taxonomy":"product_cat","embeddable":true,"href":"https:\/\/www.aspinov.com\/index.php\/wp-json\/wp\/v2\/product_cat?post=449"},{"taxonomy":"product_tag","embeddable":true,"href":"https:\/\/www.aspinov.com\/index.php\/wp-json\/wp\/v2\/product_tag?post=449"}],"curies":[{"name":"wp","href":"https:\/\/api.w.org\/{rel}","templated":true}]}}