{"id":949,"date":"2024-03-30T09:09:06","date_gmt":"2024-03-30T08:09:06","guid":{"rendered":"https:\/\/www.aspinov.com\/index.php\/produit\/le-poele-a10-v-c-plus-quadra\/"},"modified":"2024-04-03T11:36:13","modified_gmt":"2024-04-03T09:36:13","slug":"a10-v-c-plus-quadra","status":"publish","type":"product","link":"https:\/\/www.aspinov.com\/index.php\/produit\/a10-v-c-plus-quadra\/","title":{"rendered":"Le po\u00eale A10 V\/C Plus Quadra"},"content":{"rendered":"<p>[et_pb_section fb_built=\u00a0\u00bb1&Prime; theme_builder_area=\u00a0\u00bbpost_content\u00a0\u00bb _builder_version=\u00a0\u00bb4.23.4&Prime; _module_preset=\u00a0\u00bbdefault\u00a0\u00bb][\/et_pb_section]<\/p>\n","protected":false},"excerpt":{"rendered":"<p>&nbsp;<\/p>\n<h5>PO\u00caLE \u00c0 GRANUL\u00c9S \u00c0 CONVECTION NATURELLE, VENTILATION FRONTALE, AVEC MOTEUR CENTRIFUGE ET UN DIAM\u00c8TRE DE CANALISATION ARRI\u00c8RE 80 (EN OPTION).<\/h5>\n<div class=\"row top-details-detail\">\n<div class=\"col-12 col-sm-6 br\">\n<div class=\"top-detail pn\">\n<h6>Puissance nominale<\/h6>\n<p>3,8 &#8211; 9,5 kW<\/p>\n<\/div>\n<\/div>\n<div class=\"col-12 col-sm-6\">\n<div class=\"top-detail ri\">\n<h6>Chauffage<\/h6>\n<p>233 m\u00b3<\/p>\n<\/div>\n<\/div>\n<div class=\"col-12 col-sm-6 br\">\n<div class=\"top-detail pe\">\n<h6>Dimensions B x H x P<\/h6>\n<p>440 x 1120 x 500 mm<\/p>\n<\/div>\n<\/div>\n<div class=\"col-12 col-sm-6\">\n<div class=\"top-detail po\">\n<h6>R\u00e9servoir \u00e0 granul\u00e9s<\/h6>\n<p>19 Kg<\/p>\n<\/div>\n<\/div>\n<\/div>\n<table>\n<tbody>\n<tr>\n<td>Puissance thermique introduite (kW)<\/td>\n<td>4,1 &#8211; 10,4<\/td>\n<\/tr>\n<tr>\n<td>Rendement (%)<\/td>\n<td>90,9 &#8211; 93,2<\/td>\n<\/tr>\n<tr>\n<td>Consommation min-max de granul\u00e9s (Kg \/ h)<\/td>\n<td>0,86 &#8211; 2,16<\/td>\n<\/tr>\n<tr>\n<td>Autonomie min-max (h)<\/td>\n<td>8,8 &#8211; 22,1<\/td>\n<\/tr>\n<tr>\n<td>Puissance \u00e9lectrique en fonctionnement (W)<\/td>\n<td>V 15 \/ C 60<\/td>\n<\/tr>\n<tr>\n<td>Mesures B x H x P (mm)<\/td>\n<td>440 x 1120 x 500<\/td>\n<\/tr>\n<tr>\n<td>Poids (Kg)<\/td>\n<td>153<\/td>\n<\/tr>\n<tr>\n<td>Tuyau de sortie de fum\u00e9e arri\u00e8re (\u00d8 mm)<\/td>\n<td>80<\/td>\n<\/tr>\n<tr>\n<td>Temp\u00e9rature des fum\u00e9es (\u00b0 C)<\/td>\n<td>168<\/td>\n<\/tr>\n<tr>\n<td>Classe \u00e9nerg\u00e9tique<\/td>\n<td><span class=\"class\">A<sup>++<\/sup><\/span><\/td>\n<\/tr>\n<tr>\n<td>Classification environnementale AM186<\/td>\n<td><\/td>\n<\/tr>\n<\/tbody>\n<\/table>\n","protected":false},"featured_media":627,"comment_status":"open","ping_status":"closed","template":"","meta":{"_et_pb_use_builder":"on","_et_pb_old_content":"Po\u00eale \u00e0 granul\u00e9s \u00e0 air, dessus en fonte, rev\u00eatement en acier peint, fa\u00e7ade en gr\u00e8s c\u00e9rame ou verre, belle vue sur la flamme, vitroc\u00e9ramique r\u00e9sistante \u00e0 800\u00b0C, grand tiroir \u00e0 cendres, syst\u00e8me de nettoyage automatique du brasier, avec une ventilation frontale augment\u00e9e, qui est standarde et excluable, un conduit arri\u00e8re (uniquement sur A10C Plus Quadra), fonctionnement par convection naturelle \u00e0 n\u2019importe quelle puissance, logiciel standard elemento.\r\n<h5>Fonctionnalit\u00e9s suppl\u00e9mentaires<\/h5>\r\n<ul>\r\n \t<li>Convection naturelle<\/li>\r\n \t<li>Ventilation frontale activable<\/li>\r\n \t<li>Ventilation avec moteur centrifuge<\/li>\r\n \t<li>7 niveaux de puissance<\/li>\r\n \t<li>Tiroir \u00e0 cendres confortable<\/li>\r\n \t<li>\u00c9changeurs de chaleur en fonte<\/li>\r\n \t<li>Chambre de combustion en vermiculite \u00e0 haut rendement<\/li>\r\n \t<li>Verre c\u00e9ramique 5mm<\/li>\r\n \t<li>Produit herm\u00e9tique<\/li>\r\n \t<li>Canalisation simple<\/li>\r\n \t<li>100% fabriqu\u00e9 en Italie<\/li>\r\n<\/ul>\r\n<h5>Technologies<\/h5>\r\n<ul>\r\n \t<li>Contr\u00f4le automatique de la combustion (NCS)<\/li>\r\n \t<li>Brasier autonettoyant<\/li>\r\n \t<li>Logiciel Elemento<\/li>\r\n \t<li>Syst\u00e8me de nettoyage de vitres<\/li>\r\n \t<li>Motor\u00e9ducteur sans balais (NBT)<\/li>\r\n \t<li>T\u00e9l\u00e9commande radio avec fonction thermostat<\/li>\r\n<\/ul>","_et_gb_content_width":""},"product_cat":[23],"product_tag":[],"class_list":{"0":"post-949","1":"product","2":"type-product","3":"status-publish","4":"has-post-thumbnail","6":"product_cat-poeles-a-pellets-nobis","8":"first","9":"instock","10":"shipping-taxable","11":"product-type-simple"},"yoast_head":"<!-- This site is optimized with the Yoast SEO plugin v23.8 - https:\/\/yoast.com\/wordpress\/plugins\/seo\/ -->\n<title>Le po\u00eale A10 V\/C Plus Quadra - Aspinov<\/title>\n<meta name=\"description\" content=\"Explorez le Nobis A10 V\/C Plus Quadra, un po\u00eale \u00e0 granul\u00e9s \u00e9l\u00e9gant offrant une combinaison parfaite de design moderne et d&#039;efficacit\u00e9.\" \/>\n<meta name=\"robots\" content=\"index, follow, max-snippet:-1, max-image-preview:large, max-video-preview:-1\" \/>\n<link rel=\"canonical\" href=\"https:\/\/www.aspinov.com\/index.php\/produit\/a10-v-c-plus-quadra\/\" \/>\n<meta property=\"og:locale\" content=\"fr_FR\" \/>\n<meta property=\"og:type\" content=\"article\" \/>\n<meta property=\"og:title\" content=\"Le po\u00eale A10 V\/C Plus Quadra - Aspinov\" \/>\n<meta property=\"og:description\" content=\"Explorez le Nobis A10 V\/C Plus Quadra, un po\u00eale \u00e0 granul\u00e9s \u00e9l\u00e9gant offrant une combinaison parfaite de design moderne et d&#039;efficacit\u00e9.\" \/>\n<meta property=\"og:url\" content=\"https:\/\/www.aspinov.com\/index.php\/produit\/a10-v-c-plus-quadra\/\" \/>\n<meta property=\"og:site_name\" content=\"Aspinov\" \/>\n<meta property=\"article:publisher\" content=\"https:\/\/www.facebook.com\/Aspinov01\/\" \/>\n<meta property=\"article:modified_time\" content=\"2024-04-03T09:36:13+00:00\" \/>\n<meta property=\"og:image\" content=\"https:\/\/www.aspinov.com\/wp-content\/uploads\/2024\/03\/A10_Quadra_Plus_Amb_LR.webp\" \/>\n\t<meta property=\"og:image:width\" content=\"1280\" \/>\n\t<meta property=\"og:image:height\" content=\"900\" \/>\n\t<meta property=\"og:image:type\" content=\"image\/webp\" \/>\n<meta name=\"twitter:card\" content=\"summary_large_image\" \/>\n<meta name=\"twitter:label1\" content=\"Dur\u00e9e de lecture estim\u00e9e\" \/>\n\t<meta name=\"twitter:data1\" content=\"1 minute\" \/>\n<script type=\"application\/ld+json\" class=\"yoast-schema-graph\">{\"@context\":\"https:\/\/schema.org\",\"@graph\":[{\"@type\":\"WebPage\",\"@id\":\"https:\/\/www.aspinov.com\/index.php\/produit\/a10-v-c-plus-quadra\/\",\"url\":\"https:\/\/www.aspinov.com\/index.php\/produit\/a10-v-c-plus-quadra\/\",\"name\":\"Le po\u00eale A10 V\/C Plus Quadra - Aspinov\",\"isPartOf\":{\"@id\":\"https:\/\/www.aspinov.com\/#website\"},\"primaryImageOfPage\":{\"@id\":\"https:\/\/www.aspinov.com\/index.php\/produit\/a10-v-c-plus-quadra\/#primaryimage\"},\"image\":{\"@id\":\"https:\/\/www.aspinov.com\/index.php\/produit\/a10-v-c-plus-quadra\/#primaryimage\"},\"thumbnailUrl\":\"https:\/\/www.aspinov.com\/wp-content\/uploads\/2024\/03\/A10_Quadra_Plus_Amb_LR.webp\",\"datePublished\":\"2024-03-30T08:09:06+00:00\",\"dateModified\":\"2024-04-03T09:36:13+00:00\",\"description\":\"Explorez le Nobis A10 V\/C Plus Quadra, un po\u00eale \u00e0 granul\u00e9s \u00e9l\u00e9gant offrant une combinaison parfaite de design moderne et d'efficacit\u00e9.\",\"breadcrumb\":{\"@id\":\"https:\/\/www.aspinov.com\/index.php\/produit\/a10-v-c-plus-quadra\/#breadcrumb\"},\"inLanguage\":\"fr-FR\",\"potentialAction\":[{\"@type\":\"ReadAction\",\"target\":[\"https:\/\/www.aspinov.com\/index.php\/produit\/a10-v-c-plus-quadra\/\"]}]},{\"@type\":\"ImageObject\",\"inLanguage\":\"fr-FR\",\"@id\":\"https:\/\/www.aspinov.com\/index.php\/produit\/a10-v-c-plus-quadra\/#primaryimage\",\"url\":\"https:\/\/www.aspinov.com\/wp-content\/uploads\/2024\/03\/A10_Quadra_Plus_Amb_LR.webp\",\"contentUrl\":\"https:\/\/www.aspinov.com\/wp-content\/uploads\/2024\/03\/A10_Quadra_Plus_Amb_LR.webp\",\"width\":1280,\"height\":900,\"caption\":\"Po\u00eales \u00e0 pellet nobis A10_Quadra_Plus_Amb_LR\"},{\"@type\":\"BreadcrumbList\",\"@id\":\"https:\/\/www.aspinov.com\/index.php\/produit\/a10-v-c-plus-quadra\/#breadcrumb\",\"itemListElement\":[{\"@type\":\"ListItem\",\"position\":1,\"name\":\"Accueil\",\"item\":\"https:\/\/www.aspinov.com\/\"},{\"@type\":\"ListItem\",\"position\":2,\"name\":\"Po\u00eales \u00e0 pellet NOBIS\",\"item\":\"https:\/\/www.aspinov.com\/index.php\/poeles-a-pellet-nobis\/\"},{\"@type\":\"ListItem\",\"position\":3,\"name\":\"Le po\u00eale A10 V\/C Plus Quadra\"}]},{\"@type\":\"WebSite\",\"@id\":\"https:\/\/www.aspinov.com\/#website\",\"url\":\"https:\/\/www.aspinov.com\/\",\"name\":\"Aspinov\",\"description\":\"\",\"publisher\":{\"@id\":\"https:\/\/www.aspinov.com\/#organization\"},\"potentialAction\":[{\"@type\":\"SearchAction\",\"target\":{\"@type\":\"EntryPoint\",\"urlTemplate\":\"https:\/\/www.aspinov.com\/?s={search_term_string}\"},\"query-input\":{\"@type\":\"PropertyValueSpecification\",\"valueRequired\":true,\"valueName\":\"search_term_string\"}}],\"inLanguage\":\"fr-FR\"},{\"@type\":\"Organization\",\"@id\":\"https:\/\/www.aspinov.com\/#organization\",\"name\":\"Aspinov\",\"url\":\"https:\/\/www.aspinov.com\/\",\"logo\":{\"@type\":\"ImageObject\",\"inLanguage\":\"fr-FR\",\"@id\":\"https:\/\/www.aspinov.com\/#\/schema\/logo\/image\/\",\"url\":\"https:\/\/www.aspinov.com\/wp-content\/uploads\/2024\/03\/cropped-LOGO-ASPINOV-_1_.webp\",\"contentUrl\":\"https:\/\/www.aspinov.com\/wp-content\/uploads\/2024\/03\/cropped-LOGO-ASPINOV-_1_.webp\",\"width\":512,\"height\":512,\"caption\":\"Aspinov\"},\"image\":{\"@id\":\"https:\/\/www.aspinov.com\/#\/schema\/logo\/image\/\"},\"sameAs\":[\"https:\/\/www.facebook.com\/Aspinov01\/\"]}]}<\/script>\n<!-- \/ Yoast SEO plugin. -->","yoast_head_json":{"title":"Le po\u00eale A10 V\/C Plus Quadra - Aspinov","description":"Explorez le Nobis A10 V\/C Plus Quadra, un po\u00eale \u00e0 granul\u00e9s \u00e9l\u00e9gant offrant une combinaison parfaite de design moderne et d'efficacit\u00e9.","robots":{"index":"index","follow":"follow","max-snippet":"max-snippet:-1","max-image-preview":"max-image-preview:large","max-video-preview":"max-video-preview:-1"},"canonical":"https:\/\/www.aspinov.com\/index.php\/produit\/a10-v-c-plus-quadra\/","og_locale":"fr_FR","og_type":"article","og_title":"Le po\u00eale A10 V\/C Plus Quadra - Aspinov","og_description":"Explorez le Nobis A10 V\/C Plus Quadra, un po\u00eale \u00e0 granul\u00e9s \u00e9l\u00e9gant offrant une combinaison parfaite de design moderne et d'efficacit\u00e9.","og_url":"https:\/\/www.aspinov.com\/index.php\/produit\/a10-v-c-plus-quadra\/","og_site_name":"Aspinov","article_publisher":"https:\/\/www.facebook.com\/Aspinov01\/","article_modified_time":"2024-04-03T09:36:13+00:00","og_image":[{"width":1280,"height":900,"url":"https:\/\/www.aspinov.com\/wp-content\/uploads\/2024\/03\/A10_Quadra_Plus_Amb_LR.webp","type":"image\/webp"}],"twitter_card":"summary_large_image","twitter_misc":{"Dur\u00e9e de lecture estim\u00e9e":"1 minute"},"schema":{"@context":"https:\/\/schema.org","@graph":[{"@type":"WebPage","@id":"https:\/\/www.aspinov.com\/index.php\/produit\/a10-v-c-plus-quadra\/","url":"https:\/\/www.aspinov.com\/index.php\/produit\/a10-v-c-plus-quadra\/","name":"Le po\u00eale A10 V\/C Plus Quadra - Aspinov","isPartOf":{"@id":"https:\/\/www.aspinov.com\/#website"},"primaryImageOfPage":{"@id":"https:\/\/www.aspinov.com\/index.php\/produit\/a10-v-c-plus-quadra\/#primaryimage"},"image":{"@id":"https:\/\/www.aspinov.com\/index.php\/produit\/a10-v-c-plus-quadra\/#primaryimage"},"thumbnailUrl":"https:\/\/www.aspinov.com\/wp-content\/uploads\/2024\/03\/A10_Quadra_Plus_Amb_LR.webp","datePublished":"2024-03-30T08:09:06+00:00","dateModified":"2024-04-03T09:36:13+00:00","description":"Explorez le Nobis A10 V\/C Plus Quadra, un po\u00eale \u00e0 granul\u00e9s \u00e9l\u00e9gant offrant une combinaison parfaite de design moderne et d'efficacit\u00e9.","breadcrumb":{"@id":"https:\/\/www.aspinov.com\/index.php\/produit\/a10-v-c-plus-quadra\/#breadcrumb"},"inLanguage":"fr-FR","potentialAction":[{"@type":"ReadAction","target":["https:\/\/www.aspinov.com\/index.php\/produit\/a10-v-c-plus-quadra\/"]}]},{"@type":"ImageObject","inLanguage":"fr-FR","@id":"https:\/\/www.aspinov.com\/index.php\/produit\/a10-v-c-plus-quadra\/#primaryimage","url":"https:\/\/www.aspinov.com\/wp-content\/uploads\/2024\/03\/A10_Quadra_Plus_Amb_LR.webp","contentUrl":"https:\/\/www.aspinov.com\/wp-content\/uploads\/2024\/03\/A10_Quadra_Plus_Amb_LR.webp","width":1280,"height":900,"caption":"Po\u00eales \u00e0 pellet nobis A10_Quadra_Plus_Amb_LR"},{"@type":"BreadcrumbList","@id":"https:\/\/www.aspinov.com\/index.php\/produit\/a10-v-c-plus-quadra\/#breadcrumb","itemListElement":[{"@type":"ListItem","position":1,"name":"Accueil","item":"https:\/\/www.aspinov.com\/"},{"@type":"ListItem","position":2,"name":"Po\u00eales \u00e0 pellet NOBIS","item":"https:\/\/www.aspinov.com\/index.php\/poeles-a-pellet-nobis\/"},{"@type":"ListItem","position":3,"name":"Le po\u00eale A10 V\/C Plus Quadra"}]},{"@type":"WebSite","@id":"https:\/\/www.aspinov.com\/#website","url":"https:\/\/www.aspinov.com\/","name":"Aspinov","description":"","publisher":{"@id":"https:\/\/www.aspinov.com\/#organization"},"potentialAction":[{"@type":"SearchAction","target":{"@type":"EntryPoint","urlTemplate":"https:\/\/www.aspinov.com\/?s={search_term_string}"},"query-input":{"@type":"PropertyValueSpecification","valueRequired":true,"valueName":"search_term_string"}}],"inLanguage":"fr-FR"},{"@type":"Organization","@id":"https:\/\/www.aspinov.com\/#organization","name":"Aspinov","url":"https:\/\/www.aspinov.com\/","logo":{"@type":"ImageObject","inLanguage":"fr-FR","@id":"https:\/\/www.aspinov.com\/#\/schema\/logo\/image\/","url":"https:\/\/www.aspinov.com\/wp-content\/uploads\/2024\/03\/cropped-LOGO-ASPINOV-_1_.webp","contentUrl":"https:\/\/www.aspinov.com\/wp-content\/uploads\/2024\/03\/cropped-LOGO-ASPINOV-_1_.webp","width":512,"height":512,"caption":"Aspinov"},"image":{"@id":"https:\/\/www.aspinov.com\/#\/schema\/logo\/image\/"},"sameAs":["https:\/\/www.facebook.com\/Aspinov01\/"]}]}},"jetpack_sharing_enabled":true,"_links":{"self":[{"href":"https:\/\/www.aspinov.com\/index.php\/wp-json\/wp\/v2\/product\/949","targetHints":{"allow":["GET"]}}],"collection":[{"href":"https:\/\/www.aspinov.com\/index.php\/wp-json\/wp\/v2\/product"}],"about":[{"href":"https:\/\/www.aspinov.com\/index.php\/wp-json\/wp\/v2\/types\/product"}],"replies":[{"embeddable":true,"href":"https:\/\/www.aspinov.com\/index.php\/wp-json\/wp\/v2\/comments?post=949"}],"wp:featuredmedia":[{"embeddable":true,"href":"https:\/\/www.aspinov.com\/index.php\/wp-json\/wp\/v2\/media\/627"}],"wp:attachment":[{"href":"https:\/\/www.aspinov.com\/index.php\/wp-json\/wp\/v2\/media?parent=949"}],"wp:term":[{"taxonomy":"product_cat","embeddable":true,"href":"https:\/\/www.aspinov.com\/index.php\/wp-json\/wp\/v2\/product_cat?post=949"},{"taxonomy":"product_tag","embeddable":true,"href":"https:\/\/www.aspinov.com\/index.php\/wp-json\/wp\/v2\/product_tag?post=949"}],"curies":[{"name":"wp","href":"https:\/\/api.w.org\/{rel}","templated":true}]}}