{"id":958,"date":"2024-03-30T09:09:09","date_gmt":"2024-03-30T08:09:09","guid":{"rendered":"https:\/\/www.aspinov.com\/index.php\/produit\/le-poele-10-v-c-lisa\/"},"modified":"2024-04-03T10:57:32","modified_gmt":"2024-04-03T08:57:32","slug":"10-v-c-lisa","status":"publish","type":"product","link":"https:\/\/www.aspinov.com\/index.php\/produit\/10-v-c-lisa\/","title":{"rendered":"Le po\u00eale 10 V\/C Lisa"},"content":{"rendered":"<p>[et_pb_section fb_built=\u00a0\u00bb1&Prime; theme_builder_area=\u00a0\u00bbpost_content\u00a0\u00bb _builder_version=\u00a0\u00bb4.23.4&Prime; _module_preset=\u00a0\u00bbdefault\u00a0\u00bb][\/et_pb_section]<\/p>\n","protected":false},"excerpt":{"rendered":"<p>&nbsp;<\/p>\n<h5>PO\u00caLE \u00c0 GRANUL\u00c9S, VENTILATION FRONTALE ET UN DIAM\u00c8TRE DE CANALISATION ARRI\u00c8RE 80 (EN OPTION).<\/h5>\n<div class=\"row top-details-detail\">\n<div class=\"col-12 col-sm-6 br\">\n<div class=\"top-detail pn\">\n<h6>Puissance nominale<\/h6>\n<p>3,4 &#8211; 9,3 kW<\/p>\n<\/div>\n<\/div>\n<div class=\"col-12 col-sm-6\">\n<div class=\"top-detail ri\">\n<h6>Chauffage<\/h6>\n<p>228 m\u00b3<\/p>\n<\/div>\n<\/div>\n<div class=\"col-12 col-sm-6 br\">\n<div class=\"top-detail pe\">\n<h6>Dimensions B x H x P<\/h6>\n<p>450 x 1070 x 535 mm<\/p>\n<\/div>\n<\/div>\n<div class=\"col-12 col-sm-6\">\n<div class=\"top-detail po\">\n<h6>R\u00e9servoir \u00e0 granul\u00e9s<\/h6>\n<p>16 Kg<\/p>\n<\/div>\n<\/div>\n<\/div>\n<table>\n<tbody>\n<tr>\n<td>Puissance thermique introduite (kW)<\/td>\n<td>3,8 &#8211; 10,5<\/td>\n<\/tr>\n<tr>\n<td>Rendement (%)<\/td>\n<td>88,9 &#8211; 89,6<\/td>\n<\/tr>\n<tr>\n<td>Consommation min-max de granul\u00e9s (Kg \/ h)<\/td>\n<td>0,79 &#8211; 2,15<\/td>\n<\/tr>\n<tr>\n<td>Autonomie min-max (h)<\/td>\n<td>7 &#8211; 20<\/td>\n<\/tr>\n<tr>\n<td>Puissance \u00e9lectrique en fonctionnement (W)<\/td>\n<td>V 65 | C 70<\/td>\n<\/tr>\n<tr>\n<td>Mesures B x H x P (mm)<\/td>\n<td>450 x 1070 x 535<\/td>\n<\/tr>\n<tr>\n<td>Poids (Kg)<\/td>\n<td>120<\/td>\n<\/tr>\n<tr>\n<td>Tuyau de sortie de fum\u00e9e arri\u00e8re (\u00d8 mm)<\/td>\n<td>80<\/td>\n<\/tr>\n<tr>\n<td>Temp\u00e9rature des fum\u00e9es (\u00b0 C)<\/td>\n<td>167<\/td>\n<\/tr>\n<tr>\n<td>Classe \u00e9nerg\u00e9tique<\/td>\n<td><span class=\"class\">A<sup>+<\/sup><\/span><\/td>\n<\/tr>\n<tr>\n<td>Classification environnementale AM186<\/td>\n<td><\/td>\n<\/tr>\n<\/tbody>\n<\/table>\n","protected":false},"featured_media":681,"comment_status":"open","ping_status":"closed","template":"","meta":{"_et_pb_use_builder":"on","_et_pb_old_content":"Po\u00eale \u00e0 granul\u00e9s \u00e0 ventilation frontale avec moteur\r\n255 m\u00b3 \/ h tangentiel, \u00e9changeur de chaleur tubulaire en acier inoxydable haute performance, brasier autonettoyant et syst\u00e8me de contr\u00f4le de combustion.\r\nVitroc\u00e9ramique r\u00e9sistante jusqu\u2019\u00e0 800 \u00b0 avec une vue large sur la flamme, rev\u00eatement en acier color\u00e9. Compatible avec le kit Wi-Fi pour la t\u00e9l\u00e9commande. Canal arri\u00e8re unique jusqu\u2019\u00e0 8 m disponible pour le mod\u00e8le Lisa C.\r\n<h5>Fonctionnalit\u00e9s suppl\u00e9mentaires<\/h5>\r\n<ul>\r\n \t<li>Ventilation frontale<\/li>\r\n \t<li>7 niveaux de puissance<\/li>\r\n \t<li>Tiroir \u00e0 cendres confortable<\/li>\r\n \t<li>\u00c9changeurs de chaleur en acier<\/li>\r\n \t<li>Chambre de combustion en vermiculite \u00e0 haut rendement<\/li>\r\n \t<li>Verre c\u00e9ramique 5mm<\/li>\r\n \t<li>Canalisation jusqu\u2019\u00e0 8 m\u00e8tres (uniquement pour le mod\u00e8le Lisa 10 C)<\/li>\r\n \t<li>100% fabriqu\u00e9 en Italie<\/li>\r\n<\/ul>\r\n<h5>Technologies<\/h5>\r\n<ul>\r\n \t<li>Contr\u00f4le automatique de la combustion (NCS)<\/li>\r\n \t<li>Brasier autonettoyant<\/li>\r\n \t<li>Logiciel Elemento<\/li>\r\n \t<li>Syst\u00e8me de nettoyage de vitres<\/li>\r\n<\/ul>","_et_gb_content_width":""},"product_cat":[23],"product_tag":[],"class_list":{"0":"post-958","1":"product","2":"type-product","3":"status-publish","4":"has-post-thumbnail","6":"product_cat-poeles-a-pellets-nobis","8":"first","9":"instock","10":"shipping-taxable","11":"product-type-simple"},"yoast_head":"<!-- This site is optimized with the Yoast SEO plugin v23.8 - https:\/\/yoast.com\/wordpress\/plugins\/seo\/ -->\n<title>Le po\u00eale 10 V\/C Lisa - Aspinov<\/title>\n<meta name=\"description\" content=\"Explorez le Nobis 10 V\/C Lisa, un po\u00eale \u00e0 granul\u00e9s \u00e9l\u00e9gant offrant une combinaison parfaite de design moderne et d&#039;efficacit\u00e9.\" \/>\n<meta name=\"robots\" content=\"index, follow, max-snippet:-1, max-image-preview:large, max-video-preview:-1\" \/>\n<link rel=\"canonical\" href=\"https:\/\/www.aspinov.com\/index.php\/produit\/10-v-c-lisa\/\" \/>\n<meta property=\"og:locale\" content=\"fr_FR\" \/>\n<meta property=\"og:type\" content=\"article\" \/>\n<meta property=\"og:title\" content=\"Le po\u00eale 10 V\/C Lisa - Aspinov\" \/>\n<meta property=\"og:description\" content=\"Explorez le Nobis 10 V\/C Lisa, un po\u00eale \u00e0 granul\u00e9s \u00e9l\u00e9gant offrant une combinaison parfaite de design moderne et d&#039;efficacit\u00e9.\" \/>\n<meta property=\"og:url\" content=\"https:\/\/www.aspinov.com\/index.php\/produit\/10-v-c-lisa\/\" \/>\n<meta property=\"og:site_name\" content=\"Aspinov\" \/>\n<meta property=\"article:publisher\" content=\"https:\/\/www.facebook.com\/Aspinov01\/\" \/>\n<meta property=\"article:modified_time\" content=\"2024-04-03T08:57:32+00:00\" \/>\n<meta property=\"og:image\" content=\"https:\/\/www.aspinov.com\/wp-content\/uploads\/2024\/03\/Lisa_Amb_Blk_LR.webp\" \/>\n\t<meta property=\"og:image:width\" content=\"2000\" \/>\n\t<meta property=\"og:image:height\" content=\"1500\" \/>\n\t<meta property=\"og:image:type\" content=\"image\/webp\" \/>\n<meta name=\"twitter:card\" content=\"summary_large_image\" \/>\n<meta name=\"twitter:label1\" content=\"Dur\u00e9e de lecture estim\u00e9e\" \/>\n\t<meta name=\"twitter:data1\" content=\"1 minute\" \/>\n<script type=\"application\/ld+json\" class=\"yoast-schema-graph\">{\"@context\":\"https:\/\/schema.org\",\"@graph\":[{\"@type\":\"WebPage\",\"@id\":\"https:\/\/www.aspinov.com\/index.php\/produit\/10-v-c-lisa\/\",\"url\":\"https:\/\/www.aspinov.com\/index.php\/produit\/10-v-c-lisa\/\",\"name\":\"Le po\u00eale 10 V\/C Lisa - Aspinov\",\"isPartOf\":{\"@id\":\"https:\/\/www.aspinov.com\/#website\"},\"primaryImageOfPage\":{\"@id\":\"https:\/\/www.aspinov.com\/index.php\/produit\/10-v-c-lisa\/#primaryimage\"},\"image\":{\"@id\":\"https:\/\/www.aspinov.com\/index.php\/produit\/10-v-c-lisa\/#primaryimage\"},\"thumbnailUrl\":\"https:\/\/www.aspinov.com\/wp-content\/uploads\/2024\/03\/Lisa_Amb_Blk_LR.webp\",\"datePublished\":\"2024-03-30T08:09:09+00:00\",\"dateModified\":\"2024-04-03T08:57:32+00:00\",\"description\":\"Explorez le Nobis 10 V\/C Lisa, un po\u00eale \u00e0 granul\u00e9s \u00e9l\u00e9gant offrant une combinaison parfaite de design moderne et d'efficacit\u00e9.\",\"breadcrumb\":{\"@id\":\"https:\/\/www.aspinov.com\/index.php\/produit\/10-v-c-lisa\/#breadcrumb\"},\"inLanguage\":\"fr-FR\",\"potentialAction\":[{\"@type\":\"ReadAction\",\"target\":[\"https:\/\/www.aspinov.com\/index.php\/produit\/10-v-c-lisa\/\"]}]},{\"@type\":\"ImageObject\",\"inLanguage\":\"fr-FR\",\"@id\":\"https:\/\/www.aspinov.com\/index.php\/produit\/10-v-c-lisa\/#primaryimage\",\"url\":\"https:\/\/www.aspinov.com\/wp-content\/uploads\/2024\/03\/Lisa_Amb_Blk_LR.webp\",\"contentUrl\":\"https:\/\/www.aspinov.com\/wp-content\/uploads\/2024\/03\/Lisa_Amb_Blk_LR.webp\",\"width\":2000,\"height\":1500,\"caption\":\"Po\u00eales \u00e0 pellet nobis Lisa_Amb_Blk_LR\"},{\"@type\":\"BreadcrumbList\",\"@id\":\"https:\/\/www.aspinov.com\/index.php\/produit\/10-v-c-lisa\/#breadcrumb\",\"itemListElement\":[{\"@type\":\"ListItem\",\"position\":1,\"name\":\"Accueil\",\"item\":\"https:\/\/www.aspinov.com\/\"},{\"@type\":\"ListItem\",\"position\":2,\"name\":\"Po\u00eales \u00e0 pellet NOBIS\",\"item\":\"https:\/\/www.aspinov.com\/index.php\/poeles-a-pellet-nobis\/\"},{\"@type\":\"ListItem\",\"position\":3,\"name\":\"Le po\u00eale 10 V\/C Lisa\"}]},{\"@type\":\"WebSite\",\"@id\":\"https:\/\/www.aspinov.com\/#website\",\"url\":\"https:\/\/www.aspinov.com\/\",\"name\":\"Aspinov\",\"description\":\"\",\"publisher\":{\"@id\":\"https:\/\/www.aspinov.com\/#organization\"},\"potentialAction\":[{\"@type\":\"SearchAction\",\"target\":{\"@type\":\"EntryPoint\",\"urlTemplate\":\"https:\/\/www.aspinov.com\/?s={search_term_string}\"},\"query-input\":{\"@type\":\"PropertyValueSpecification\",\"valueRequired\":true,\"valueName\":\"search_term_string\"}}],\"inLanguage\":\"fr-FR\"},{\"@type\":\"Organization\",\"@id\":\"https:\/\/www.aspinov.com\/#organization\",\"name\":\"Aspinov\",\"url\":\"https:\/\/www.aspinov.com\/\",\"logo\":{\"@type\":\"ImageObject\",\"inLanguage\":\"fr-FR\",\"@id\":\"https:\/\/www.aspinov.com\/#\/schema\/logo\/image\/\",\"url\":\"https:\/\/www.aspinov.com\/wp-content\/uploads\/2024\/03\/cropped-LOGO-ASPINOV-_1_.webp\",\"contentUrl\":\"https:\/\/www.aspinov.com\/wp-content\/uploads\/2024\/03\/cropped-LOGO-ASPINOV-_1_.webp\",\"width\":512,\"height\":512,\"caption\":\"Aspinov\"},\"image\":{\"@id\":\"https:\/\/www.aspinov.com\/#\/schema\/logo\/image\/\"},\"sameAs\":[\"https:\/\/www.facebook.com\/Aspinov01\/\"]}]}<\/script>\n<!-- \/ Yoast SEO plugin. -->","yoast_head_json":{"title":"Le po\u00eale 10 V\/C Lisa - Aspinov","description":"Explorez le Nobis 10 V\/C Lisa, un po\u00eale \u00e0 granul\u00e9s \u00e9l\u00e9gant offrant une combinaison parfaite de design moderne et d'efficacit\u00e9.","robots":{"index":"index","follow":"follow","max-snippet":"max-snippet:-1","max-image-preview":"max-image-preview:large","max-video-preview":"max-video-preview:-1"},"canonical":"https:\/\/www.aspinov.com\/index.php\/produit\/10-v-c-lisa\/","og_locale":"fr_FR","og_type":"article","og_title":"Le po\u00eale 10 V\/C Lisa - Aspinov","og_description":"Explorez le Nobis 10 V\/C Lisa, un po\u00eale \u00e0 granul\u00e9s \u00e9l\u00e9gant offrant une combinaison parfaite de design moderne et d'efficacit\u00e9.","og_url":"https:\/\/www.aspinov.com\/index.php\/produit\/10-v-c-lisa\/","og_site_name":"Aspinov","article_publisher":"https:\/\/www.facebook.com\/Aspinov01\/","article_modified_time":"2024-04-03T08:57:32+00:00","og_image":[{"width":2000,"height":1500,"url":"https:\/\/www.aspinov.com\/wp-content\/uploads\/2024\/03\/Lisa_Amb_Blk_LR.webp","type":"image\/webp"}],"twitter_card":"summary_large_image","twitter_misc":{"Dur\u00e9e de lecture estim\u00e9e":"1 minute"},"schema":{"@context":"https:\/\/schema.org","@graph":[{"@type":"WebPage","@id":"https:\/\/www.aspinov.com\/index.php\/produit\/10-v-c-lisa\/","url":"https:\/\/www.aspinov.com\/index.php\/produit\/10-v-c-lisa\/","name":"Le po\u00eale 10 V\/C Lisa - Aspinov","isPartOf":{"@id":"https:\/\/www.aspinov.com\/#website"},"primaryImageOfPage":{"@id":"https:\/\/www.aspinov.com\/index.php\/produit\/10-v-c-lisa\/#primaryimage"},"image":{"@id":"https:\/\/www.aspinov.com\/index.php\/produit\/10-v-c-lisa\/#primaryimage"},"thumbnailUrl":"https:\/\/www.aspinov.com\/wp-content\/uploads\/2024\/03\/Lisa_Amb_Blk_LR.webp","datePublished":"2024-03-30T08:09:09+00:00","dateModified":"2024-04-03T08:57:32+00:00","description":"Explorez le Nobis 10 V\/C Lisa, un po\u00eale \u00e0 granul\u00e9s \u00e9l\u00e9gant offrant une combinaison parfaite de design moderne et d'efficacit\u00e9.","breadcrumb":{"@id":"https:\/\/www.aspinov.com\/index.php\/produit\/10-v-c-lisa\/#breadcrumb"},"inLanguage":"fr-FR","potentialAction":[{"@type":"ReadAction","target":["https:\/\/www.aspinov.com\/index.php\/produit\/10-v-c-lisa\/"]}]},{"@type":"ImageObject","inLanguage":"fr-FR","@id":"https:\/\/www.aspinov.com\/index.php\/produit\/10-v-c-lisa\/#primaryimage","url":"https:\/\/www.aspinov.com\/wp-content\/uploads\/2024\/03\/Lisa_Amb_Blk_LR.webp","contentUrl":"https:\/\/www.aspinov.com\/wp-content\/uploads\/2024\/03\/Lisa_Amb_Blk_LR.webp","width":2000,"height":1500,"caption":"Po\u00eales \u00e0 pellet nobis Lisa_Amb_Blk_LR"},{"@type":"BreadcrumbList","@id":"https:\/\/www.aspinov.com\/index.php\/produit\/10-v-c-lisa\/#breadcrumb","itemListElement":[{"@type":"ListItem","position":1,"name":"Accueil","item":"https:\/\/www.aspinov.com\/"},{"@type":"ListItem","position":2,"name":"Po\u00eales \u00e0 pellet NOBIS","item":"https:\/\/www.aspinov.com\/index.php\/poeles-a-pellet-nobis\/"},{"@type":"ListItem","position":3,"name":"Le po\u00eale 10 V\/C Lisa"}]},{"@type":"WebSite","@id":"https:\/\/www.aspinov.com\/#website","url":"https:\/\/www.aspinov.com\/","name":"Aspinov","description":"","publisher":{"@id":"https:\/\/www.aspinov.com\/#organization"},"potentialAction":[{"@type":"SearchAction","target":{"@type":"EntryPoint","urlTemplate":"https:\/\/www.aspinov.com\/?s={search_term_string}"},"query-input":{"@type":"PropertyValueSpecification","valueRequired":true,"valueName":"search_term_string"}}],"inLanguage":"fr-FR"},{"@type":"Organization","@id":"https:\/\/www.aspinov.com\/#organization","name":"Aspinov","url":"https:\/\/www.aspinov.com\/","logo":{"@type":"ImageObject","inLanguage":"fr-FR","@id":"https:\/\/www.aspinov.com\/#\/schema\/logo\/image\/","url":"https:\/\/www.aspinov.com\/wp-content\/uploads\/2024\/03\/cropped-LOGO-ASPINOV-_1_.webp","contentUrl":"https:\/\/www.aspinov.com\/wp-content\/uploads\/2024\/03\/cropped-LOGO-ASPINOV-_1_.webp","width":512,"height":512,"caption":"Aspinov"},"image":{"@id":"https:\/\/www.aspinov.com\/#\/schema\/logo\/image\/"},"sameAs":["https:\/\/www.facebook.com\/Aspinov01\/"]}]}},"jetpack_sharing_enabled":true,"_links":{"self":[{"href":"https:\/\/www.aspinov.com\/index.php\/wp-json\/wp\/v2\/product\/958","targetHints":{"allow":["GET"]}}],"collection":[{"href":"https:\/\/www.aspinov.com\/index.php\/wp-json\/wp\/v2\/product"}],"about":[{"href":"https:\/\/www.aspinov.com\/index.php\/wp-json\/wp\/v2\/types\/product"}],"replies":[{"embeddable":true,"href":"https:\/\/www.aspinov.com\/index.php\/wp-json\/wp\/v2\/comments?post=958"}],"wp:featuredmedia":[{"embeddable":true,"href":"https:\/\/www.aspinov.com\/index.php\/wp-json\/wp\/v2\/media\/681"}],"wp:attachment":[{"href":"https:\/\/www.aspinov.com\/index.php\/wp-json\/wp\/v2\/media?parent=958"}],"wp:term":[{"taxonomy":"product_cat","embeddable":true,"href":"https:\/\/www.aspinov.com\/index.php\/wp-json\/wp\/v2\/product_cat?post=958"},{"taxonomy":"product_tag","embeddable":true,"href":"https:\/\/www.aspinov.com\/index.php\/wp-json\/wp\/v2\/product_tag?post=958"}],"curies":[{"name":"wp","href":"https:\/\/api.w.org\/{rel}","templated":true}]}}