{"id":959,"date":"2024-03-30T09:09:09","date_gmt":"2024-03-30T08:09:09","guid":{"rendered":"https:\/\/www.aspinov.com\/index.php\/produit\/le-poele-12-v-c-elena\/"},"modified":"2024-04-10T13:56:45","modified_gmt":"2024-04-10T11:56:45","slug":"12-v-c-elena","status":"publish","type":"product","link":"https:\/\/www.aspinov.com\/index.php\/produit\/12-v-c-elena\/","title":{"rendered":"Le po\u00eale 12 V\/C Elena"},"content":{"rendered":"<p>[et_pb_section fb_built=\u00a0\u00bb1&Prime; _builder_version=\u00a0\u00bb4.23.4&Prime; _module_preset=\u00a0\u00bbdefault\u00a0\u00bb global_colors_info=\u00a0\u00bb{}\u00a0\u00bb][\/et_pb_section]<\/p>\n","protected":false},"excerpt":{"rendered":"<p>&nbsp;<\/p>\n<h5>PO\u00caLE \u00c0 GRANUL\u00c9S, VENTILATION FRONTALE ET UN DIAM\u00c8TRE DE CANALISATION ARRI\u00c8RE 60 (EN OPTION)<\/h5>\n<div class=\"row top-details-detail\">\n<div class=\"col-12 col-sm-6 br\">\n<div class=\"top-detail pn\">\n<h6>Puissance nominale<\/h6>\n<p>4,6 &#8211; 11,2 kW<\/p>\n<\/div>\n<\/div>\n<div class=\"col-12 col-sm-6\">\n<div class=\"top-detail ri\">\n<h6>Chauffage<\/h6>\n<p>275 m\u00b3<\/p>\n<\/div>\n<\/div>\n<div class=\"col-12 col-sm-6 br\">\n<div class=\"top-detail pe\">\n<h6>Dimensions B x H x P<\/h6>\n<p>714 x 1190 x 360 mm<\/p>\n<\/div>\n<\/div>\n<div class=\"col-12 col-sm-6\">\n<div class=\"top-detail po\">\n<h6>R\u00e9servoir \u00e0 granul\u00e9s<\/h6>\n<p>23 Kg<\/p>\n<\/div>\n<\/div>\n<\/div>\n<table>\n<tbody>\n<tr>\n<td>Puissance thermique introduite (kW)<\/td>\n<td>5,2 &#8211; 12,5<\/td>\n<\/tr>\n<tr>\n<td>Rendement (%)<\/td>\n<td>88,9 &#8211; 89,2<\/td>\n<\/tr>\n<tr>\n<td>Consommation min-max de granul\u00e9s (Kg \/ h)<\/td>\n<td>1,08 &#8211; 2,61<\/td>\n<\/tr>\n<tr>\n<td>Autonomie min-max (h)<\/td>\n<td>8,82 &#8211; 21,24<\/td>\n<\/tr>\n<tr>\n<td>Puissance \u00e9lectrique en fonctionnement (W)<\/td>\n<td>V \/ 60 &#8211; C \/ 65<\/td>\n<\/tr>\n<tr>\n<td>Mesures B x H x P (mm)<\/td>\n<td>714 x 1190 x 360<\/td>\n<\/tr>\n<tr>\n<td>Poids (Kg)<\/td>\n<td>130<\/td>\n<\/tr>\n<tr>\n<td>Tuyau de sortie de fum\u00e9e arri\u00e8re (\u00d8 mm)<\/td>\n<td>80<\/td>\n<\/tr>\n<tr>\n<td>Temp\u00e9rature des fum\u00e9es (\u00b0 C)<\/td>\n<td>185<\/td>\n<\/tr>\n<tr>\n<td>Classe \u00e9nerg\u00e9tique<\/td>\n<td><span class=\"class\">A<sup>+<\/sup><\/span><\/td>\n<\/tr>\n<tr>\n<td>Classification environnementale AM186<\/td>\n<td><\/td>\n<\/tr>\n<\/tbody>\n<\/table>\n","protected":false},"featured_media":1004,"comment_status":"open","ping_status":"closed","template":"","meta":{"_et_pb_use_builder":"on","_et_pb_old_content":"Po\u00eales \u00e0 granul\u00e9s d\u2019air, dessus en fonte, rev\u00eatement en acier peint, belle vue sur la flamme, vitroc\u00e9ramique r\u00e9sistante \u00e0 800 \u00b0 C, syst\u00e8me de nettoyage automatique du brasero, ventilation frontale standard, un conduit arri\u00e8re (uniquement sur Elena C).\r\n<h5>Fonctionnalit\u00e9s suppl\u00e9mentaires<\/h5>\r\n<ul>\r\n \t<li>Ventilation frontale<\/li>\r\n \t<li>7 niveaux de puissance<\/li>\r\n \t<li>Tiroir \u00e0 cendres confortable<\/li>\r\n \t<li>\u00c9changeurs de chaleur en acier<\/li>\r\n \t<li>Chambre de combustion en vermiculite \u00e0 haut rendement<\/li>\r\n \t<li>Verre c\u00e9ramique 5mm<\/li>\r\n \t<li>Canalisation jusqu\u2019\u00e0 8 m\u00e8tres (uniquement pour le mod\u00e8le Elena 12 C)<\/li>\r\n \t<li>100% fabriqu\u00e9 en Italie<\/li>\r\n<\/ul>\r\n<h5>Technologies<\/h5>\r\n<ul>\r\n \t<li>Contr\u00f4le automatique de la combustion (NCS)<\/li>\r\n \t<li>Brasier autonettoyant<\/li>\r\n \t<li>Logiciel Elemento<\/li>\r\n \t<li>Syst\u00e8me de nettoyage de vitres<\/li>\r\n<\/ul>","_et_gb_content_width":""},"product_cat":[23],"product_tag":[],"class_list":{"0":"post-959","1":"product","2":"type-product","3":"status-publish","4":"has-post-thumbnail","6":"product_cat-poeles-a-pellets-nobis","8":"first","9":"instock","10":"shipping-taxable","11":"product-type-simple"},"yoast_head":"<!-- This site is optimized with the Yoast SEO plugin v23.8 - https:\/\/yoast.com\/wordpress\/plugins\/seo\/ -->\n<title>Le po\u00eale 12 V\/C Elena - Aspinov<\/title>\n<meta name=\"description\" content=\"Explorez le Nobis 12 V\/C Elena, un po\u00eale \u00e0 granul\u00e9s \u00e9l\u00e9gant offrant une combinaison parfaite de design moderne et d&#039;efficacit\u00e9.\" \/>\n<meta name=\"robots\" content=\"index, follow, max-snippet:-1, max-image-preview:large, max-video-preview:-1\" \/>\n<link rel=\"canonical\" href=\"https:\/\/www.aspinov.com\/index.php\/produit\/12-v-c-elena\/\" \/>\n<meta property=\"og:locale\" content=\"fr_FR\" \/>\n<meta property=\"og:type\" content=\"article\" \/>\n<meta property=\"og:title\" content=\"Le po\u00eale 12 V\/C Elena - Aspinov\" \/>\n<meta property=\"og:description\" content=\"Explorez le Nobis 12 V\/C Elena, un po\u00eale \u00e0 granul\u00e9s \u00e9l\u00e9gant offrant une combinaison parfaite de design moderne et d&#039;efficacit\u00e9.\" \/>\n<meta property=\"og:url\" content=\"https:\/\/www.aspinov.com\/index.php\/produit\/12-v-c-elena\/\" \/>\n<meta property=\"og:site_name\" content=\"Aspinov\" \/>\n<meta property=\"article:publisher\" content=\"https:\/\/www.facebook.com\/Aspinov01\/\" \/>\n<meta property=\"article:modified_time\" content=\"2024-04-10T11:56:45+00:00\" \/>\n<meta property=\"og:image\" content=\"https:\/\/www.aspinov.com\/wp-content\/uploads\/2024\/04\/Elena_bco_Amb.webp\" \/>\n\t<meta property=\"og:image:width\" content=\"1958\" \/>\n\t<meta property=\"og:image:height\" content=\"2534\" \/>\n\t<meta property=\"og:image:type\" content=\"image\/webp\" \/>\n<meta name=\"twitter:card\" content=\"summary_large_image\" \/>\n<meta name=\"twitter:label1\" content=\"Dur\u00e9e de lecture estim\u00e9e\" \/>\n\t<meta name=\"twitter:data1\" content=\"1 minute\" \/>\n<script type=\"application\/ld+json\" class=\"yoast-schema-graph\">{\"@context\":\"https:\/\/schema.org\",\"@graph\":[{\"@type\":\"WebPage\",\"@id\":\"https:\/\/www.aspinov.com\/index.php\/produit\/12-v-c-elena\/\",\"url\":\"https:\/\/www.aspinov.com\/index.php\/produit\/12-v-c-elena\/\",\"name\":\"Le po\u00eale 12 V\/C Elena - Aspinov\",\"isPartOf\":{\"@id\":\"https:\/\/www.aspinov.com\/#website\"},\"primaryImageOfPage\":{\"@id\":\"https:\/\/www.aspinov.com\/index.php\/produit\/12-v-c-elena\/#primaryimage\"},\"image\":{\"@id\":\"https:\/\/www.aspinov.com\/index.php\/produit\/12-v-c-elena\/#primaryimage\"},\"thumbnailUrl\":\"https:\/\/www.aspinov.com\/wp-content\/uploads\/2024\/04\/Elena_bco_Amb.webp\",\"datePublished\":\"2024-03-30T08:09:09+00:00\",\"dateModified\":\"2024-04-10T11:56:45+00:00\",\"description\":\"Explorez le Nobis 12 V\/C Elena, un po\u00eale \u00e0 granul\u00e9s \u00e9l\u00e9gant offrant une combinaison parfaite de design moderne et d'efficacit\u00e9.\",\"breadcrumb\":{\"@id\":\"https:\/\/www.aspinov.com\/index.php\/produit\/12-v-c-elena\/#breadcrumb\"},\"inLanguage\":\"fr-FR\",\"potentialAction\":[{\"@type\":\"ReadAction\",\"target\":[\"https:\/\/www.aspinov.com\/index.php\/produit\/12-v-c-elena\/\"]}]},{\"@type\":\"ImageObject\",\"inLanguage\":\"fr-FR\",\"@id\":\"https:\/\/www.aspinov.com\/index.php\/produit\/12-v-c-elena\/#primaryimage\",\"url\":\"https:\/\/www.aspinov.com\/wp-content\/uploads\/2024\/04\/Elena_bco_Amb.webp\",\"contentUrl\":\"https:\/\/www.aspinov.com\/wp-content\/uploads\/2024\/04\/Elena_bco_Amb.webp\",\"width\":1958,\"height\":2534,\"caption\":\"Po\u00eales \u00e0 pellet nobis Elena_bco_Amb\"},{\"@type\":\"BreadcrumbList\",\"@id\":\"https:\/\/www.aspinov.com\/index.php\/produit\/12-v-c-elena\/#breadcrumb\",\"itemListElement\":[{\"@type\":\"ListItem\",\"position\":1,\"name\":\"Accueil\",\"item\":\"https:\/\/www.aspinov.com\/\"},{\"@type\":\"ListItem\",\"position\":2,\"name\":\"Po\u00eales \u00e0 pellet NOBIS\",\"item\":\"https:\/\/www.aspinov.com\/index.php\/poeles-a-pellet-nobis\/\"},{\"@type\":\"ListItem\",\"position\":3,\"name\":\"Le po\u00eale 12 V\/C Elena\"}]},{\"@type\":\"WebSite\",\"@id\":\"https:\/\/www.aspinov.com\/#website\",\"url\":\"https:\/\/www.aspinov.com\/\",\"name\":\"Aspinov\",\"description\":\"\",\"publisher\":{\"@id\":\"https:\/\/www.aspinov.com\/#organization\"},\"potentialAction\":[{\"@type\":\"SearchAction\",\"target\":{\"@type\":\"EntryPoint\",\"urlTemplate\":\"https:\/\/www.aspinov.com\/?s={search_term_string}\"},\"query-input\":{\"@type\":\"PropertyValueSpecification\",\"valueRequired\":true,\"valueName\":\"search_term_string\"}}],\"inLanguage\":\"fr-FR\"},{\"@type\":\"Organization\",\"@id\":\"https:\/\/www.aspinov.com\/#organization\",\"name\":\"Aspinov\",\"url\":\"https:\/\/www.aspinov.com\/\",\"logo\":{\"@type\":\"ImageObject\",\"inLanguage\":\"fr-FR\",\"@id\":\"https:\/\/www.aspinov.com\/#\/schema\/logo\/image\/\",\"url\":\"https:\/\/www.aspinov.com\/wp-content\/uploads\/2024\/03\/cropped-LOGO-ASPINOV-_1_.webp\",\"contentUrl\":\"https:\/\/www.aspinov.com\/wp-content\/uploads\/2024\/03\/cropped-LOGO-ASPINOV-_1_.webp\",\"width\":512,\"height\":512,\"caption\":\"Aspinov\"},\"image\":{\"@id\":\"https:\/\/www.aspinov.com\/#\/schema\/logo\/image\/\"},\"sameAs\":[\"https:\/\/www.facebook.com\/Aspinov01\/\"]}]}<\/script>\n<!-- \/ Yoast SEO plugin. -->","yoast_head_json":{"title":"Le po\u00eale 12 V\/C Elena - Aspinov","description":"Explorez le Nobis 12 V\/C Elena, un po\u00eale \u00e0 granul\u00e9s \u00e9l\u00e9gant offrant une combinaison parfaite de design moderne et d'efficacit\u00e9.","robots":{"index":"index","follow":"follow","max-snippet":"max-snippet:-1","max-image-preview":"max-image-preview:large","max-video-preview":"max-video-preview:-1"},"canonical":"https:\/\/www.aspinov.com\/index.php\/produit\/12-v-c-elena\/","og_locale":"fr_FR","og_type":"article","og_title":"Le po\u00eale 12 V\/C Elena - Aspinov","og_description":"Explorez le Nobis 12 V\/C Elena, un po\u00eale \u00e0 granul\u00e9s \u00e9l\u00e9gant offrant une combinaison parfaite de design moderne et d'efficacit\u00e9.","og_url":"https:\/\/www.aspinov.com\/index.php\/produit\/12-v-c-elena\/","og_site_name":"Aspinov","article_publisher":"https:\/\/www.facebook.com\/Aspinov01\/","article_modified_time":"2024-04-10T11:56:45+00:00","og_image":[{"width":1958,"height":2534,"url":"https:\/\/www.aspinov.com\/wp-content\/uploads\/2024\/04\/Elena_bco_Amb.webp","type":"image\/webp"}],"twitter_card":"summary_large_image","twitter_misc":{"Dur\u00e9e de lecture estim\u00e9e":"1 minute"},"schema":{"@context":"https:\/\/schema.org","@graph":[{"@type":"WebPage","@id":"https:\/\/www.aspinov.com\/index.php\/produit\/12-v-c-elena\/","url":"https:\/\/www.aspinov.com\/index.php\/produit\/12-v-c-elena\/","name":"Le po\u00eale 12 V\/C Elena - Aspinov","isPartOf":{"@id":"https:\/\/www.aspinov.com\/#website"},"primaryImageOfPage":{"@id":"https:\/\/www.aspinov.com\/index.php\/produit\/12-v-c-elena\/#primaryimage"},"image":{"@id":"https:\/\/www.aspinov.com\/index.php\/produit\/12-v-c-elena\/#primaryimage"},"thumbnailUrl":"https:\/\/www.aspinov.com\/wp-content\/uploads\/2024\/04\/Elena_bco_Amb.webp","datePublished":"2024-03-30T08:09:09+00:00","dateModified":"2024-04-10T11:56:45+00:00","description":"Explorez le Nobis 12 V\/C Elena, un po\u00eale \u00e0 granul\u00e9s \u00e9l\u00e9gant offrant une combinaison parfaite de design moderne et d'efficacit\u00e9.","breadcrumb":{"@id":"https:\/\/www.aspinov.com\/index.php\/produit\/12-v-c-elena\/#breadcrumb"},"inLanguage":"fr-FR","potentialAction":[{"@type":"ReadAction","target":["https:\/\/www.aspinov.com\/index.php\/produit\/12-v-c-elena\/"]}]},{"@type":"ImageObject","inLanguage":"fr-FR","@id":"https:\/\/www.aspinov.com\/index.php\/produit\/12-v-c-elena\/#primaryimage","url":"https:\/\/www.aspinov.com\/wp-content\/uploads\/2024\/04\/Elena_bco_Amb.webp","contentUrl":"https:\/\/www.aspinov.com\/wp-content\/uploads\/2024\/04\/Elena_bco_Amb.webp","width":1958,"height":2534,"caption":"Po\u00eales \u00e0 pellet nobis Elena_bco_Amb"},{"@type":"BreadcrumbList","@id":"https:\/\/www.aspinov.com\/index.php\/produit\/12-v-c-elena\/#breadcrumb","itemListElement":[{"@type":"ListItem","position":1,"name":"Accueil","item":"https:\/\/www.aspinov.com\/"},{"@type":"ListItem","position":2,"name":"Po\u00eales \u00e0 pellet NOBIS","item":"https:\/\/www.aspinov.com\/index.php\/poeles-a-pellet-nobis\/"},{"@type":"ListItem","position":3,"name":"Le po\u00eale 12 V\/C Elena"}]},{"@type":"WebSite","@id":"https:\/\/www.aspinov.com\/#website","url":"https:\/\/www.aspinov.com\/","name":"Aspinov","description":"","publisher":{"@id":"https:\/\/www.aspinov.com\/#organization"},"potentialAction":[{"@type":"SearchAction","target":{"@type":"EntryPoint","urlTemplate":"https:\/\/www.aspinov.com\/?s={search_term_string}"},"query-input":{"@type":"PropertyValueSpecification","valueRequired":true,"valueName":"search_term_string"}}],"inLanguage":"fr-FR"},{"@type":"Organization","@id":"https:\/\/www.aspinov.com\/#organization","name":"Aspinov","url":"https:\/\/www.aspinov.com\/","logo":{"@type":"ImageObject","inLanguage":"fr-FR","@id":"https:\/\/www.aspinov.com\/#\/schema\/logo\/image\/","url":"https:\/\/www.aspinov.com\/wp-content\/uploads\/2024\/03\/cropped-LOGO-ASPINOV-_1_.webp","contentUrl":"https:\/\/www.aspinov.com\/wp-content\/uploads\/2024\/03\/cropped-LOGO-ASPINOV-_1_.webp","width":512,"height":512,"caption":"Aspinov"},"image":{"@id":"https:\/\/www.aspinov.com\/#\/schema\/logo\/image\/"},"sameAs":["https:\/\/www.facebook.com\/Aspinov01\/"]}]}},"jetpack_sharing_enabled":true,"_links":{"self":[{"href":"https:\/\/www.aspinov.com\/index.php\/wp-json\/wp\/v2\/product\/959","targetHints":{"allow":["GET"]}}],"collection":[{"href":"https:\/\/www.aspinov.com\/index.php\/wp-json\/wp\/v2\/product"}],"about":[{"href":"https:\/\/www.aspinov.com\/index.php\/wp-json\/wp\/v2\/types\/product"}],"replies":[{"embeddable":true,"href":"https:\/\/www.aspinov.com\/index.php\/wp-json\/wp\/v2\/comments?post=959"}],"wp:featuredmedia":[{"embeddable":true,"href":"https:\/\/www.aspinov.com\/index.php\/wp-json\/wp\/v2\/media\/1004"}],"wp:attachment":[{"href":"https:\/\/www.aspinov.com\/index.php\/wp-json\/wp\/v2\/media?parent=959"}],"wp:term":[{"taxonomy":"product_cat","embeddable":true,"href":"https:\/\/www.aspinov.com\/index.php\/wp-json\/wp\/v2\/product_cat?post=959"},{"taxonomy":"product_tag","embeddable":true,"href":"https:\/\/www.aspinov.com\/index.php\/wp-json\/wp\/v2\/product_tag?post=959"}],"curies":[{"name":"wp","href":"https:\/\/api.w.org\/{rel}","templated":true}]}}